{"id":8626,"date":"2023-12-11T09:30:01","date_gmt":"2023-12-11T09:30:01","guid":{"rendered":"https:\/\/www.interiors-mnd.com\/cs\/?page_id=8626"},"modified":"2023-12-11T09:37:56","modified_gmt":"2023-12-11T09:37:56","slug":"zasady-pro-oznamovani-podezreni-z-mozneho-protipravniho-jednani-u-obchodni-korporace","status":"publish","type":"page","link":"https:\/\/www.interiors-mnd.com\/cs\/en\/zasady-pro-oznamovani-podezreni-z-mozneho-protipravniho-jednani-u-obchodni-korporace\/","title":{"rendered":"Z\u00c1SADY PRO OZNAMOV\u00c1N\u00cd PODEZ\u0158EN\u00cd Z MO\u017dN\u00c9HO PROTIPR\u00c1VN\u00cdHO JEDN\u00c1N\u00cd U OBCHODN\u00cd KORPORACE"},"content":{"rendered":"<div data-elementor-type=\"wp-page\" data-elementor-id=\"8626\" class=\"elementor elementor-8626\" data-elementor-post-type=\"page\">\n\t\t\t\t\t\t<section class=\"elementor-section elementor-top-section elementor-element elementor-element-c616602 elementor-section-boxed elementor-section-height-default elementor-section-height-default\" data-id=\"c616602\" data-element_type=\"section\" data-settings=\"{&quot;background_background&quot;:&quot;classic&quot;,&quot;jet_parallax_layout_list&quot;:[]}\">\n\t\t\t\t\t\t<div class=\"elementor-container elementor-column-gap-default\">\n\t\t\t\t\t<div class=\"elementor-column elementor-col-100 elementor-top-column elementor-element elementor-element-443d6f9\" data-id=\"443d6f9\" data-element_type=\"column\">\n\t\t\t<div class=\"elementor-widget-wrap elementor-element-populated\">\n\t\t\t\t\t\t<div class=\"elementor-element elementor-element-e85b1cd elementor-widget elementor-widget-heading\" data-id=\"e85b1cd\" data-element_type=\"widget\" data-widget_type=\"heading.default\">\n\t\t\t\t<div class=\"elementor-widget-container\">\n\t\t\t\t\t<h1 class=\"elementor-heading-title elementor-size-default\">Z\u00e1sady pro oznamov\u00e1n\u00ed podez\u0159en\u00ed z mo\u017en\u00e9ho protipr\u00e1vn\u00edho jedn\u00e1n\u00ed u obchodn\u00ed korporace<\/h1>\t\t\t\t<\/div>\n\t\t\t\t<\/div>\n\t\t\t\t<div class=\"elementor-element elementor-element-0a52f54 elementor-widget-divider--view-line elementor-widget elementor-widget-divider\" data-id=\"0a52f54\" data-element_type=\"widget\" data-widget_type=\"divider.default\">\n\t\t\t\t<div class=\"elementor-widget-container\">\n\t\t\t\t\t\t\t<div class=\"elementor-divider\">\n\t\t\t<span class=\"elementor-divider-separator\">\n\t\t\t\t\t\t<\/span>\n\t\t<\/div>\n\t\t\t\t\t\t<\/div>\n\t\t\t\t<\/div>\n\t\t\t\t\t<\/div>\n\t\t<\/div>\n\t\t\t\t\t<\/div>\n\t\t<\/section>\n\t\t\t\t<section class=\"elementor-section elementor-top-section elementor-element elementor-element-faa60ca elementor-section-boxed elementor-section-height-default elementor-section-height-default\" data-id=\"faa60ca\" data-element_type=\"section\" data-settings=\"{&quot;jet_parallax_layout_list&quot;:[]}\">\n\t\t\t\t\t\t<div class=\"elementor-container elementor-column-gap-default\">\n\t\t\t\t\t<div class=\"elementor-column elementor-col-100 elementor-top-column elementor-element elementor-element-2a0f72a\" data-id=\"2a0f72a\" data-element_type=\"column\">\n\t\t\t<div class=\"elementor-widget-wrap elementor-element-populated\">\n\t\t\t\t\t\t<div class=\"elementor-element elementor-element-5f0b253 elementor-widget elementor-widget-text-editor\" data-id=\"5f0b253\" data-element_type=\"widget\" data-widget_type=\"text-editor.default\">\n\t\t\t\t<div class=\"elementor-widget-container\">\n\t\t\t\t\t\t\t\t\t<p><b>INTERIORS manufacture&amp;design a.s. (d\u00e1le jen \u201eIMD\u201c a\/nebo \u201eSpole\u010dnost\u201c), se s\u00eddlem Kasejovice 337, 335 44 Kasejovice, I\u010c: 290 96\u00a0227, DI\u010c: CZ29096227, zapsan\u00e9 v\u00a0obchodn\u00edm rejst\u0159\u00edku veden\u00e9m Krajsk\u00fdm soudem v\u00a0Plzni, odd\u00edl C, vlo\u017eka 24459<\/b><\/p><p><strong>1. \u00davodn\u00ed ustanoven\u00ed<\/strong><\/p><p><span style=\"font-weight: 400;\">Spole\u010dnost t\u011bmito z\u00e1sadami pro ozn\u00e1men\u00ed podez\u0159en\u00ed z\u00a0mo\u017en\u00e9ho protipr\u00e1vn\u00edho jedn\u00e1n\u00ed u Spole\u010dnosti (d\u00e1le jen \u201eZ\u00e1sady\u201c) rozv\u00edj\u00ed pravidla pro oznamov\u00e1n\u00ed podez\u0159en\u00ed z\u00a0mo\u017en\u00e9ho protipr\u00e1vn\u00edho jedn\u00e1n\u00ed upraven\u00fdch v intern\u00ed Sm\u011brnici o ochran\u011b oznamovatel\u016f Spole\u010dnosti v\u00a0platn\u00e9m a \u00fa\u010dinn\u00e9m zn\u011bn\u00ed, se kterou byly v\u0161echny dot\u010den\u00e9 osoby sezn\u00e1meny.<\/span><\/p><p><b>2. Oznamovatel<\/b><\/p><p><span style=\"font-weight: 400;\">Oznamovatelem m\u016f\u017ee b\u00fdt fyzick\u00e1 osoba, kter\u00e1 z\u00edskala informace o protipr\u00e1vn\u00edm jedn\u00e1n\u00ed v\u00a0souvislosti s\u00a0\u010dinnost\u00ed pro Spole\u010dnost. Je j\u00edm tedy p\u0159edev\u0161\u00edm sou\u010dasn\u00fd, b\u00fdval\u00fd, nebo budouc\u00ed zam\u011bstnanec, uchaze\u010d o pr\u00e1ci, spole\u010dn\u00edk, \u010dlen org\u00e1n\u016f, dodavatel\u00e9 \u010di subdodavatel\u00e9.<\/span><\/p><p><span style=\"font-weight: 400;\">V\u00a0p\u0159\u00edpad\u011b, \u017ee oznamovatel ozn\u00e1m\u00ed podez\u0159el\u00e9 protipr\u00e1vn\u00ed jedn\u00e1n\u00ed, Spole\u010dnost prohla\u0161uje, \u017ee proti oznamovateli ani jeho osob\u00e1m bl\u00edzk\u00fdm, nebude podnikat odvetn\u00e1 opat\u0159en\u00ed v\u00a0souvislosti s\u00a0ozn\u00e1men\u00edm podez\u0159en\u00ed.<\/span><\/p><p><span style=\"font-weight: 400;\">Odvetn\u00fdm opat\u0159en\u00edm je jak\u00e9koliv jedn\u00e1n\u00ed v\u00a0souvislosti s\u00a0prac\u00ed nebo jinou obdobnou \u010dinnost\u00ed oznamovatele, a kter\u00e9 bylo vyvol\u00e1no ozn\u00e1men\u00edm a kter\u00e9 m\u016f\u017ee zp\u016fsobit \u00fajmu oznamovateli.<\/span><\/p><p><span style=\"font-weight: 400;\">Ozn\u00e1men\u00ed lze u\u010dinit i anonymn\u011b, v\u00a0takov\u00e9m p\u0159\u00edpad\u011b Spole\u010dnost prohla\u0161uje, \u017ee nebude p\u00e1trat po identit\u011b oznamovatele.\u00a0<\/span><\/p><p><b>3. P\u0159\u00edslu\u0161n\u00e1 osoba<\/b><\/p><p><span style=\"font-weight: 400;\">P\u0159ij\u00edm\u00e1n\u00edm a posuzov\u00e1n\u00edm ozn\u00e1men\u00ed ohledn\u011b mo\u017en\u00fdch protipr\u00e1vn\u00edch jedn\u00e1n\u00ed v\u00a0r\u00e1mci Spole\u010dnosti je pov\u011b\u0159ena externistka <\/span><b>Mgr. et Mgr. Petra \u0160r\u00e1mkov\u00e1 Harantov\u00e1, H\u00e1lkova 1229\/44, Plze\u0148, tel.: 00420608104100, Email: oznameni@interiors-mnd.com<\/b><span style=\"font-weight: 400;\"> (d\u00e1le \u201ep\u0159\u00edslu\u0161n\u00e1 osoba\u201c).<\/span><\/p><p><span style=\"font-weight: 400;\">Pokud p\u0159\u00edslu\u0161n\u00e1 osoba shled\u00e1 ozn\u00e1men\u00ed jako d\u016fvodn\u00e9, navrhne n\u00e1pravu vznikl\u00e9 situace nebo postup k\u00a0p\u0159edejit\u00ed protipr\u00e1vn\u00edho stavu.<\/span><\/p><p><span style=\"font-weight: 400;\">P\u0159\u00edslu\u0161n\u00e1 osoba je p\u0159i v\u00fdkonu sv\u00e9 \u010dinnosti dle t\u011bchto Z\u00e1sad nestrann\u00e1 a je povinna zachov\u00e1vat ml\u010denlivost o skute\u010dnostech, o kter\u00fdch se dozv\u00ed p\u0159i v\u00fdkonu sv\u00e9 funkce.<\/span><\/p><p><span style=\"font-weight: 400;\">P\u0159\u00edslu\u0161n\u00e1 osoba zachov\u00e1v\u00e1 p\u0159\u00edsnou d\u016fv\u011brnost ve vztahu k\u00a0toto\u017enosti oznamovatele, k\u00a0\u00fadaj\u016fm o dal\u0161\u00edch fyzick\u00fdch osob\u00e1ch i ve vztahu k\u00a0informac\u00edm v\u00a0ozn\u00e1men\u00ed uveden\u00fdch.<\/span><\/p><p><span style=\"font-weight: 400;\">Spole\u010dnost prohla\u0161uje, \u017ee p\u0159\u00edslu\u0161n\u00e1 osoba nebude za \u0159\u00e1dn\u00fd v\u00fdkon sv\u00e9 \u010dinnosti postihov\u00e1na.<\/span><\/p><p><b>4. Ozn\u00e1men\u00ed a postup p\u0159ijet\u00ed ozn\u00e1men\u00ed<\/b><\/p><p><span style=\"font-weight: 400;\">Ozn\u00e1men\u00ed lze prov\u00e9st prost\u0159ednictv\u00edm:<\/span><\/p><ul><li style=\"font-weight: 400;\" aria-level=\"1\"><span style=\"font-weight: 400;\">Email: <\/span><strong><a href=\"mailto:oznameni@interiors-mnd.com\">oznameni@interiors-mnd.com<\/a><\/strong><\/li><li style=\"font-weight: 400;\" aria-level=\"1\"><span style=\"font-weight: 400;\">Telefonicky na telefonn\u00ed \u010d\u00edslo: <strong>00420608104100<\/strong><\/span><\/li><li style=\"font-weight: 400;\" aria-level=\"1\"><span style=\"font-weight: 400;\">Na adresu: Mgr. et Mgr. Petra \u0160r\u00e1mkov\u00e1 Harantov\u00e1, advok\u00e1tka, se s\u00eddlem H\u00e1lkova 1229\/44, Plze\u0148- doporu\u010den\u00fdm dopisem dle formul\u00e1\u0159e ozn\u00e1men\u00ed<\/span><\/li><li style=\"font-weight: 400;\" aria-level=\"1\"><span style=\"font-weight: 400;\">k\u00a0ozn\u00e1men\u00ed lze pou\u017e\u00edt formul\u00e1\u0159\u00a0<\/span><\/li><\/ul>\t\t\t\t\t\t\t\t<\/div>\n\t\t\t\t<\/div>\n\t\t\t\t\t<\/div>\n\t\t<\/div>\n\t\t\t\t\t<\/div>\n\t\t<\/section>\n\t\t\t\t<\/div>","protected":false},"excerpt":{"rendered":"<p>Z\u00e1sady pro oznamov\u00e1n\u00ed podez\u0159en\u00ed z mo\u017en\u00e9ho protipr\u00e1vn\u00edho jedn\u00e1n\u00ed u obchodn\u00ed korporace INTERIORS manufacture&amp;design a.s. (d\u00e1le jen \u201eIMD\u201c a\/nebo \u201eSpole\u010dnost\u201c), se s\u00eddlem Kasejovice 337, 335 44 Kasejovice, I\u010c: 290 96\u00a0227, DI\u010c: CZ29096227, zapsan\u00e9 v\u00a0obchodn\u00edm rejst\u0159\u00edku veden\u00e9m Krajsk\u00fdm soudem v\u00a0Plzni, odd\u00edl C, vlo\u017eka 24459 1. \u00davodn\u00ed ustanoven\u00ed Spole\u010dnost t\u011bmito z\u00e1sadami pro ozn\u00e1men\u00ed podez\u0159en\u00ed z\u00a0mo\u017en\u00e9ho protipr\u00e1vn\u00edho jedn\u00e1n\u00ed u [&hellip;]<\/p>\n","protected":false},"author":1,"featured_media":0,"parent":0,"menu_order":0,"comment_status":"closed","ping_status":"closed","template":"","meta":{"inline_featured_image":false,"footnotes":""},"class_list":["post-8626","page","type-page","status-publish","hentry"],"yoast_head":"<!-- This site is optimized with the Yoast SEO plugin v27.3 - https:\/\/yoast.com\/product\/yoast-seo-wordpress\/ -->\n<title>Z\u00c1SADY PRO OZNAMOV\u00c1N\u00cd PODEZ\u0158EN\u00cd Z MO\u017dN\u00c9HO PROTIPR\u00c1VN\u00cdHO JEDN\u00c1N\u00cd U OBCHODN\u00cd KORPORACE | Interiors MND<\/title>\n<meta name=\"robots\" content=\"index, follow, max-snippet:-1, max-image-preview:large, max-video-preview:-1\" \/>\n<link rel=\"canonical\" href=\"https:\/\/www.interiors-mnd.com\/cs\/en\/zasady-pro-oznamovani-podezreni-z-mozneho-protipravniho-jednani-u-obchodni-korporace\/\" \/>\n<meta property=\"og:locale\" content=\"en_GB\" \/>\n<meta property=\"og:type\" content=\"article\" \/>\n<meta property=\"og:title\" content=\"Z\u00c1SADY PRO OZNAMOV\u00c1N\u00cd PODEZ\u0158EN\u00cd Z MO\u017dN\u00c9HO PROTIPR\u00c1VN\u00cdHO JEDN\u00c1N\u00cd U OBCHODN\u00cd KORPORACE | Interiors MND\" \/>\n<meta property=\"og:description\" content=\"Z\u00e1sady pro oznamov\u00e1n\u00ed podez\u0159en\u00ed z mo\u017en\u00e9ho protipr\u00e1vn\u00edho jedn\u00e1n\u00ed u obchodn\u00ed korporace INTERIORS manufacture&amp;design a.s. (d\u00e1le jen \u201eIMD\u201c a\/nebo \u201eSpole\u010dnost\u201c), se s\u00eddlem Kasejovice 337, 335 44 Kasejovice, I\u010c: 290 96\u00a0227, DI\u010c: CZ29096227, zapsan\u00e9 v\u00a0obchodn\u00edm rejst\u0159\u00edku veden\u00e9m Krajsk\u00fdm soudem v\u00a0Plzni, odd\u00edl C, vlo\u017eka 24459 1. \u00davodn\u00ed ustanoven\u00ed Spole\u010dnost t\u011bmito z\u00e1sadami pro ozn\u00e1men\u00ed podez\u0159en\u00ed z\u00a0mo\u017en\u00e9ho protipr\u00e1vn\u00edho jedn\u00e1n\u00ed u [&hellip;]\" \/>\n<meta property=\"og:url\" content=\"https:\/\/www.interiors-mnd.com\/cs\/en\/zasady-pro-oznamovani-podezreni-z-mozneho-protipravniho-jednani-u-obchodni-korporace\/\" \/>\n<meta property=\"og:site_name\" content=\"Interiors MND\" \/>\n<meta property=\"article:modified_time\" content=\"2023-12-11T09:37:56+00:00\" \/>\n<meta name=\"twitter:card\" content=\"summary_large_image\" \/>\n<meta name=\"twitter:label1\" content=\"Estimated reading time\" \/>\n\t<meta name=\"twitter:data1\" content=\"2 minutes\" \/>\n<script type=\"application\/ld+json\" class=\"yoast-schema-graph\">{\"@context\":\"https:\\\/\\\/schema.org\",\"@graph\":[{\"@type\":\"WebPage\",\"@id\":\"https:\\\/\\\/www.interiors-mnd.com\\\/cs\\\/zasady-pro-oznamovani-podezreni-z-mozneho-protipravniho-jednani-u-obchodni-korporace\\\/\",\"url\":\"https:\\\/\\\/www.interiors-mnd.com\\\/cs\\\/zasady-pro-oznamovani-podezreni-z-mozneho-protipravniho-jednani-u-obchodni-korporace\\\/\",\"name\":\"Z\u00c1SADY PRO OZNAMOV\u00c1N\u00cd PODEZ\u0158EN\u00cd Z MO\u017dN\u00c9HO PROTIPR\u00c1VN\u00cdHO JEDN\u00c1N\u00cd U OBCHODN\u00cd KORPORACE | Interiors MND\",\"isPartOf\":{\"@id\":\"https:\\\/\\\/www.interiors-mnd.com\\\/cs\\\/#website\"},\"datePublished\":\"2023-12-11T09:30:01+00:00\",\"dateModified\":\"2023-12-11T09:37:56+00:00\",\"breadcrumb\":{\"@id\":\"https:\\\/\\\/www.interiors-mnd.com\\\/cs\\\/zasady-pro-oznamovani-podezreni-z-mozneho-protipravniho-jednani-u-obchodni-korporace\\\/#breadcrumb\"},\"inLanguage\":\"en-GB\",\"potentialAction\":[{\"@type\":\"ReadAction\",\"target\":[\"https:\\\/\\\/www.interiors-mnd.com\\\/cs\\\/zasady-pro-oznamovani-podezreni-z-mozneho-protipravniho-jednani-u-obchodni-korporace\\\/\"]}]},{\"@type\":\"BreadcrumbList\",\"@id\":\"https:\\\/\\\/www.interiors-mnd.com\\\/cs\\\/zasady-pro-oznamovani-podezreni-z-mozneho-protipravniho-jednani-u-obchodni-korporace\\\/#breadcrumb\",\"itemListElement\":[{\"@type\":\"ListItem\",\"position\":1,\"name\":\"Dom\u016f\",\"item\":\"https:\\\/\\\/www.interiors-mnd.com\\\/cs\\\/\"},{\"@type\":\"ListItem\",\"position\":2,\"name\":\"Z\u00c1SADY PRO OZNAMOV\u00c1N\u00cd PODEZ\u0158EN\u00cd Z MO\u017dN\u00c9HO PROTIPR\u00c1VN\u00cdHO JEDN\u00c1N\u00cd U OBCHODN\u00cd KORPORACE\"}]},{\"@type\":\"WebSite\",\"@id\":\"https:\\\/\\\/www.interiors-mnd.com\\\/cs\\\/#website\",\"url\":\"https:\\\/\\\/www.interiors-mnd.com\\\/cs\\\/\",\"name\":\"Interiors MND\",\"description\":\"Komplexn\u00ed \u0159e\u0161en\u00ed interi\u00e9r\u016f kdekoliv na sv\u011bt\u011b\",\"publisher\":{\"@id\":\"https:\\\/\\\/www.interiors-mnd.com\\\/cs\\\/#organization\"},\"potentialAction\":[{\"@type\":\"SearchAction\",\"target\":{\"@type\":\"EntryPoint\",\"urlTemplate\":\"https:\\\/\\\/www.interiors-mnd.com\\\/cs\\\/?s={search_term_string}\"},\"query-input\":{\"@type\":\"PropertyValueSpecification\",\"valueRequired\":true,\"valueName\":\"search_term_string\"}}],\"inLanguage\":\"en-GB\"},{\"@type\":\"Organization\",\"@id\":\"https:\\\/\\\/www.interiors-mnd.com\\\/cs\\\/#organization\",\"name\":\"Interiors MND\",\"url\":\"https:\\\/\\\/www.interiors-mnd.com\\\/cs\\\/\",\"logo\":{\"@type\":\"ImageObject\",\"inLanguage\":\"en-GB\",\"@id\":\"https:\\\/\\\/www.interiors-mnd.com\\\/cs\\\/#\\\/schema\\\/logo\\\/image\\\/\",\"url\":\"https:\\\/\\\/www.interiors-mnd.com\\\/wp-content\\\/uploads\\\/2023\\\/03\\\/logo.png\",\"contentUrl\":\"https:\\\/\\\/www.interiors-mnd.com\\\/wp-content\\\/uploads\\\/2023\\\/03\\\/logo.png\",\"width\":232,\"height\":65,\"caption\":\"Interiors MND\"},\"image\":{\"@id\":\"https:\\\/\\\/www.interiors-mnd.com\\\/cs\\\/#\\\/schema\\\/logo\\\/image\\\/\"}}]}<\/script>\n<!-- \/ Yoast SEO plugin. -->","yoast_head_json":{"title":"Z\u00c1SADY PRO OZNAMOV\u00c1N\u00cd PODEZ\u0158EN\u00cd Z MO\u017dN\u00c9HO PROTIPR\u00c1VN\u00cdHO JEDN\u00c1N\u00cd U OBCHODN\u00cd KORPORACE | Interiors MND","robots":{"index":"index","follow":"follow","max-snippet":"max-snippet:-1","max-image-preview":"max-image-preview:large","max-video-preview":"max-video-preview:-1"},"canonical":"https:\/\/www.interiors-mnd.com\/cs\/en\/zasady-pro-oznamovani-podezreni-z-mozneho-protipravniho-jednani-u-obchodni-korporace\/","og_locale":"en_GB","og_type":"article","og_title":"Z\u00c1SADY PRO OZNAMOV\u00c1N\u00cd PODEZ\u0158EN\u00cd Z MO\u017dN\u00c9HO PROTIPR\u00c1VN\u00cdHO JEDN\u00c1N\u00cd U OBCHODN\u00cd KORPORACE | Interiors MND","og_description":"Z\u00e1sady pro oznamov\u00e1n\u00ed podez\u0159en\u00ed z mo\u017en\u00e9ho protipr\u00e1vn\u00edho jedn\u00e1n\u00ed u obchodn\u00ed korporace INTERIORS manufacture&amp;design a.s. (d\u00e1le jen \u201eIMD\u201c a\/nebo \u201eSpole\u010dnost\u201c), se s\u00eddlem Kasejovice 337, 335 44 Kasejovice, I\u010c: 290 96\u00a0227, DI\u010c: CZ29096227, zapsan\u00e9 v\u00a0obchodn\u00edm rejst\u0159\u00edku veden\u00e9m Krajsk\u00fdm soudem v\u00a0Plzni, odd\u00edl C, vlo\u017eka 24459 1. \u00davodn\u00ed ustanoven\u00ed Spole\u010dnost t\u011bmito z\u00e1sadami pro ozn\u00e1men\u00ed podez\u0159en\u00ed z\u00a0mo\u017en\u00e9ho protipr\u00e1vn\u00edho jedn\u00e1n\u00ed u [&hellip;]","og_url":"https:\/\/www.interiors-mnd.com\/cs\/en\/zasady-pro-oznamovani-podezreni-z-mozneho-protipravniho-jednani-u-obchodni-korporace\/","og_site_name":"Interiors MND","article_modified_time":"2023-12-11T09:37:56+00:00","twitter_card":"summary_large_image","twitter_misc":{"Estimated reading time":"2 minutes"},"schema":{"@context":"https:\/\/schema.org","@graph":[{"@type":"WebPage","@id":"https:\/\/www.interiors-mnd.com\/cs\/zasady-pro-oznamovani-podezreni-z-mozneho-protipravniho-jednani-u-obchodni-korporace\/","url":"https:\/\/www.interiors-mnd.com\/cs\/zasady-pro-oznamovani-podezreni-z-mozneho-protipravniho-jednani-u-obchodni-korporace\/","name":"Z\u00c1SADY PRO OZNAMOV\u00c1N\u00cd PODEZ\u0158EN\u00cd Z MO\u017dN\u00c9HO PROTIPR\u00c1VN\u00cdHO JEDN\u00c1N\u00cd U OBCHODN\u00cd KORPORACE | Interiors MND","isPartOf":{"@id":"https:\/\/www.interiors-mnd.com\/cs\/#website"},"datePublished":"2023-12-11T09:30:01+00:00","dateModified":"2023-12-11T09:37:56+00:00","breadcrumb":{"@id":"https:\/\/www.interiors-mnd.com\/cs\/zasady-pro-oznamovani-podezreni-z-mozneho-protipravniho-jednani-u-obchodni-korporace\/#breadcrumb"},"inLanguage":"en-GB","potentialAction":[{"@type":"ReadAction","target":["https:\/\/www.interiors-mnd.com\/cs\/zasady-pro-oznamovani-podezreni-z-mozneho-protipravniho-jednani-u-obchodni-korporace\/"]}]},{"@type":"BreadcrumbList","@id":"https:\/\/www.interiors-mnd.com\/cs\/zasady-pro-oznamovani-podezreni-z-mozneho-protipravniho-jednani-u-obchodni-korporace\/#breadcrumb","itemListElement":[{"@type":"ListItem","position":1,"name":"Dom\u016f","item":"https:\/\/www.interiors-mnd.com\/cs\/"},{"@type":"ListItem","position":2,"name":"Z\u00c1SADY PRO OZNAMOV\u00c1N\u00cd PODEZ\u0158EN\u00cd Z MO\u017dN\u00c9HO PROTIPR\u00c1VN\u00cdHO JEDN\u00c1N\u00cd U OBCHODN\u00cd KORPORACE"}]},{"@type":"WebSite","@id":"https:\/\/www.interiors-mnd.com\/cs\/#website","url":"https:\/\/www.interiors-mnd.com\/cs\/","name":"Interiors MND","description":"Komplexn\u00ed \u0159e\u0161en\u00ed interi\u00e9r\u016f kdekoliv na sv\u011bt\u011b","publisher":{"@id":"https:\/\/www.interiors-mnd.com\/cs\/#organization"},"potentialAction":[{"@type":"SearchAction","target":{"@type":"EntryPoint","urlTemplate":"https:\/\/www.interiors-mnd.com\/cs\/?s={search_term_string}"},"query-input":{"@type":"PropertyValueSpecification","valueRequired":true,"valueName":"search_term_string"}}],"inLanguage":"en-GB"},{"@type":"Organization","@id":"https:\/\/www.interiors-mnd.com\/cs\/#organization","name":"Interiors MND","url":"https:\/\/www.interiors-mnd.com\/cs\/","logo":{"@type":"ImageObject","inLanguage":"en-GB","@id":"https:\/\/www.interiors-mnd.com\/cs\/#\/schema\/logo\/image\/","url":"https:\/\/www.interiors-mnd.com\/wp-content\/uploads\/2023\/03\/logo.png","contentUrl":"https:\/\/www.interiors-mnd.com\/wp-content\/uploads\/2023\/03\/logo.png","width":232,"height":65,"caption":"Interiors MND"},"image":{"@id":"https:\/\/www.interiors-mnd.com\/cs\/#\/schema\/logo\/image\/"}}]}},"_links":{"self":[{"href":"https:\/\/www.interiors-mnd.com\/cs\/en\/wp-json\/wp\/v2\/pages\/8626","targetHints":{"allow":["GET"]}}],"collection":[{"href":"https:\/\/www.interiors-mnd.com\/cs\/en\/wp-json\/wp\/v2\/pages"}],"about":[{"href":"https:\/\/www.interiors-mnd.com\/cs\/en\/wp-json\/wp\/v2\/types\/page"}],"author":[{"embeddable":true,"href":"https:\/\/www.interiors-mnd.com\/cs\/en\/wp-json\/wp\/v2\/users\/1"}],"replies":[{"embeddable":true,"href":"https:\/\/www.interiors-mnd.com\/cs\/en\/wp-json\/wp\/v2\/comments?post=8626"}],"version-history":[{"count":11,"href":"https:\/\/www.interiors-mnd.com\/cs\/en\/wp-json\/wp\/v2\/pages\/8626\/revisions"}],"predecessor-version":[{"id":8637,"href":"https:\/\/www.interiors-mnd.com\/cs\/en\/wp-json\/wp\/v2\/pages\/8626\/revisions\/8637"}],"wp:attachment":[{"href":"https:\/\/www.interiors-mnd.com\/cs\/en\/wp-json\/wp\/v2\/media?parent=8626"}],"curies":[{"name":"wp","href":"https:\/\/api.w.org\/{rel}","templated":true}]}}