{"id":641,"date":"2023-04-20T11:40:09","date_gmt":"2023-04-20T11:40:09","guid":{"rendered":"http:\/\/interiorsmnd.digitaldepo.cz.server.digitaldepo.cz\/?page_id=641"},"modified":"2023-11-22T14:01:59","modified_gmt":"2023-11-22T14:01:59","slug":"vyroba-interieru","status":"publish","type":"page","link":"https:\/\/www.interiors-mnd.com\/cs\/en\/vyroba-interieru\/","title":{"rendered":"V\u00fdroba interi\u00e9ru"},"content":{"rendered":"\t\t<div data-elementor-type=\"wp-page\" data-elementor-id=\"641\" class=\"elementor elementor-641\" data-elementor-post-type=\"page\">\n\t\t\t\t\t\t<section class=\"elementor-section elementor-top-section elementor-element elementor-element-015d1f0 elementor-section-height-min-height elementor-section-items-top elementor-section-boxed elementor-section-height-default\" data-id=\"015d1f0\" data-element_type=\"section\" data-settings=\"{&quot;background_background&quot;:&quot;classic&quot;,&quot;jet_parallax_layout_list&quot;:[]}\">\n\t\t\t\t\t\t<div class=\"elementor-container elementor-column-gap-default\">\n\t\t\t\t\t<div class=\"elementor-column elementor-col-50 elementor-top-column elementor-element elementor-element-d872e09\" data-id=\"d872e09\" data-element_type=\"column\">\n\t\t\t<div class=\"elementor-widget-wrap elementor-element-populated\">\n\t\t\t\t\t\t<div class=\"elementor-element elementor-element-d28c8e1 elementor-widget elementor-widget-heading\" data-id=\"d28c8e1\" data-element_type=\"widget\" data-widget_type=\"heading.default\">\n\t\t\t\t<div class=\"elementor-widget-container\">\n\t\t\t\t\t<h1 class=\"elementor-heading-title elementor-size-default\">V\u00fdroba interi\u00e9ru<\/h1>\t\t\t\t<\/div>\n\t\t\t\t<\/div>\n\t\t\t\t<div class=\"elementor-element elementor-element-013dec1 elementor-widget-divider--view-line elementor-widget elementor-widget-divider\" data-id=\"013dec1\" data-element_type=\"widget\" data-widget_type=\"divider.default\">\n\t\t\t\t<div class=\"elementor-widget-container\">\n\t\t\t\t\t\t\t<div class=\"elementor-divider\">\n\t\t\t<span class=\"elementor-divider-separator\">\n\t\t\t\t\t\t<\/span>\n\t\t<\/div>\n\t\t\t\t\t\t<\/div>\n\t\t\t\t<\/div>\n\t\t\t\t<div class=\"elementor-element elementor-element-8619daa elementor-widget__width-initial elementor-widget elementor-widget-text-editor\" data-id=\"8619daa\" data-element_type=\"widget\" data-widget_type=\"text-editor.default\">\n\t\t\t\t<div class=\"elementor-widget-container\">\n\t\t\t\t\t\t\t\t\t<p>Kvalitu a preciznost zpracov\u00e1n\u00ed p\u0159i zachov\u00e1n\u00ed nejkrat\u0161\u00edho mo\u017en\u00e9ho term\u00ednu dod\u00e1n\u00ed zaji\u0161\u0165ujeme v na\u0161ich v\u00fdrobn\u00edch hal\u00e1ch vybaven\u00fdch modern\u00edmi stroji renomovan\u00fdch v\u00fdrobc\u016f, kter\u00e9 obsluhuj\u00ed profesion\u00e1lov\u00e9 s dlouholet\u00fdmi zku\u0161enostmi v oboru. Pln\u011b vybavenou v\u00fdrobu pro truhl\u00e1\u0159skou produkci dopl\u0148uje vlastn\u00ed kovov\u00fdroba, lakovna pro lakov\u00e1n\u00ed pr\u00e1\u0161kovou i mokrou cestou a specializovan\u00e9 pracovi\u0161t\u011b pro zpracov\u00e1n\u00ed um\u011bl\u00e9ho kamene, jako jsou Hi-macs \u010di Krion.<\/p><p>Komplexn\u011b tak dok\u00e1\u017eeme splnit i ty nejn\u00e1ro\u010dn\u011bj\u0161\u00ed po\u017eadavky investor\u016f, z\u00e1kazn\u00edk\u016f \u010di architekt\u016f. Slo\u017eit\u00fd proces v\u00fdroby jsme maxim\u00e1ln\u011b zefektivnili za pomoci softwarov\u00fdch n\u00e1stroj\u016f a IT aplikac\u00ed, kter\u00e9 vyu\u017e\u00edv\u00e1me nap\u0159\u00ed\u010d celou firmou.<\/p>\t\t\t\t\t\t\t\t<\/div>\n\t\t\t\t<\/div>\n\t\t\t\t\t<\/div>\n\t\t<\/div>\n\t\t\t\t<div class=\"elementor-column elementor-col-50 elementor-top-column elementor-element elementor-element-15405b2 elementor-hidden-mobile\" data-id=\"15405b2\" data-element_type=\"column\" data-settings=\"{&quot;background_background&quot;:&quot;classic&quot;}\">\n\t\t\t<div class=\"elementor-widget-wrap elementor-element-populated\">\n\t\t\t\t\t\t<div class=\"elementor-element elementor-element-32b48a5 elementor-widget__width-initial elementor-widget-tablet__width-initial elementor-widget elementor-widget-video\" data-id=\"32b48a5\" data-element_type=\"widget\" data-settings=\"{&quot;video_type&quot;:&quot;hosted&quot;,&quot;autoplay&quot;:&quot;yes&quot;,&quot;loop&quot;:&quot;yes&quot;,&quot;mute&quot;:&quot;yes&quot;}\" data-widget_type=\"video.default\">\n\t\t\t\t<div class=\"elementor-widget-container\">\n\t\t\t\t\t\t\t<div class=\"e-hosted-video elementor-wrapper elementor-open-inline\">\n\t\t\t\t\t<video class=\"elementor-video\" src=\"https:\/\/www.interiors-mnd.com\/wp-content\/uploads\/2023\/05\/vyroba.mp4\" autoplay=\"\" loop=\"\" muted=\"muted\" controlsList=\"nodownload\"><\/video>\n\t\t\t\t<\/div>\n\t\t\t\t\t\t<\/div>\n\t\t\t\t<\/div>\n\t\t\t\t\t<\/div>\n\t\t<\/div>\n\t\t\t\t\t<\/div>\n\t\t<\/section>\n\t\t\t\t<section class=\"elementor-section elementor-top-section elementor-element elementor-element-acf385a elementor-section-boxed elementor-section-height-default elementor-section-height-default\" data-id=\"acf385a\" data-element_type=\"section\" data-settings=\"{&quot;jet_parallax_layout_list&quot;:[]}\">\n\t\t\t\t\t\t<div class=\"elementor-container elementor-column-gap-default\">\n\t\t\t\t\t<div class=\"elementor-column elementor-col-50 elementor-top-column elementor-element elementor-element-91a673f\" data-id=\"91a673f\" data-element_type=\"column\">\n\t\t\t<div class=\"elementor-widget-wrap elementor-element-populated\">\n\t\t\t\t\t\t<div class=\"elementor-element elementor-element-aae9752 elementor-cta--valign-middle elementor-cta--layout-image-above elementor-widget-tablet__width-initial elementor-cta--skin-classic elementor-bg-transform elementor-bg-transform-zoom-in elementor-widget elementor-widget-call-to-action\" data-id=\"aae9752\" data-element_type=\"widget\" data-widget_type=\"call-to-action.default\">\n\t\t\t\t<div class=\"elementor-widget-container\">\n\t\t\t\t\t\t\t<div class=\"elementor-cta\">\n\t\t\t\t\t<div class=\"elementor-cta__bg-wrapper\">\n\t\t\t\t<div class=\"elementor-cta__bg elementor-bg\" style=\"background-image: url(https:\/\/www.interiors-mnd.com\/wp-content\/uploads\/2023\/10\/DSC00444-1-1-scaled.jpg);\" role=\"img\" aria-label=\"DSC00444 (1) (1)\"><\/div>\n\t\t\t\t<div class=\"elementor-cta__bg-overlay\"><\/div>\n\t\t\t<\/div>\n\t\t\t\t\t\t\t\t<\/div>\n\t\t\t\t\t\t<\/div>\n\t\t\t\t<\/div>\n\t\t\t\t\t<\/div>\n\t\t<\/div>\n\t\t\t\t<div class=\"elementor-column elementor-col-50 elementor-top-column elementor-element elementor-element-1e443a4\" data-id=\"1e443a4\" data-element_type=\"column\">\n\t\t\t<div class=\"elementor-widget-wrap elementor-element-populated\">\n\t\t\t\t\t\t<div class=\"elementor-element elementor-element-706fa38 elementor-widget elementor-widget-heading\" data-id=\"706fa38\" data-element_type=\"widget\" data-widget_type=\"heading.default\">\n\t\t\t\t<div class=\"elementor-widget-container\">\n\t\t\t\t\t<h2 class=\"elementor-heading-title elementor-size-default\">V\u00fdroba n\u00e1bytku<\/h2>\t\t\t\t<\/div>\n\t\t\t\t<\/div>\n\t\t\t\t<div class=\"elementor-element elementor-element-ac33ff8 elementor-widget elementor-widget-text-editor\" data-id=\"ac33ff8\" data-element_type=\"widget\" data-widget_type=\"text-editor.default\">\n\t\t\t\t<div class=\"elementor-widget-container\">\n\t\t\t\t\t\t\t\t\t<div class=\"box-2\"><p>Na\u0161e\u00a0<strong>vlastn\u00ed truhl\u00e1\u0159sk\u00e1 d\u00edlna<\/strong>\u00a0je vybavena nejmodern\u011bj\u0161\u00edmi technologiemi pro\u00a0<strong>zak\u00e1zkovou v\u00fdrobu n\u00e1bytku<\/strong>. To n\u00e1m umo\u017e\u0148uje zam\u011b\u0159it se p\u0159i truhl\u00e1\u0159sk\u00e9 v\u00fdrob\u011b n\u00e1bytku na detail, vytv\u00e1\u0159et origin\u00e1ln\u00ed design a dosahovat vysok\u00e9 kvality. Nab\u00edz\u00edme \u0161irokou \u0161k\u00e1lu materi\u00e1l\u016f pro v\u00fdrobu n\u00e1bytku, d\u0159ev\u011bnou d\u00fdhu, masivn\u00ed d\u0159evo, lamino \u010di vysokotlak\u00e9 lamin\u00e1ty \u010di speci\u00e1ln\u00ed akustick\u00e9 desky. Jsme t\u00e9\u017e certifikovan\u00fdmi zpracovateli um\u011bl\u00e9ho kamene Corian, Krion i Hi-macs, kter\u00fd se vyu\u017e\u00edv\u00e1 na pracovn\u00ed desky kuchy\u0148sk\u00fdch linek, designov\u00e9 tvary recepc\u00ed \u010di na koupelnov\u00fd n\u00e1bytek.<\/p><p>Kontaktujte n\u00e1s\u00a0pro zpracov\u00e1n\u00ed nez\u00e1vazn\u00e9 nab\u00eddky.<\/p><\/div>\t\t\t\t\t\t\t\t<\/div>\n\t\t\t\t<\/div>\n\t\t\t\t\t<\/div>\n\t\t<\/div>\n\t\t\t\t\t<\/div>\n\t\t<\/section>\n\t\t\t\t<section class=\"elementor-section elementor-top-section elementor-element elementor-element-5fe8465 elementor-section-boxed elementor-section-height-default elementor-section-height-default\" data-id=\"5fe8465\" data-element_type=\"section\" data-settings=\"{&quot;jet_parallax_layout_list&quot;:[]}\">\n\t\t\t\t\t\t<div class=\"elementor-container elementor-column-gap-default\">\n\t\t\t\t\t<div class=\"elementor-column elementor-col-100 elementor-top-column elementor-element elementor-element-1abec42\" data-id=\"1abec42\" data-element_type=\"column\">\n\t\t\t<div class=\"elementor-widget-wrap elementor-element-populated\">\n\t\t\t\t\t\t<div class=\"elementor-element elementor-element-c08d15a elementor-widget elementor-widget-heading\" data-id=\"c08d15a\" data-element_type=\"widget\" data-widget_type=\"heading.default\">\n\t\t\t\t<div class=\"elementor-widget-container\">\n\t\t\t\t\t<h2 class=\"elementor-heading-title elementor-size-default\">Kontaktujte n\u00e1s<br>pro zpracov\u00e1n\u00ed nez\u00e1vazn\u00e9 nab\u00eddky.<\/h2>\t\t\t\t<\/div>\n\t\t\t\t<\/div>\n\t\t\t\t<div class=\"elementor-element elementor-element-3709c0a elementor-button-align-center elementor-widget elementor-widget-form\" data-id=\"3709c0a\" data-element_type=\"widget\" data-settings=\"{&quot;step_next_label&quot;:&quot;Next&quot;,&quot;step_previous_label&quot;:&quot;Previous&quot;,&quot;button_width&quot;:&quot;100&quot;,&quot;step_type&quot;:&quot;number_text&quot;,&quot;step_icon_shape&quot;:&quot;circle&quot;}\" data-widget_type=\"form.default\">\n\t\t\t\t<div class=\"elementor-widget-container\">\n\t\t\t\t\t\t\t<form class=\"elementor-form\" method=\"post\" name=\"New Form\">\n\t\t\t<input type=\"hidden\" name=\"post_id\" value=\"641\"\/>\n\t\t\t<input type=\"hidden\" name=\"form_id\" value=\"3709c0a\"\/>\n\t\t\t<input type=\"hidden\" name=\"referer_title\" value=\"Interiors MND\" \/>\n\n\t\t\t\n\t\t\t<div class=\"elementor-form-fields-wrapper elementor-labels-\">\n\t\t\t\t\t\t\t\t<div class=\"elementor-field-type-text elementor-field-group elementor-column elementor-field-group-name elementor-col-50 elementor-field-required\">\n\t\t\t\t\t\t\t\t\t\t\t\t\t<input size=\"1\" type=\"text\" name=\"form_fields[name]\" id=\"form-field-name\" class=\"elementor-field elementor-size-sm  elementor-field-textual\" placeholder=\"Jm\u00e9no a p\u0159\u00edjmen\u00ed \" required=\"required\">\n\t\t\t\t\t\t\t\t\t\t\t<\/div>\n\t\t\t\t\t\t\t\t<div class=\"elementor-field-type-tel elementor-field-group elementor-column elementor-field-group-field_c3f1ece elementor-col-50\">\n\t\t\t\t\t\t\t<input size=\"1\" type=\"tel\" name=\"form_fields[field_c3f1ece]\" id=\"form-field-field_c3f1ece\" class=\"elementor-field elementor-size-sm  elementor-field-textual\" placeholder=\"Telefon\" pattern=\"[0-9()#&amp;+*-=.]+\" title=\"Only numbers and phone characters (#, -, *, etc) are accepted.\">\n\n\t\t\t\t\t\t<\/div>\n\t\t\t\t\t\t\t\t<div class=\"elementor-field-type-email elementor-field-group elementor-column elementor-field-group-email elementor-col-50 elementor-field-required\">\n\t\t\t\t\t\t\t\t\t\t\t\t\t<input size=\"1\" type=\"email\" name=\"form_fields[email]\" id=\"form-field-email\" class=\"elementor-field elementor-size-sm  elementor-field-textual\" placeholder=\"Email\" required=\"required\">\n\t\t\t\t\t\t\t\t\t\t\t<\/div>\n\t\t\t\t\t\t\t\t<div class=\"elementor-field-type-select elementor-field-group elementor-column elementor-field-group-field_986596a elementor-col-50\">\n\t\t\t\t\t\t\t\t\t\t\t\t<label for=\"form-field-field_986596a\" class=\"elementor-field-label elementor-screen-only\">\n\t\t\t\t\t\t\t\t- pros\u00edm, vyberte p\u0159edm\u011bt zpr\u00e1vy\t\t\t\t\t\t\t<\/label>\n\t\t\t\t\t\t\t\t<div class=\"elementor-field elementor-select-wrapper remove-before \">\n\t\t\t<div class=\"select-caret-down-wrapper\">\n\t\t\t\t<i aria-hidden=\"true\" class=\"eicon-caret-down\"><\/i>\t\t\t<\/div>\n\t\t\t<select name=\"form_fields[field_986596a]\" id=\"form-field-field_986596a\" class=\"elementor-field-textual elementor-size-sm\">\n\t\t\t\t\t\t\t\t\t<option value=\"\">- Pros\u00edm, vyberte p\u0159edm\u011bt zpr\u00e1vy -<\/option>\n\t\t\t\t\t\t\t\t\t<option value=\"Popt\u00e1vka\">Popt\u00e1vka<\/option>\n\t\t\t\t\t\t\t\t\t<option value=\"Dal\u0161\u00ed\">Dal\u0161\u00ed<\/option>\n\t\t\t\t\t\t\t<\/select>\n\t\t<\/div>\n\t\t\t\t\t\t<\/div>\n\t\t\t\t\t\t\t\t<div class=\"elementor-field-type-upload elementor-field-group elementor-column elementor-field-group-field_80934f4 elementor-col-50\">\n\t\t\t\t\t\t\t\t\t\t\t\t<label for=\"form-field-field_80934f4\" class=\"elementor-field-label elementor-screen-only\">\n\t\t\t\t\t\t\t\tSoubor\t\t\t\t\t\t\t<\/label>\n\t\t\t\t\t\t\t\t<input type=\"file\" name=\"form_fields[field_80934f4]\" id=\"form-field-field_80934f4\" class=\"elementor-field elementor-size-sm  elementor-upload-field\">\n\n\t\t\t\t\t\t<\/div>\n\t\t\t\t\t\t\t\t<div class=\"elementor-field-type-textarea elementor-field-group elementor-column elementor-field-group-field_f7c1893 elementor-col-100\">\n\t\t\t\t\t<textarea class=\"elementor-field-textual elementor-field  elementor-size-sm\" name=\"form_fields[field_f7c1893]\" id=\"form-field-field_f7c1893\" rows=\"4\" placeholder=\"Va\u0161e zpr\u00e1va \"><\/textarea>\t\t\t\t<\/div>\n\t\t\t\t\t\t\t\t<div class=\"elementor-field-group elementor-column elementor-field-type-submit elementor-col-100 e-form__buttons\">\n\t\t\t\t\t<button class=\"elementor-button elementor-size-sm\" type=\"submit\">\n\t\t\t\t\t\t<span class=\"elementor-button-content-wrapper\">\n\t\t\t\t\t\t\t\t\t\t\t\t\t\t\t\t\t\t\t\t\t\t<span class=\"elementor-button-text\">Odeslat<\/span>\n\t\t\t\t\t\t\t\t\t\t\t\t\t<\/span>\n\t\t\t\t\t<\/button>\n\t\t\t\t<\/div>\n\t\t\t<\/div>\n\t\t<\/form>\n\t\t\t\t\t\t<\/div>\n\t\t\t\t<\/div>\n\t\t\t\t\t<\/div>\n\t\t<\/div>\n\t\t\t\t\t<\/div>\n\t\t<\/section>\n\t\t\t\t<section class=\"elementor-section elementor-top-section elementor-element elementor-element-c90b593 elementor-section-boxed elementor-section-height-default elementor-section-height-default\" data-id=\"c90b593\" data-element_type=\"section\" data-settings=\"{&quot;jet_parallax_layout_list&quot;:[]}\">\n\t\t\t\t\t\t<div class=\"elementor-container elementor-column-gap-default\">\n\t\t\t\t\t<div class=\"elementor-column elementor-col-100 elementor-top-column elementor-element elementor-element-6e2bfd7\" data-id=\"6e2bfd7\" data-element_type=\"column\">\n\t\t\t<div class=\"elementor-widget-wrap elementor-element-populated\">\n\t\t\t\t\t\t<div class=\"elementor-element elementor-element-8b7cd05 elementor-widget elementor-widget-image\" data-id=\"8b7cd05\" data-element_type=\"widget\" data-widget_type=\"image.default\">\n\t\t\t\t<div class=\"elementor-widget-container\">\n\t\t\t\t\t\t\t\t\t\t\t\t\t\t\t<img fetchpriority=\"high\" decoding=\"async\" width=\"800\" height=\"919\" src=\"https:\/\/www.interiors-mnd.com\/wp-content\/uploads\/2023\/04\/7-1-891x1024.png\" class=\"attachment-large size-large wp-image-779\" alt=\"\" srcset=\"https:\/\/www.interiors-mnd.com\/wp-content\/uploads\/2023\/04\/7-1-891x1024.png 891w, https:\/\/www.interiors-mnd.com\/wp-content\/uploads\/2023\/04\/7-1-261x300.png 261w, https:\/\/www.interiors-mnd.com\/wp-content\/uploads\/2023\/04\/7-1-768x882.png 768w, https:\/\/www.interiors-mnd.com\/wp-content\/uploads\/2023\/04\/7-1-1337x1536.png 1337w, https:\/\/www.interiors-mnd.com\/wp-content\/uploads\/2023\/04\/7-1.png 1727w\" sizes=\"(max-width: 800px) 100vw, 800px\" \/>\t\t\t\t\t\t\t\t\t\t\t\t\t\t\t<\/div>\n\t\t\t\t<\/div>\n\t\t\t\t\t<\/div>\n\t\t<\/div>\n\t\t\t\t\t<\/div>\n\t\t<\/section>\n\t\t\t\t<\/div>\n\t\t","protected":false},"excerpt":{"rendered":"<p>V\u00fdroba interi\u00e9ru Kvalitu a preciznost zpracov\u00e1n\u00ed p\u0159i zachov\u00e1n\u00ed nejkrat\u0161\u00edho mo\u017en\u00e9ho term\u00ednu dod\u00e1n\u00ed zaji\u0161\u0165ujeme v na\u0161ich v\u00fdrobn\u00edch hal\u00e1ch vybaven\u00fdch modern\u00edmi stroji renomovan\u00fdch v\u00fdrobc\u016f, kter\u00e9 obsluhuj\u00ed profesion\u00e1lov\u00e9 s dlouholet\u00fdmi zku\u0161enostmi v oboru. Pln\u011b vybavenou v\u00fdrobu pro truhl\u00e1\u0159skou produkci dopl\u0148uje vlastn\u00ed kovov\u00fdroba, lakovna pro lakov\u00e1n\u00ed pr\u00e1\u0161kovou i mokrou cestou a specializovan\u00e9 pracovi\u0161t\u011b pro zpracov\u00e1n\u00ed um\u011bl\u00e9ho kamene, jako jsou [&hellip;]<\/p>\n","protected":false},"author":1,"featured_media":0,"parent":0,"menu_order":0,"comment_status":"closed","ping_status":"closed","template":"","meta":{"inline_featured_image":false,"footnotes":""},"class_list":["post-641","page","type-page","status-publish","hentry"],"yoast_head":"<!-- This site is optimized with the Yoast SEO plugin v27.3 - https:\/\/yoast.com\/product\/yoast-seo-wordpress\/ -->\n<title>V\u00fdroba interi\u00e9ru | Interiors MND<\/title>\n<meta name=\"robots\" content=\"index, follow, max-snippet:-1, max-image-preview:large, max-video-preview:-1\" \/>\n<link rel=\"canonical\" href=\"https:\/\/www.interiors-mnd.com\/cs\/en\/vyroba-interieru\/\" \/>\n<meta property=\"og:locale\" content=\"en_GB\" \/>\n<meta property=\"og:type\" content=\"article\" \/>\n<meta property=\"og:title\" content=\"V\u00fdroba interi\u00e9ru | Interiors MND\" \/>\n<meta property=\"og:description\" content=\"V\u00fdroba interi\u00e9ru Kvalitu a preciznost zpracov\u00e1n\u00ed p\u0159i zachov\u00e1n\u00ed nejkrat\u0161\u00edho mo\u017en\u00e9ho term\u00ednu dod\u00e1n\u00ed zaji\u0161\u0165ujeme v na\u0161ich v\u00fdrobn\u00edch hal\u00e1ch vybaven\u00fdch modern\u00edmi stroji renomovan\u00fdch v\u00fdrobc\u016f, kter\u00e9 obsluhuj\u00ed profesion\u00e1lov\u00e9 s dlouholet\u00fdmi zku\u0161enostmi v oboru. Pln\u011b vybavenou v\u00fdrobu pro truhl\u00e1\u0159skou produkci dopl\u0148uje vlastn\u00ed kovov\u00fdroba, lakovna pro lakov\u00e1n\u00ed pr\u00e1\u0161kovou i mokrou cestou a specializovan\u00e9 pracovi\u0161t\u011b pro zpracov\u00e1n\u00ed um\u011bl\u00e9ho kamene, jako jsou [&hellip;]\" \/>\n<meta property=\"og:url\" content=\"https:\/\/www.interiors-mnd.com\/cs\/en\/vyroba-interieru\/\" \/>\n<meta property=\"og:site_name\" content=\"Interiors MND\" \/>\n<meta property=\"article:modified_time\" content=\"2023-11-22T14:01:59+00:00\" \/>\n<meta property=\"og:image\" content=\"https:\/\/www.interiors-mnd.com\/wp-content\/uploads\/2023\/04\/7-1-891x1024.png\" \/>\n<meta name=\"twitter:card\" content=\"summary_large_image\" \/>\n<meta name=\"twitter:label1\" content=\"Estimated reading time\" \/>\n\t<meta name=\"twitter:data1\" content=\"2 minutes\" \/>\n<script type=\"application\/ld+json\" class=\"yoast-schema-graph\">{\"@context\":\"https:\\\/\\\/schema.org\",\"@graph\":[{\"@type\":\"WebPage\",\"@id\":\"https:\\\/\\\/www.interiors-mnd.com\\\/cs\\\/vyroba-interieru\\\/\",\"url\":\"https:\\\/\\\/www.interiors-mnd.com\\\/cs\\\/vyroba-interieru\\\/\",\"name\":\"V\u00fdroba interi\u00e9ru | Interiors MND\",\"isPartOf\":{\"@id\":\"https:\\\/\\\/www.interiors-mnd.com\\\/cs\\\/#website\"},\"primaryImageOfPage\":{\"@id\":\"https:\\\/\\\/www.interiors-mnd.com\\\/cs\\\/vyroba-interieru\\\/#primaryimage\"},\"image\":{\"@id\":\"https:\\\/\\\/www.interiors-mnd.com\\\/cs\\\/vyroba-interieru\\\/#primaryimage\"},\"thumbnailUrl\":\"https:\\\/\\\/www.interiors-mnd.com\\\/wp-content\\\/uploads\\\/2023\\\/04\\\/7-1-891x1024.png\",\"datePublished\":\"2023-04-20T11:40:09+00:00\",\"dateModified\":\"2023-11-22T14:01:59+00:00\",\"breadcrumb\":{\"@id\":\"https:\\\/\\\/www.interiors-mnd.com\\\/cs\\\/vyroba-interieru\\\/#breadcrumb\"},\"inLanguage\":\"en-GB\",\"potentialAction\":[{\"@type\":\"ReadAction\",\"target\":[\"https:\\\/\\\/www.interiors-mnd.com\\\/cs\\\/vyroba-interieru\\\/\"]}]},{\"@type\":\"ImageObject\",\"inLanguage\":\"en-GB\",\"@id\":\"https:\\\/\\\/www.interiors-mnd.com\\\/cs\\\/vyroba-interieru\\\/#primaryimage\",\"url\":\"https:\\\/\\\/www.interiors-mnd.com\\\/wp-content\\\/uploads\\\/2023\\\/04\\\/7-1-891x1024.png\",\"contentUrl\":\"https:\\\/\\\/www.interiors-mnd.com\\\/wp-content\\\/uploads\\\/2023\\\/04\\\/7-1-891x1024.png\"},{\"@type\":\"BreadcrumbList\",\"@id\":\"https:\\\/\\\/www.interiors-mnd.com\\\/cs\\\/vyroba-interieru\\\/#breadcrumb\",\"itemListElement\":[{\"@type\":\"ListItem\",\"position\":1,\"name\":\"Dom\u016f\",\"item\":\"https:\\\/\\\/www.interiors-mnd.com\\\/cs\\\/\"},{\"@type\":\"ListItem\",\"position\":2,\"name\":\"V\u00fdroba interi\u00e9ru\"}]},{\"@type\":\"WebSite\",\"@id\":\"https:\\\/\\\/www.interiors-mnd.com\\\/cs\\\/#website\",\"url\":\"https:\\\/\\\/www.interiors-mnd.com\\\/cs\\\/\",\"name\":\"Interiors MND\",\"description\":\"Komplexn\u00ed \u0159e\u0161en\u00ed interi\u00e9r\u016f kdekoliv na sv\u011bt\u011b\",\"publisher\":{\"@id\":\"https:\\\/\\\/www.interiors-mnd.com\\\/cs\\\/#organization\"},\"potentialAction\":[{\"@type\":\"SearchAction\",\"target\":{\"@type\":\"EntryPoint\",\"urlTemplate\":\"https:\\\/\\\/www.interiors-mnd.com\\\/cs\\\/?s={search_term_string}\"},\"query-input\":{\"@type\":\"PropertyValueSpecification\",\"valueRequired\":true,\"valueName\":\"search_term_string\"}}],\"inLanguage\":\"en-GB\"},{\"@type\":\"Organization\",\"@id\":\"https:\\\/\\\/www.interiors-mnd.com\\\/cs\\\/#organization\",\"name\":\"Interiors MND\",\"url\":\"https:\\\/\\\/www.interiors-mnd.com\\\/cs\\\/\",\"logo\":{\"@type\":\"ImageObject\",\"inLanguage\":\"en-GB\",\"@id\":\"https:\\\/\\\/www.interiors-mnd.com\\\/cs\\\/#\\\/schema\\\/logo\\\/image\\\/\",\"url\":\"https:\\\/\\\/www.interiors-mnd.com\\\/wp-content\\\/uploads\\\/2023\\\/03\\\/logo.png\",\"contentUrl\":\"https:\\\/\\\/www.interiors-mnd.com\\\/wp-content\\\/uploads\\\/2023\\\/03\\\/logo.png\",\"width\":232,\"height\":65,\"caption\":\"Interiors MND\"},\"image\":{\"@id\":\"https:\\\/\\\/www.interiors-mnd.com\\\/cs\\\/#\\\/schema\\\/logo\\\/image\\\/\"}}]}<\/script>\n<!-- \/ Yoast SEO plugin. -->","yoast_head_json":{"title":"V\u00fdroba interi\u00e9ru | Interiors MND","robots":{"index":"index","follow":"follow","max-snippet":"max-snippet:-1","max-image-preview":"max-image-preview:large","max-video-preview":"max-video-preview:-1"},"canonical":"https:\/\/www.interiors-mnd.com\/cs\/en\/vyroba-interieru\/","og_locale":"en_GB","og_type":"article","og_title":"V\u00fdroba interi\u00e9ru | Interiors MND","og_description":"V\u00fdroba interi\u00e9ru Kvalitu a preciznost zpracov\u00e1n\u00ed p\u0159i zachov\u00e1n\u00ed nejkrat\u0161\u00edho mo\u017en\u00e9ho term\u00ednu dod\u00e1n\u00ed zaji\u0161\u0165ujeme v na\u0161ich v\u00fdrobn\u00edch hal\u00e1ch vybaven\u00fdch modern\u00edmi stroji renomovan\u00fdch v\u00fdrobc\u016f, kter\u00e9 obsluhuj\u00ed profesion\u00e1lov\u00e9 s dlouholet\u00fdmi zku\u0161enostmi v oboru. Pln\u011b vybavenou v\u00fdrobu pro truhl\u00e1\u0159skou produkci dopl\u0148uje vlastn\u00ed kovov\u00fdroba, lakovna pro lakov\u00e1n\u00ed pr\u00e1\u0161kovou i mokrou cestou a specializovan\u00e9 pracovi\u0161t\u011b pro zpracov\u00e1n\u00ed um\u011bl\u00e9ho kamene, jako jsou [&hellip;]","og_url":"https:\/\/www.interiors-mnd.com\/cs\/en\/vyroba-interieru\/","og_site_name":"Interiors MND","article_modified_time":"2023-11-22T14:01:59+00:00","og_image":[{"url":"https:\/\/www.interiors-mnd.com\/wp-content\/uploads\/2023\/04\/7-1-891x1024.png","type":"","width":"","height":""}],"twitter_card":"summary_large_image","twitter_misc":{"Estimated reading time":"2 minutes"},"schema":{"@context":"https:\/\/schema.org","@graph":[{"@type":"WebPage","@id":"https:\/\/www.interiors-mnd.com\/cs\/vyroba-interieru\/","url":"https:\/\/www.interiors-mnd.com\/cs\/vyroba-interieru\/","name":"V\u00fdroba interi\u00e9ru | Interiors MND","isPartOf":{"@id":"https:\/\/www.interiors-mnd.com\/cs\/#website"},"primaryImageOfPage":{"@id":"https:\/\/www.interiors-mnd.com\/cs\/vyroba-interieru\/#primaryimage"},"image":{"@id":"https:\/\/www.interiors-mnd.com\/cs\/vyroba-interieru\/#primaryimage"},"thumbnailUrl":"https:\/\/www.interiors-mnd.com\/wp-content\/uploads\/2023\/04\/7-1-891x1024.png","datePublished":"2023-04-20T11:40:09+00:00","dateModified":"2023-11-22T14:01:59+00:00","breadcrumb":{"@id":"https:\/\/www.interiors-mnd.com\/cs\/vyroba-interieru\/#breadcrumb"},"inLanguage":"en-GB","potentialAction":[{"@type":"ReadAction","target":["https:\/\/www.interiors-mnd.com\/cs\/vyroba-interieru\/"]}]},{"@type":"ImageObject","inLanguage":"en-GB","@id":"https:\/\/www.interiors-mnd.com\/cs\/vyroba-interieru\/#primaryimage","url":"https:\/\/www.interiors-mnd.com\/wp-content\/uploads\/2023\/04\/7-1-891x1024.png","contentUrl":"https:\/\/www.interiors-mnd.com\/wp-content\/uploads\/2023\/04\/7-1-891x1024.png"},{"@type":"BreadcrumbList","@id":"https:\/\/www.interiors-mnd.com\/cs\/vyroba-interieru\/#breadcrumb","itemListElement":[{"@type":"ListItem","position":1,"name":"Dom\u016f","item":"https:\/\/www.interiors-mnd.com\/cs\/"},{"@type":"ListItem","position":2,"name":"V\u00fdroba interi\u00e9ru"}]},{"@type":"WebSite","@id":"https:\/\/www.interiors-mnd.com\/cs\/#website","url":"https:\/\/www.interiors-mnd.com\/cs\/","name":"Interiors MND","description":"Komplexn\u00ed \u0159e\u0161en\u00ed interi\u00e9r\u016f kdekoliv na sv\u011bt\u011b","publisher":{"@id":"https:\/\/www.interiors-mnd.com\/cs\/#organization"},"potentialAction":[{"@type":"SearchAction","target":{"@type":"EntryPoint","urlTemplate":"https:\/\/www.interiors-mnd.com\/cs\/?s={search_term_string}"},"query-input":{"@type":"PropertyValueSpecification","valueRequired":true,"valueName":"search_term_string"}}],"inLanguage":"en-GB"},{"@type":"Organization","@id":"https:\/\/www.interiors-mnd.com\/cs\/#organization","name":"Interiors MND","url":"https:\/\/www.interiors-mnd.com\/cs\/","logo":{"@type":"ImageObject","inLanguage":"en-GB","@id":"https:\/\/www.interiors-mnd.com\/cs\/#\/schema\/logo\/image\/","url":"https:\/\/www.interiors-mnd.com\/wp-content\/uploads\/2023\/03\/logo.png","contentUrl":"https:\/\/www.interiors-mnd.com\/wp-content\/uploads\/2023\/03\/logo.png","width":232,"height":65,"caption":"Interiors MND"},"image":{"@id":"https:\/\/www.interiors-mnd.com\/cs\/#\/schema\/logo\/image\/"}}]}},"_links":{"self":[{"href":"https:\/\/www.interiors-mnd.com\/cs\/en\/wp-json\/wp\/v2\/pages\/641","targetHints":{"allow":["GET"]}}],"collection":[{"href":"https:\/\/www.interiors-mnd.com\/cs\/en\/wp-json\/wp\/v2\/pages"}],"about":[{"href":"https:\/\/www.interiors-mnd.com\/cs\/en\/wp-json\/wp\/v2\/types\/page"}],"author":[{"embeddable":true,"href":"https:\/\/www.interiors-mnd.com\/cs\/en\/wp-json\/wp\/v2\/users\/1"}],"replies":[{"embeddable":true,"href":"https:\/\/www.interiors-mnd.com\/cs\/en\/wp-json\/wp\/v2\/comments?post=641"}],"version-history":[{"count":65,"href":"https:\/\/www.interiors-mnd.com\/cs\/en\/wp-json\/wp\/v2\/pages\/641\/revisions"}],"predecessor-version":[{"id":8474,"href":"https:\/\/www.interiors-mnd.com\/cs\/en\/wp-json\/wp\/v2\/pages\/641\/revisions\/8474"}],"wp:attachment":[{"href":"https:\/\/www.interiors-mnd.com\/cs\/en\/wp-json\/wp\/v2\/media?parent=641"}],"curies":[{"name":"wp","href":"https:\/\/api.w.org\/{rel}","templated":true}]}}