{"id":10407,"date":"2026-03-23T08:17:07","date_gmt":"2026-03-23T08:17:07","guid":{"rendered":"https:\/\/www.interiors-mnd.com\/cs\/?page_id=10407"},"modified":"2026-03-23T08:30:35","modified_gmt":"2026-03-23T08:30:35","slug":"obsluha-stroju","status":"publish","type":"page","link":"https:\/\/www.interiors-mnd.com\/cs\/en\/obsluha-stroju\/","title":{"rendered":"Obsluha stroj\u016f"},"content":{"rendered":"\t\t<div data-elementor-type=\"wp-page\" data-elementor-id=\"10407\" class=\"elementor elementor-10407\" data-elementor-post-type=\"page\">\n\t\t\t\t\t\t<section class=\"elementor-section elementor-top-section elementor-element elementor-element-83bfb72 elementor-section-boxed elementor-section-height-default elementor-section-height-default\" data-id=\"83bfb72\" data-element_type=\"section\" data-settings=\"{&quot;jet_parallax_layout_list&quot;:[]}\">\n\t\t\t\t\t\t<div class=\"elementor-container elementor-column-gap-default\">\n\t\t\t\t\t<div class=\"elementor-column elementor-col-100 elementor-top-column elementor-element elementor-element-1fd9cfa\" data-id=\"1fd9cfa\" data-element_type=\"column\">\n\t\t\t<div class=\"elementor-widget-wrap elementor-element-populated\">\n\t\t\t\t\t\t<section class=\"elementor-section elementor-inner-section elementor-element elementor-element-7998d9d elementor-section-boxed elementor-section-height-default elementor-section-height-default\" data-id=\"7998d9d\" data-element_type=\"section\" data-settings=\"{&quot;jet_parallax_layout_list&quot;:[]}\">\n\t\t\t\t\t\t<div class=\"elementor-container elementor-column-gap-default\">\n\t\t\t\t\t<div class=\"elementor-column elementor-col-50 elementor-inner-column elementor-element elementor-element-4f148dc\" data-id=\"4f148dc\" data-element_type=\"column\">\n\t\t\t<div class=\"elementor-widget-wrap elementor-element-populated\">\n\t\t\t\t\t\t<div class=\"elementor-element elementor-element-0c14a8f elementor-widget elementor-widget-heading\" data-id=\"0c14a8f\" data-element_type=\"widget\" data-widget_type=\"heading.default\">\n\t\t\t\t<div class=\"elementor-widget-container\">\n\t\t\t\t\t<h2 class=\"elementor-heading-title elementor-size-default\">Obsluha stroj\u016f <\/h2>\t\t\t\t<\/div>\n\t\t\t\t<\/div>\n\t\t\t\t<div class=\"elementor-element elementor-element-6de6b81 elementor-widget-divider--view-line elementor-widget elementor-widget-divider\" data-id=\"6de6b81\" data-element_type=\"widget\" data-widget_type=\"divider.default\">\n\t\t\t\t<div class=\"elementor-widget-container\">\n\t\t\t\t\t\t\t<div class=\"elementor-divider\">\n\t\t\t<span class=\"elementor-divider-separator\">\n\t\t\t\t\t\t<\/span>\n\t\t<\/div>\n\t\t\t\t\t\t<\/div>\n\t\t\t\t<\/div>\n\t\t\t\t\t<\/div>\n\t\t<\/div>\n\t\t\t\t<div class=\"elementor-column elementor-col-50 elementor-inner-column elementor-element elementor-element-91b06a9\" data-id=\"91b06a9\" data-element_type=\"column\">\n\t\t\t<div class=\"elementor-widget-wrap elementor-element-populated\">\n\t\t\t\t\t\t<div class=\"elementor-element elementor-element-d6e7006 elementor-widget elementor-widget-image\" data-id=\"d6e7006\" data-element_type=\"widget\" data-widget_type=\"image.default\">\n\t\t\t\t<div class=\"elementor-widget-container\">\n\t\t\t\t\t\t\t\t\t\t\t\t\t\t\t<img fetchpriority=\"high\" decoding=\"async\" width=\"800\" height=\"534\" src=\"https:\/\/www.interiors-mnd.com\/wp-content\/uploads\/2026\/03\/Kopie-navrhu-Interiors-2-1024x683.png\" class=\"attachment-large size-large wp-image-10368\" alt=\"\" srcset=\"https:\/\/www.interiors-mnd.com\/wp-content\/uploads\/2026\/03\/Kopie-navrhu-Interiors-2-1024x683.png 1024w, https:\/\/www.interiors-mnd.com\/wp-content\/uploads\/2026\/03\/Kopie-navrhu-Interiors-2-300x200.png 300w, https:\/\/www.interiors-mnd.com\/wp-content\/uploads\/2026\/03\/Kopie-navrhu-Interiors-2-768x512.png 768w, https:\/\/www.interiors-mnd.com\/wp-content\/uploads\/2026\/03\/Kopie-navrhu-Interiors-2-18x12.png 18w, https:\/\/www.interiors-mnd.com\/wp-content\/uploads\/2026\/03\/Kopie-navrhu-Interiors-2.png 1536w\" sizes=\"(max-width: 800px) 100vw, 800px\" \/>\t\t\t\t\t\t\t\t\t\t\t\t\t\t\t<\/div>\n\t\t\t\t<\/div>\n\t\t\t\t\t<\/div>\n\t\t<\/div>\n\t\t\t\t\t<\/div>\n\t\t<\/section>\n\t\t\t\t\t<\/div>\n\t\t<\/div>\n\t\t\t\t\t<\/div>\n\t\t<\/section>\n\t\t\t\t<section class=\"elementor-section elementor-top-section elementor-element elementor-element-49168af elementor-section-boxed elementor-section-height-default elementor-section-height-default\" data-id=\"49168af\" data-element_type=\"section\" data-settings=\"{&quot;jet_parallax_layout_list&quot;:[]}\">\n\t\t\t\t\t\t<div class=\"elementor-container elementor-column-gap-default\">\n\t\t\t\t\t<div class=\"elementor-column elementor-col-100 elementor-top-column elementor-element elementor-element-8c40954\" data-id=\"8c40954\" data-element_type=\"column\">\n\t\t\t<div class=\"elementor-widget-wrap elementor-element-populated\">\n\t\t\t\t\t\t<div class=\"elementor-element elementor-element-d5524b1 elementor-widget elementor-widget-heading\" data-id=\"d5524b1\" data-element_type=\"widget\" data-widget_type=\"heading.default\">\n\t\t\t\t<div class=\"elementor-widget-container\">\n\t\t\t\t\t<h2 class=\"elementor-heading-title elementor-size-default\">Obsluha stroj\u016f <\/h2>\t\t\t\t<\/div>\n\t\t\t\t<\/div>\n\t\t\t\t\t<\/div>\n\t\t<\/div>\n\t\t\t\t\t<\/div>\n\t\t<\/section>\n\t\t\t\t<section class=\"elementor-section elementor-top-section elementor-element elementor-element-8fb6575 elementor-section-boxed elementor-section-height-default elementor-section-height-default\" data-id=\"8fb6575\" data-element_type=\"section\" data-settings=\"{&quot;jet_parallax_layout_list&quot;:[]}\">\n\t\t\t\t\t\t<div class=\"elementor-container elementor-column-gap-default\">\n\t\t\t\t\t<div class=\"elementor-column elementor-col-100 elementor-top-column elementor-element elementor-element-74bcda8\" data-id=\"74bcda8\" data-element_type=\"column\">\n\t\t\t<div class=\"elementor-widget-wrap elementor-element-populated\">\n\t\t\t\t\t\t<div class=\"elementor-element elementor-element-083b631 elementor-widget elementor-widget-text-editor\" data-id=\"083b631\" data-element_type=\"widget\" data-widget_type=\"text-editor.default\">\n\t\t\t\t<div class=\"elementor-widget-container\">\n\t\t\t\t\t\t\t\t\t<p><strong>M\u00edsto v\u00fdkonu pr\u00e1ce:<\/strong> Kasejovice<br \/><strong>N\u00e1stup<\/strong>: mo\u017en\u00fd ihned<br \/><strong>Typ \u00favazku:<\/strong> hlavn\u00ed pracovn\u00ed pom\u011br<\/p><p>Hled\u00e1me \u0161ikovn\u00e9ho kolegu, kter\u00fd bude obsluhovat modern\u00ed d\u0159evoobr\u00e1b\u011bc\u00ed stroje a vyr\u00e1b\u011bt kvalitn\u00ed interi\u00e9rov\u00e9 prvky.<\/p><p><strong>Co u n\u00e1s budete d\u011blat<\/strong><\/p><ul><li>obsluha a se\u0159izov\u00e1n\u00ed d\u0159evoobr\u00e1b\u011bc\u00edch stroj\u016f (olepova\u010dka hran, CNC, form\u00e1tovac\u00ed pila, fr\u00e9zka, 5os\u00e9 CNC)<\/li><li>pr\u00e1ce s technickou dokumentac\u00ed a v\u00fdrobn\u00edmi podklady<\/li><li>kontrola kvality vyroben\u00fdch d\u00edl\u016f<\/li><li>z\u00e1kladn\u00ed \u00fadr\u017eba a p\u00e9\u010de o sv\u011b\u0159en\u00e9 stroje<\/li><li>spolupr\u00e1ce s v\u00fdrobn\u00edm t\u00fdmem a technologick\u00fdm odd\u011blen\u00edm<\/li><li>dodr\u017eov\u00e1n\u00ed pracovn\u00edch postup\u016f a bezpe\u010dnostn\u00edch p\u0159edpis\u016f<br \/><br \/><\/li><\/ul><p><strong>Co od v\u00e1s o\u010dek\u00e1v\u00e1me<\/strong><\/p><ul><li>vyu\u010den\u00ed v oboru stroj\u00edrenstv\u00ed <\/li><li>zku\u0161enosti s obsluhou d\u0159evoobr\u00e1b\u011bc\u00edch stroj\u016f v\u00fdhodou<\/li><li>technick\u00e9 my\u0161len\u00ed a manu\u00e1ln\u00ed zru\u010dnost<\/li><li>schopnost pracovat samostatn\u011b i v t\u00fdmu<\/li><li>zodpov\u011bdnost, pe\u010dlivost a chu\u0165 u\u010dit se nov\u00e9 v\u011bci<br \/><br \/><\/li><\/ul><p><strong>Co nab\u00edz\u00edme \/ Benefity<\/strong><\/p><ul><li>stabiln\u00ed zam\u011bstn\u00e1n\u00ed na pln\u00fd \u00favazek<\/li><li>pr\u00e1ce v p\u0159\u00e1telsk\u00e9m kolektivu<\/li><li>p\u0159\u00edjemn\u00e9 a modern\u00ed pracovn\u00ed prost\u0159ed\u00ed<\/li><li>odpov\u00eddaj\u00edc\u00ed finan\u010dn\u00ed ohodnocen\u00ed + bonusy a pr\u00e9mie<\/li><li>ob\u010derstven\u00ed na pracovi\u0161ti<\/li><li>mo\u017enost zaji\u0161t\u011bn\u00ed bydlen\u00ed v bl\u00edzkosti firmy<\/li><li>firemn\u00ed akce a \u0161kolen\u00ed<\/li><li>mo\u017enost profesn\u00edho r\u016fstu<br \/><br \/><\/li><\/ul><p>V p\u0159\u00edpad\u011b z\u00e1jmu za\u0161lete sv\u016fj \u017eivotopis na:<strong>\u00a0<a href=\"mailto:info@interiors-mnd.com\">info@interiors-mnd.com<\/a><\/strong><\/p>\t\t\t\t\t\t\t\t<\/div>\n\t\t\t\t<\/div>\n\t\t\t\t\t<\/div>\n\t\t<\/div>\n\t\t\t\t\t<\/div>\n\t\t<\/section>\n\t\t\t\t<section class=\"elementor-section elementor-top-section elementor-element elementor-element-77b11fc elementor-section-boxed elementor-section-height-default elementor-section-height-default\" data-id=\"77b11fc\" data-element_type=\"section\" data-settings=\"{&quot;jet_parallax_layout_list&quot;:[]}\">\n\t\t\t\t\t\t<div class=\"elementor-container elementor-column-gap-default\">\n\t\t\t\t\t<div class=\"elementor-column elementor-col-100 elementor-top-column elementor-element elementor-element-a78647f\" data-id=\"a78647f\" data-element_type=\"column\">\n\t\t\t<div class=\"elementor-widget-wrap\">\n\t\t\t\t\t\t\t<\/div>\n\t\t<\/div>\n\t\t\t\t\t<\/div>\n\t\t<\/section>\n\t\t\t\t<section class=\"elementor-section elementor-top-section elementor-element elementor-element-32590cc elementor-section-boxed elementor-section-height-default elementor-section-height-default\" data-id=\"32590cc\" data-element_type=\"section\" data-settings=\"{&quot;jet_parallax_layout_list&quot;:[]}\">\n\t\t\t\t\t\t<div class=\"elementor-container elementor-column-gap-default\">\n\t\t\t\t\t<div class=\"elementor-column elementor-col-100 elementor-top-column elementor-element elementor-element-d5da56b\" data-id=\"d5da56b\" data-element_type=\"column\">\n\t\t\t<div class=\"elementor-widget-wrap elementor-element-populated\">\n\t\t\t\t\t\t<div class=\"elementor-element elementor-element-6b41442 elementor-widget elementor-widget-heading\" data-id=\"6b41442\" data-element_type=\"widget\" data-widget_type=\"heading.default\">\n\t\t\t\t<div class=\"elementor-widget-container\">\n\t\t\t\t\t<h2 class=\"elementor-heading-title elementor-size-default\">Napi\u0161te n\u00e1m<\/h2>\t\t\t\t<\/div>\n\t\t\t\t<\/div>\n\t\t\t\t\t<\/div>\n\t\t<\/div>\n\t\t\t\t\t<\/div>\n\t\t<\/section>\n\t\t\t\t<section class=\"elementor-section elementor-top-section elementor-element elementor-element-4f4ecd6 elementor-section-boxed elementor-section-height-default elementor-section-height-default\" data-id=\"4f4ecd6\" data-element_type=\"section\" data-settings=\"{&quot;jet_parallax_layout_list&quot;:[]}\">\n\t\t\t\t\t\t<div class=\"elementor-container elementor-column-gap-default\">\n\t\t\t\t\t<div class=\"elementor-column elementor-col-100 elementor-top-column elementor-element elementor-element-d0b50de\" data-id=\"d0b50de\" data-element_type=\"column\">\n\t\t\t<div class=\"elementor-widget-wrap elementor-element-populated\">\n\t\t\t\t\t\t<div class=\"elementor-element elementor-element-36df098 elementor-button-align-center elementor-widget elementor-widget-form\" data-id=\"36df098\" data-element_type=\"widget\" data-settings=\"{&quot;step_next_label&quot;:&quot;Next&quot;,&quot;step_previous_label&quot;:&quot;Previous&quot;,&quot;button_width&quot;:&quot;100&quot;,&quot;step_type&quot;:&quot;number_text&quot;,&quot;step_icon_shape&quot;:&quot;circle&quot;}\" data-widget_type=\"form.default\">\n\t\t\t\t<div class=\"elementor-widget-container\">\n\t\t\t\t\t\t\t<form class=\"elementor-form\" method=\"post\" name=\"New Form\">\n\t\t\t<input type=\"hidden\" name=\"post_id\" value=\"10407\"\/>\n\t\t\t<input type=\"hidden\" name=\"form_id\" value=\"36df098\"\/>\n\t\t\t<input type=\"hidden\" name=\"referer_title\" value=\"Interiors MND\" \/>\n\n\t\t\t\n\t\t\t<div class=\"elementor-form-fields-wrapper elementor-labels-\">\n\t\t\t\t\t\t\t\t<div class=\"elementor-field-type-text elementor-field-group elementor-column elementor-field-group-name elementor-col-50\">\n\t\t\t\t\t\t\t\t\t\t\t\t\t<input size=\"1\" type=\"text\" name=\"form_fields[name]\" id=\"form-field-name\" class=\"elementor-field elementor-size-sm  elementor-field-textual\" placeholder=\"Jm\u00e9no a p\u0159\u00edjmen\u00ed \">\n\t\t\t\t\t\t\t\t\t\t\t<\/div>\n\t\t\t\t\t\t\t\t<div class=\"elementor-field-type-number elementor-field-group elementor-column elementor-field-group-email elementor-col-50 elementor-field-required\">\n\t\t\t\t\t\t\t\t<input type=\"number\" name=\"form_fields[email]\" id=\"form-field-email\" class=\"elementor-field elementor-size-sm  elementor-field-textual\" placeholder=\"Telefon\" required=\"required\" min=\"\" max=\"\" >\n\t\t\t\t\t\t<\/div>\n\t\t\t\t\t\t\t\t<div class=\"elementor-field-type-email elementor-field-group elementor-column elementor-field-group-message elementor-col-50 elementor-field-required\">\n\t\t\t\t\t\t\t\t\t\t\t\t\t<input size=\"1\" type=\"email\" name=\"form_fields[message]\" id=\"form-field-message\" class=\"elementor-field elementor-size-sm  elementor-field-textual\" placeholder=\"Email\" required=\"required\">\n\t\t\t\t\t\t\t\t\t\t\t<\/div>\n\t\t\t\t\t\t\t\t<div class=\"elementor-field-type-upload elementor-field-group elementor-column elementor-field-group-field_e50f696 elementor-col-50\">\n\t\t\t\t\t\t\t\t\t\t\t\t<label for=\"form-field-field_e50f696\" class=\"elementor-field-label elementor-screen-only\">\n\t\t\t\t\t\t\t\t\u017divotopis\/motiva\u010dn\u00ed dopis\t\t\t\t\t\t\t<\/label>\n\t\t\t\t\t\t\t\t<input type=\"file\" name=\"form_fields[field_e50f696]\" id=\"form-field-field_e50f696\" class=\"elementor-field elementor-size-sm  elementor-upload-field\">\n\n\t\t\t\t\t\t<\/div>\n\t\t\t\t\t\t\t\t<div class=\"elementor-field-type-textarea elementor-field-group elementor-column elementor-field-group-field_9b1d321 elementor-col-100\">\n\t\t\t\t\t<textarea class=\"elementor-field-textual elementor-field  elementor-size-sm\" name=\"form_fields[field_9b1d321]\" id=\"form-field-field_9b1d321\" rows=\"4\" placeholder=\"Va\u0161e zpr\u00e1va\"><\/textarea>\t\t\t\t<\/div>\n\t\t\t\t\t\t\t\t<div class=\"elementor-field-group elementor-column elementor-field-type-submit elementor-col-100 e-form__buttons\">\n\t\t\t\t\t<button class=\"elementor-button elementor-size-sm\" type=\"submit\">\n\t\t\t\t\t\t<span class=\"elementor-button-content-wrapper\">\n\t\t\t\t\t\t\t\t\t\t\t\t\t\t\t\t\t\t\t\t\t\t<span class=\"elementor-button-text\">Odeslat<\/span>\n\t\t\t\t\t\t\t\t\t\t\t\t\t<\/span>\n\t\t\t\t\t<\/button>\n\t\t\t\t<\/div>\n\t\t\t<\/div>\n\t\t<\/form>\n\t\t\t\t\t\t<\/div>\n\t\t\t\t<\/div>\n\t\t\t\t\t<\/div>\n\t\t<\/div>\n\t\t\t\t\t<\/div>\n\t\t<\/section>\n\t\t\t\t<section class=\"elementor-section elementor-top-section elementor-element elementor-element-58824d4 elementor-section-boxed elementor-section-height-default elementor-section-height-default\" data-id=\"58824d4\" data-element_type=\"section\" data-settings=\"{&quot;jet_parallax_layout_list&quot;:[]}\">\n\t\t\t\t\t\t<div class=\"elementor-container elementor-column-gap-default\">\n\t\t\t\t\t<div class=\"elementor-column elementor-col-100 elementor-top-column elementor-element elementor-element-efba755\" data-id=\"efba755\" data-element_type=\"column\">\n\t\t\t<div class=\"elementor-widget-wrap elementor-element-populated\">\n\t\t\t\t\t\t<div class=\"elementor-element elementor-element-c8a6171 elementor-widget-divider--view-line elementor-widget elementor-widget-divider\" data-id=\"c8a6171\" data-element_type=\"widget\" data-widget_type=\"divider.default\">\n\t\t\t\t<div class=\"elementor-widget-container\">\n\t\t\t\t\t\t\t<div class=\"elementor-divider\">\n\t\t\t<span class=\"elementor-divider-separator\">\n\t\t\t\t\t\t<\/span>\n\t\t<\/div>\n\t\t\t\t\t\t<\/div>\n\t\t\t\t<\/div>\n\t\t\t\t\t<\/div>\n\t\t<\/div>\n\t\t\t\t\t<\/div>\n\t\t<\/section>\n\t\t\t\t<\/div>\n\t\t","protected":false},"excerpt":{"rendered":"<p>Obsluha stroj\u016f Obsluha stroj\u016f M\u00edsto v\u00fdkonu pr\u00e1ce: KasejoviceN\u00e1stup: mo\u017en\u00fd ihnedTyp \u00favazku: hlavn\u00ed pracovn\u00ed pom\u011br Hled\u00e1me \u0161ikovn\u00e9ho kolegu, kter\u00fd bude obsluhovat modern\u00ed d\u0159evoobr\u00e1b\u011bc\u00ed stroje a vyr\u00e1b\u011bt kvalitn\u00ed interi\u00e9rov\u00e9 prvky. Co u n\u00e1s budete d\u011blat obsluha a se\u0159izov\u00e1n\u00ed d\u0159evoobr\u00e1b\u011bc\u00edch stroj\u016f (olepova\u010dka hran, CNC, form\u00e1tovac\u00ed pila, fr\u00e9zka, 5os\u00e9 CNC) pr\u00e1ce s technickou dokumentac\u00ed a v\u00fdrobn\u00edmi podklady kontrola kvality [&hellip;]<\/p>\n","protected":false},"author":3,"featured_media":0,"parent":0,"menu_order":0,"comment_status":"closed","ping_status":"closed","template":"","meta":{"inline_featured_image":false,"footnotes":""},"class_list":["post-10407","page","type-page","status-publish","hentry"],"yoast_head":"<!-- This site is optimized with the Yoast SEO plugin v27.3 - https:\/\/yoast.com\/product\/yoast-seo-wordpress\/ -->\n<title>Obsluha stroj\u016f | Interiors MND<\/title>\n<meta name=\"robots\" content=\"index, follow, max-snippet:-1, max-image-preview:large, max-video-preview:-1\" \/>\n<link rel=\"canonical\" href=\"https:\/\/www.interiors-mnd.com\/cs\/en\/obsluha-stroju\/\" \/>\n<meta property=\"og:locale\" content=\"en_GB\" \/>\n<meta property=\"og:type\" content=\"article\" \/>\n<meta property=\"og:title\" content=\"Obsluha stroj\u016f | Interiors MND\" \/>\n<meta property=\"og:description\" content=\"Obsluha stroj\u016f Obsluha stroj\u016f M\u00edsto v\u00fdkonu pr\u00e1ce: KasejoviceN\u00e1stup: mo\u017en\u00fd ihnedTyp \u00favazku: hlavn\u00ed pracovn\u00ed pom\u011br Hled\u00e1me \u0161ikovn\u00e9ho kolegu, kter\u00fd bude obsluhovat modern\u00ed d\u0159evoobr\u00e1b\u011bc\u00ed stroje a vyr\u00e1b\u011bt kvalitn\u00ed interi\u00e9rov\u00e9 prvky. Co u n\u00e1s budete d\u011blat obsluha a se\u0159izov\u00e1n\u00ed d\u0159evoobr\u00e1b\u011bc\u00edch stroj\u016f (olepova\u010dka hran, CNC, form\u00e1tovac\u00ed pila, fr\u00e9zka, 5os\u00e9 CNC) pr\u00e1ce s technickou dokumentac\u00ed a v\u00fdrobn\u00edmi podklady kontrola kvality [&hellip;]\" \/>\n<meta property=\"og:url\" content=\"https:\/\/www.interiors-mnd.com\/cs\/en\/obsluha-stroju\/\" \/>\n<meta property=\"og:site_name\" content=\"Interiors MND\" \/>\n<meta property=\"article:modified_time\" content=\"2026-03-23T08:30:35+00:00\" \/>\n<meta property=\"og:image\" content=\"https:\/\/www.interiors-mnd.com\/wp-content\/uploads\/2026\/03\/Kopie-navrhu-Interiors-2-1024x683.png\" \/>\n\t<meta property=\"og:image:width\" content=\"1024\" \/>\n\t<meta property=\"og:image:height\" content=\"683\" \/>\n\t<meta property=\"og:image:type\" content=\"image\/png\" \/>\n<meta name=\"twitter:card\" content=\"summary_large_image\" \/>\n<meta name=\"twitter:label1\" content=\"Estimated reading time\" \/>\n\t<meta name=\"twitter:data1\" content=\"2 minutes\" \/>\n<script type=\"application\/ld+json\" class=\"yoast-schema-graph\">{\"@context\":\"https:\\\/\\\/schema.org\",\"@graph\":[{\"@type\":\"WebPage\",\"@id\":\"https:\\\/\\\/www.interiors-mnd.com\\\/cs\\\/obsluha-stroju\\\/\",\"url\":\"https:\\\/\\\/www.interiors-mnd.com\\\/cs\\\/obsluha-stroju\\\/\",\"name\":\"Obsluha stroj\u016f | Interiors MND\",\"isPartOf\":{\"@id\":\"https:\\\/\\\/www.interiors-mnd.com\\\/cs\\\/#website\"},\"primaryImageOfPage\":{\"@id\":\"https:\\\/\\\/www.interiors-mnd.com\\\/cs\\\/obsluha-stroju\\\/#primaryimage\"},\"image\":{\"@id\":\"https:\\\/\\\/www.interiors-mnd.com\\\/cs\\\/obsluha-stroju\\\/#primaryimage\"},\"thumbnailUrl\":\"https:\\\/\\\/www.interiors-mnd.com\\\/wp-content\\\/uploads\\\/2026\\\/03\\\/Kopie-navrhu-Interiors-2-1024x683.png\",\"datePublished\":\"2026-03-23T08:17:07+00:00\",\"dateModified\":\"2026-03-23T08:30:35+00:00\",\"breadcrumb\":{\"@id\":\"https:\\\/\\\/www.interiors-mnd.com\\\/cs\\\/obsluha-stroju\\\/#breadcrumb\"},\"inLanguage\":\"en-GB\",\"potentialAction\":[{\"@type\":\"ReadAction\",\"target\":[\"https:\\\/\\\/www.interiors-mnd.com\\\/cs\\\/obsluha-stroju\\\/\"]}]},{\"@type\":\"ImageObject\",\"inLanguage\":\"en-GB\",\"@id\":\"https:\\\/\\\/www.interiors-mnd.com\\\/cs\\\/obsluha-stroju\\\/#primaryimage\",\"url\":\"https:\\\/\\\/www.interiors-mnd.com\\\/wp-content\\\/uploads\\\/2026\\\/03\\\/Kopie-navrhu-Interiors-2-1024x683.png\",\"contentUrl\":\"https:\\\/\\\/www.interiors-mnd.com\\\/wp-content\\\/uploads\\\/2026\\\/03\\\/Kopie-navrhu-Interiors-2-1024x683.png\"},{\"@type\":\"BreadcrumbList\",\"@id\":\"https:\\\/\\\/www.interiors-mnd.com\\\/cs\\\/obsluha-stroju\\\/#breadcrumb\",\"itemListElement\":[{\"@type\":\"ListItem\",\"position\":1,\"name\":\"Dom\u016f\",\"item\":\"https:\\\/\\\/www.interiors-mnd.com\\\/cs\\\/\"},{\"@type\":\"ListItem\",\"position\":2,\"name\":\"Obsluha stroj\u016f\"}]},{\"@type\":\"WebSite\",\"@id\":\"https:\\\/\\\/www.interiors-mnd.com\\\/cs\\\/#website\",\"url\":\"https:\\\/\\\/www.interiors-mnd.com\\\/cs\\\/\",\"name\":\"Interiors MND\",\"description\":\"Komplexn\u00ed \u0159e\u0161en\u00ed interi\u00e9r\u016f kdekoliv na sv\u011bt\u011b\",\"publisher\":{\"@id\":\"https:\\\/\\\/www.interiors-mnd.com\\\/cs\\\/#organization\"},\"potentialAction\":[{\"@type\":\"SearchAction\",\"target\":{\"@type\":\"EntryPoint\",\"urlTemplate\":\"https:\\\/\\\/www.interiors-mnd.com\\\/cs\\\/?s={search_term_string}\"},\"query-input\":{\"@type\":\"PropertyValueSpecification\",\"valueRequired\":true,\"valueName\":\"search_term_string\"}}],\"inLanguage\":\"en-GB\"},{\"@type\":\"Organization\",\"@id\":\"https:\\\/\\\/www.interiors-mnd.com\\\/cs\\\/#organization\",\"name\":\"Interiors MND\",\"url\":\"https:\\\/\\\/www.interiors-mnd.com\\\/cs\\\/\",\"logo\":{\"@type\":\"ImageObject\",\"inLanguage\":\"en-GB\",\"@id\":\"https:\\\/\\\/www.interiors-mnd.com\\\/cs\\\/#\\\/schema\\\/logo\\\/image\\\/\",\"url\":\"https:\\\/\\\/www.interiors-mnd.com\\\/wp-content\\\/uploads\\\/2023\\\/03\\\/logo.png\",\"contentUrl\":\"https:\\\/\\\/www.interiors-mnd.com\\\/wp-content\\\/uploads\\\/2023\\\/03\\\/logo.png\",\"width\":232,\"height\":65,\"caption\":\"Interiors MND\"},\"image\":{\"@id\":\"https:\\\/\\\/www.interiors-mnd.com\\\/cs\\\/#\\\/schema\\\/logo\\\/image\\\/\"}}]}<\/script>\n<!-- \/ Yoast SEO plugin. -->","yoast_head_json":{"title":"Obsluha stroj\u016f | Interiors MND","robots":{"index":"index","follow":"follow","max-snippet":"max-snippet:-1","max-image-preview":"max-image-preview:large","max-video-preview":"max-video-preview:-1"},"canonical":"https:\/\/www.interiors-mnd.com\/cs\/en\/obsluha-stroju\/","og_locale":"en_GB","og_type":"article","og_title":"Obsluha stroj\u016f | Interiors MND","og_description":"Obsluha stroj\u016f Obsluha stroj\u016f M\u00edsto v\u00fdkonu pr\u00e1ce: KasejoviceN\u00e1stup: mo\u017en\u00fd ihnedTyp \u00favazku: hlavn\u00ed pracovn\u00ed pom\u011br Hled\u00e1me \u0161ikovn\u00e9ho kolegu, kter\u00fd bude obsluhovat modern\u00ed d\u0159evoobr\u00e1b\u011bc\u00ed stroje a vyr\u00e1b\u011bt kvalitn\u00ed interi\u00e9rov\u00e9 prvky. Co u n\u00e1s budete d\u011blat obsluha a se\u0159izov\u00e1n\u00ed d\u0159evoobr\u00e1b\u011bc\u00edch stroj\u016f (olepova\u010dka hran, CNC, form\u00e1tovac\u00ed pila, fr\u00e9zka, 5os\u00e9 CNC) pr\u00e1ce s technickou dokumentac\u00ed a v\u00fdrobn\u00edmi podklady kontrola kvality [&hellip;]","og_url":"https:\/\/www.interiors-mnd.com\/cs\/en\/obsluha-stroju\/","og_site_name":"Interiors MND","article_modified_time":"2026-03-23T08:30:35+00:00","og_image":[{"width":1024,"height":683,"url":"https:\/\/www.interiors-mnd.com\/wp-content\/uploads\/2026\/03\/Kopie-navrhu-Interiors-2-1024x683.png","type":"image\/png"}],"twitter_card":"summary_large_image","twitter_misc":{"Estimated reading time":"2 minutes"},"schema":{"@context":"https:\/\/schema.org","@graph":[{"@type":"WebPage","@id":"https:\/\/www.interiors-mnd.com\/cs\/obsluha-stroju\/","url":"https:\/\/www.interiors-mnd.com\/cs\/obsluha-stroju\/","name":"Obsluha stroj\u016f | Interiors MND","isPartOf":{"@id":"https:\/\/www.interiors-mnd.com\/cs\/#website"},"primaryImageOfPage":{"@id":"https:\/\/www.interiors-mnd.com\/cs\/obsluha-stroju\/#primaryimage"},"image":{"@id":"https:\/\/www.interiors-mnd.com\/cs\/obsluha-stroju\/#primaryimage"},"thumbnailUrl":"https:\/\/www.interiors-mnd.com\/wp-content\/uploads\/2026\/03\/Kopie-navrhu-Interiors-2-1024x683.png","datePublished":"2026-03-23T08:17:07+00:00","dateModified":"2026-03-23T08:30:35+00:00","breadcrumb":{"@id":"https:\/\/www.interiors-mnd.com\/cs\/obsluha-stroju\/#breadcrumb"},"inLanguage":"en-GB","potentialAction":[{"@type":"ReadAction","target":["https:\/\/www.interiors-mnd.com\/cs\/obsluha-stroju\/"]}]},{"@type":"ImageObject","inLanguage":"en-GB","@id":"https:\/\/www.interiors-mnd.com\/cs\/obsluha-stroju\/#primaryimage","url":"https:\/\/www.interiors-mnd.com\/wp-content\/uploads\/2026\/03\/Kopie-navrhu-Interiors-2-1024x683.png","contentUrl":"https:\/\/www.interiors-mnd.com\/wp-content\/uploads\/2026\/03\/Kopie-navrhu-Interiors-2-1024x683.png"},{"@type":"BreadcrumbList","@id":"https:\/\/www.interiors-mnd.com\/cs\/obsluha-stroju\/#breadcrumb","itemListElement":[{"@type":"ListItem","position":1,"name":"Dom\u016f","item":"https:\/\/www.interiors-mnd.com\/cs\/"},{"@type":"ListItem","position":2,"name":"Obsluha stroj\u016f"}]},{"@type":"WebSite","@id":"https:\/\/www.interiors-mnd.com\/cs\/#website","url":"https:\/\/www.interiors-mnd.com\/cs\/","name":"Interiors MND","description":"Komplexn\u00ed \u0159e\u0161en\u00ed interi\u00e9r\u016f kdekoliv na sv\u011bt\u011b","publisher":{"@id":"https:\/\/www.interiors-mnd.com\/cs\/#organization"},"potentialAction":[{"@type":"SearchAction","target":{"@type":"EntryPoint","urlTemplate":"https:\/\/www.interiors-mnd.com\/cs\/?s={search_term_string}"},"query-input":{"@type":"PropertyValueSpecification","valueRequired":true,"valueName":"search_term_string"}}],"inLanguage":"en-GB"},{"@type":"Organization","@id":"https:\/\/www.interiors-mnd.com\/cs\/#organization","name":"Interiors MND","url":"https:\/\/www.interiors-mnd.com\/cs\/","logo":{"@type":"ImageObject","inLanguage":"en-GB","@id":"https:\/\/www.interiors-mnd.com\/cs\/#\/schema\/logo\/image\/","url":"https:\/\/www.interiors-mnd.com\/wp-content\/uploads\/2023\/03\/logo.png","contentUrl":"https:\/\/www.interiors-mnd.com\/wp-content\/uploads\/2023\/03\/logo.png","width":232,"height":65,"caption":"Interiors MND"},"image":{"@id":"https:\/\/www.interiors-mnd.com\/cs\/#\/schema\/logo\/image\/"}}]}},"_links":{"self":[{"href":"https:\/\/www.interiors-mnd.com\/cs\/en\/wp-json\/wp\/v2\/pages\/10407","targetHints":{"allow":["GET"]}}],"collection":[{"href":"https:\/\/www.interiors-mnd.com\/cs\/en\/wp-json\/wp\/v2\/pages"}],"about":[{"href":"https:\/\/www.interiors-mnd.com\/cs\/en\/wp-json\/wp\/v2\/types\/page"}],"author":[{"embeddable":true,"href":"https:\/\/www.interiors-mnd.com\/cs\/en\/wp-json\/wp\/v2\/users\/3"}],"replies":[{"embeddable":true,"href":"https:\/\/www.interiors-mnd.com\/cs\/en\/wp-json\/wp\/v2\/comments?post=10407"}],"version-history":[{"count":4,"href":"https:\/\/www.interiors-mnd.com\/cs\/en\/wp-json\/wp\/v2\/pages\/10407\/revisions"}],"predecessor-version":[{"id":10417,"href":"https:\/\/www.interiors-mnd.com\/cs\/en\/wp-json\/wp\/v2\/pages\/10407\/revisions\/10417"}],"wp:attachment":[{"href":"https:\/\/www.interiors-mnd.com\/cs\/en\/wp-json\/wp\/v2\/media?parent=10407"}],"curies":[{"name":"wp","href":"https:\/\/api.w.org\/{rel}","templated":true}]}}