{"id":10398,"date":"2026-03-23T07:56:14","date_gmt":"2026-03-23T07:56:14","guid":{"rendered":"https:\/\/www.interiors-mnd.com\/cs\/?page_id=10398"},"modified":"2026-03-23T08:14:46","modified_gmt":"2026-03-23T08:14:46","slug":"truhlar","status":"publish","type":"page","link":"https:\/\/www.interiors-mnd.com\/cs\/en\/truhlar\/","title":{"rendered":"Truhl\u00e1\u0159"},"content":{"rendered":"\t\t<div data-elementor-type=\"wp-page\" data-elementor-id=\"10398\" class=\"elementor elementor-10398\" data-elementor-post-type=\"page\">\n\t\t\t\t\t\t<section class=\"elementor-section elementor-top-section elementor-element elementor-element-4978ad3 elementor-section-boxed elementor-section-height-default elementor-section-height-default\" data-id=\"4978ad3\" data-element_type=\"section\" data-settings=\"{&quot;jet_parallax_layout_list&quot;:[]}\">\n\t\t\t\t\t\t<div class=\"elementor-container elementor-column-gap-default\">\n\t\t\t\t\t<div class=\"elementor-column elementor-col-100 elementor-top-column elementor-element elementor-element-4bac320\" data-id=\"4bac320\" data-element_type=\"column\">\n\t\t\t<div class=\"elementor-widget-wrap elementor-element-populated\">\n\t\t\t\t\t\t<section class=\"elementor-section elementor-inner-section elementor-element elementor-element-82156cb elementor-section-boxed elementor-section-height-default elementor-section-height-default\" data-id=\"82156cb\" data-element_type=\"section\" data-settings=\"{&quot;jet_parallax_layout_list&quot;:[]}\">\n\t\t\t\t\t\t<div class=\"elementor-container elementor-column-gap-default\">\n\t\t\t\t\t<div class=\"elementor-column elementor-col-50 elementor-inner-column elementor-element elementor-element-c235385\" data-id=\"c235385\" data-element_type=\"column\">\n\t\t\t<div class=\"elementor-widget-wrap elementor-element-populated\">\n\t\t\t\t\t\t<div class=\"elementor-element elementor-element-6a5fd78 elementor-widget elementor-widget-heading\" data-id=\"6a5fd78\" data-element_type=\"widget\" data-widget_type=\"heading.default\">\n\t\t\t\t<div class=\"elementor-widget-container\">\n\t\t\t\t\t<h2 class=\"elementor-heading-title elementor-size-default\">Truhl\u00e1\u0159<\/h2>\t\t\t\t<\/div>\n\t\t\t\t<\/div>\n\t\t\t\t<div class=\"elementor-element elementor-element-9bc8552 elementor-widget-divider--view-line elementor-widget elementor-widget-divider\" data-id=\"9bc8552\" data-element_type=\"widget\" data-widget_type=\"divider.default\">\n\t\t\t\t<div class=\"elementor-widget-container\">\n\t\t\t\t\t\t\t<div class=\"elementor-divider\">\n\t\t\t<span class=\"elementor-divider-separator\">\n\t\t\t\t\t\t<\/span>\n\t\t<\/div>\n\t\t\t\t\t\t<\/div>\n\t\t\t\t<\/div>\n\t\t\t\t\t<\/div>\n\t\t<\/div>\n\t\t\t\t<div class=\"elementor-column elementor-col-50 elementor-inner-column elementor-element elementor-element-93bf3cd\" data-id=\"93bf3cd\" data-element_type=\"column\">\n\t\t\t<div class=\"elementor-widget-wrap elementor-element-populated\">\n\t\t\t\t\t\t<div class=\"elementor-element elementor-element-e409df6 elementor-widget elementor-widget-image\" data-id=\"e409df6\" data-element_type=\"widget\" data-widget_type=\"image.default\">\n\t\t\t\t<div class=\"elementor-widget-container\">\n\t\t\t\t\t\t\t\t\t\t\t\t\t\t\t<img fetchpriority=\"high\" decoding=\"async\" width=\"800\" height=\"534\" src=\"https:\/\/www.interiors-mnd.com\/wp-content\/uploads\/2026\/03\/Kopie-navrhu-Interiors-1-1024x683.png\" class=\"attachment-large size-large wp-image-10364\" alt=\"\" srcset=\"https:\/\/www.interiors-mnd.com\/wp-content\/uploads\/2026\/03\/Kopie-navrhu-Interiors-1-1024x683.png 1024w, https:\/\/www.interiors-mnd.com\/wp-content\/uploads\/2026\/03\/Kopie-navrhu-Interiors-1-300x200.png 300w, https:\/\/www.interiors-mnd.com\/wp-content\/uploads\/2026\/03\/Kopie-navrhu-Interiors-1-768x512.png 768w, https:\/\/www.interiors-mnd.com\/wp-content\/uploads\/2026\/03\/Kopie-navrhu-Interiors-1-18x12.png 18w, https:\/\/www.interiors-mnd.com\/wp-content\/uploads\/2026\/03\/Kopie-navrhu-Interiors-1.png 1536w\" sizes=\"(max-width: 800px) 100vw, 800px\" \/>\t\t\t\t\t\t\t\t\t\t\t\t\t\t\t<\/div>\n\t\t\t\t<\/div>\n\t\t\t\t\t<\/div>\n\t\t<\/div>\n\t\t\t\t\t<\/div>\n\t\t<\/section>\n\t\t\t\t\t<\/div>\n\t\t<\/div>\n\t\t\t\t\t<\/div>\n\t\t<\/section>\n\t\t\t\t<section class=\"elementor-section elementor-top-section elementor-element elementor-element-81c980f elementor-section-boxed elementor-section-height-default elementor-section-height-default\" data-id=\"81c980f\" data-element_type=\"section\" data-settings=\"{&quot;jet_parallax_layout_list&quot;:[]}\">\n\t\t\t\t\t\t<div class=\"elementor-container elementor-column-gap-default\">\n\t\t\t\t\t<div class=\"elementor-column elementor-col-100 elementor-top-column elementor-element elementor-element-8cc5efb\" data-id=\"8cc5efb\" data-element_type=\"column\">\n\t\t\t<div class=\"elementor-widget-wrap elementor-element-populated\">\n\t\t\t\t\t\t<div class=\"elementor-element elementor-element-8e614b0 elementor-widget elementor-widget-heading\" data-id=\"8e614b0\" data-element_type=\"widget\" data-widget_type=\"heading.default\">\n\t\t\t\t<div class=\"elementor-widget-container\">\n\t\t\t\t\t<h2 class=\"elementor-heading-title elementor-size-default\">Truhl\u00e1\u0159<\/h2>\t\t\t\t<\/div>\n\t\t\t\t<\/div>\n\t\t\t\t\t<\/div>\n\t\t<\/div>\n\t\t\t\t\t<\/div>\n\t\t<\/section>\n\t\t\t\t<section class=\"elementor-section elementor-top-section elementor-element elementor-element-14d25d9 elementor-section-boxed elementor-section-height-default elementor-section-height-default\" data-id=\"14d25d9\" data-element_type=\"section\" data-settings=\"{&quot;jet_parallax_layout_list&quot;:[]}\">\n\t\t\t\t\t\t<div class=\"elementor-container elementor-column-gap-default\">\n\t\t\t\t\t<div class=\"elementor-column elementor-col-100 elementor-top-column elementor-element elementor-element-a0e8dc6\" data-id=\"a0e8dc6\" data-element_type=\"column\">\n\t\t\t<div class=\"elementor-widget-wrap elementor-element-populated\">\n\t\t\t\t\t\t<div class=\"elementor-element elementor-element-6f1e248 elementor-widget elementor-widget-text-editor\" data-id=\"6f1e248\" data-element_type=\"widget\" data-widget_type=\"text-editor.default\">\n\t\t\t\t<div class=\"elementor-widget-container\">\n\t\t\t\t\t\t\t\t\t<p><strong>M\u00edsto v\u00fdkonu pr\u00e1ce:<\/strong> Kasejovice<br \/><strong>N\u00e1stup:<\/strong> mo\u017en\u00fd ihned<br \/><strong>Typ \u00favazku:<\/strong> hlavn\u00ed pracovn\u00ed pom\u011br<\/p><p>Hled\u00e1me \u0161ikovn\u00e9ho a pe\u010dliv\u00e9ho kolegu, kter\u00fd m\u00e1 vztah k \u0159emeslu a r\u00e1d pracuje se d\u0159evem. Nab\u00edz\u00edme stabiln\u00ed z\u00e1zem\u00ed a dlouhodobou spolupr\u00e1ci p\u0159i v\u00fdrob\u011b kvalitn\u00edch zak\u00e1zkov\u00fdch interi\u00e9r\u016f.<\/p><p><strong>Co u n\u00e1s budete d\u011blat<\/strong><\/p><ul><li>zak\u00e1zkovou v\u00fdrobu n\u00e1bytku a interi\u00e9rov\u00fdch prvk\u016f<\/li><li>pr\u00e1ci podle v\u00fdkresov\u00e9 a technick\u00e9 dokumentace<\/li><li>obsluhu truhl\u00e1\u0159sk\u00fdch stroj\u016f a n\u00e1\u0159ad\u00ed<\/li><li>kontrolu kvality hotov\u00fdch v\u00fdrobk\u016f<\/li><li>spolupr\u00e1ci s v\u00fdrobn\u00edm t\u00fdmem a mont\u00e1\u017en\u00edmi skupinami<\/li><li>pr\u00e1ci ve dvousm\u011bnn\u00e9m provozu<br \/><br \/><\/li><\/ul><p><strong>Co od v\u00e1s o\u010dek\u00e1v\u00e1me<\/strong><\/p><ul><li>vyu\u010den\u00ed v oboru truhl\u00e1\u0159 nebo praxi na obdobn\u00e9 pozici<\/li><li>orientaci ve v\u00fdkresov\u00e9 dokumentaci<\/li><li>manu\u00e1ln\u00ed zru\u010dnost a smysl pro detail<\/li><li>pe\u010dlivost, spolehlivost a samostatnost<\/li><li>schopnost pracovat v t\u00fdmu<\/li><li>chu\u0165 u\u010dit se nov\u00e9 v\u011bci a d\u00e1le se rozv\u00edjet<br \/><br \/><\/li><\/ul><p><strong>Co nab\u00edz\u00edme \/ Benefity<\/strong><\/p><ul><li>stabiln\u00ed zam\u011bstn\u00e1n\u00ed na hlavn\u00ed pracovn\u00ed pom\u011br<\/li><li>motivuj\u00edc\u00ed finan\u010dn\u00ed ohodnocen\u00ed<\/li><li>mo\u017enost zaji\u0161t\u011bn\u00ed ubytov\u00e1n\u00ed<\/li><li>pracovn\u00ed oble\u010den\u00ed<\/li><li>z\u00e1vodn\u00ed stravov\u00e1n\u00ed<\/li><li>kafet\u00e9rie<\/li><li>p\u0159\u00edsp\u011bvek na penzijn\u00ed p\u0159ipoji\u0161t\u011bn\u00ed<\/li><li>dlouhodobou spolupr\u00e1ci a jistotu zam\u011bstn\u00e1n\u00ed<\/li><li>p\u0159\u00e1telsk\u00e9 pracovn\u00ed prost\u0159ed\u00ed<br \/><br \/><\/li><\/ul><p>V p\u0159\u00edpad\u011b z\u00e1jmu za\u0161lete sv\u016fj \u017eivotopis na:\u00a0<strong><a href=\"mailto:info@interiors-mnd.com\">info@interiors-mnd.com<\/a><\/strong><\/p>\t\t\t\t\t\t\t\t<\/div>\n\t\t\t\t<\/div>\n\t\t\t\t\t<\/div>\n\t\t<\/div>\n\t\t\t\t\t<\/div>\n\t\t<\/section>\n\t\t\t\t<section class=\"elementor-section elementor-top-section elementor-element elementor-element-6c865cf elementor-section-boxed elementor-section-height-default elementor-section-height-default\" data-id=\"6c865cf\" data-element_type=\"section\" data-settings=\"{&quot;jet_parallax_layout_list&quot;:[]}\">\n\t\t\t\t\t\t<div class=\"elementor-container elementor-column-gap-default\">\n\t\t\t\t\t<div class=\"elementor-column elementor-col-100 elementor-top-column elementor-element elementor-element-cb53220\" data-id=\"cb53220\" data-element_type=\"column\">\n\t\t\t<div class=\"elementor-widget-wrap\">\n\t\t\t\t\t\t\t<\/div>\n\t\t<\/div>\n\t\t\t\t\t<\/div>\n\t\t<\/section>\n\t\t\t\t<section class=\"elementor-section elementor-top-section elementor-element elementor-element-e5142aa elementor-section-boxed elementor-section-height-default elementor-section-height-default\" data-id=\"e5142aa\" data-element_type=\"section\" data-settings=\"{&quot;jet_parallax_layout_list&quot;:[]}\">\n\t\t\t\t\t\t<div class=\"elementor-container elementor-column-gap-default\">\n\t\t\t\t\t<div class=\"elementor-column elementor-col-100 elementor-top-column elementor-element elementor-element-a362e32\" data-id=\"a362e32\" data-element_type=\"column\">\n\t\t\t<div class=\"elementor-widget-wrap elementor-element-populated\">\n\t\t\t\t\t\t<div class=\"elementor-element elementor-element-86473b1 elementor-widget elementor-widget-heading\" data-id=\"86473b1\" data-element_type=\"widget\" data-widget_type=\"heading.default\">\n\t\t\t\t<div class=\"elementor-widget-container\">\n\t\t\t\t\t<h2 class=\"elementor-heading-title elementor-size-default\">Napi\u0161te n\u00e1m<\/h2>\t\t\t\t<\/div>\n\t\t\t\t<\/div>\n\t\t\t\t\t<\/div>\n\t\t<\/div>\n\t\t\t\t\t<\/div>\n\t\t<\/section>\n\t\t\t\t<section class=\"elementor-section elementor-top-section elementor-element elementor-element-ddabd50 elementor-section-boxed elementor-section-height-default elementor-section-height-default\" data-id=\"ddabd50\" data-element_type=\"section\" data-settings=\"{&quot;jet_parallax_layout_list&quot;:[]}\">\n\t\t\t\t\t\t<div class=\"elementor-container elementor-column-gap-default\">\n\t\t\t\t\t<div class=\"elementor-column elementor-col-100 elementor-top-column elementor-element elementor-element-261a5b0\" data-id=\"261a5b0\" data-element_type=\"column\">\n\t\t\t<div class=\"elementor-widget-wrap elementor-element-populated\">\n\t\t\t\t\t\t<div class=\"elementor-element elementor-element-2bf18db elementor-button-align-center elementor-widget elementor-widget-form\" data-id=\"2bf18db\" data-element_type=\"widget\" data-settings=\"{&quot;step_next_label&quot;:&quot;Next&quot;,&quot;step_previous_label&quot;:&quot;Previous&quot;,&quot;button_width&quot;:&quot;100&quot;,&quot;step_type&quot;:&quot;number_text&quot;,&quot;step_icon_shape&quot;:&quot;circle&quot;}\" data-widget_type=\"form.default\">\n\t\t\t\t<div class=\"elementor-widget-container\">\n\t\t\t\t\t\t\t<form class=\"elementor-form\" method=\"post\" name=\"New Form\">\n\t\t\t<input type=\"hidden\" name=\"post_id\" value=\"10398\"\/>\n\t\t\t<input type=\"hidden\" name=\"form_id\" value=\"2bf18db\"\/>\n\t\t\t<input type=\"hidden\" name=\"referer_title\" value=\"Interiors MND\" \/>\n\n\t\t\t\n\t\t\t<div class=\"elementor-form-fields-wrapper elementor-labels-\">\n\t\t\t\t\t\t\t\t<div class=\"elementor-field-type-text elementor-field-group elementor-column elementor-field-group-name elementor-col-50\">\n\t\t\t\t\t\t\t\t\t\t\t\t\t<input size=\"1\" type=\"text\" name=\"form_fields[name]\" id=\"form-field-name\" class=\"elementor-field elementor-size-sm  elementor-field-textual\" placeholder=\"Jm\u00e9no a p\u0159\u00edjmen\u00ed \">\n\t\t\t\t\t\t\t\t\t\t\t<\/div>\n\t\t\t\t\t\t\t\t<div class=\"elementor-field-type-number elementor-field-group elementor-column elementor-field-group-email elementor-col-50 elementor-field-required\">\n\t\t\t\t\t\t\t\t<input type=\"number\" name=\"form_fields[email]\" id=\"form-field-email\" class=\"elementor-field elementor-size-sm  elementor-field-textual\" placeholder=\"Telefon\" required=\"required\" min=\"\" max=\"\" >\n\t\t\t\t\t\t<\/div>\n\t\t\t\t\t\t\t\t<div class=\"elementor-field-type-email elementor-field-group elementor-column elementor-field-group-message elementor-col-50 elementor-field-required\">\n\t\t\t\t\t\t\t\t\t\t\t\t\t<input size=\"1\" type=\"email\" name=\"form_fields[message]\" id=\"form-field-message\" class=\"elementor-field elementor-size-sm  elementor-field-textual\" placeholder=\"Email\" required=\"required\">\n\t\t\t\t\t\t\t\t\t\t\t<\/div>\n\t\t\t\t\t\t\t\t<div class=\"elementor-field-type-upload elementor-field-group elementor-column elementor-field-group-field_23498f2 elementor-col-50\">\n\t\t\t\t\t\t\t\t\t\t\t\t<label for=\"form-field-field_23498f2\" class=\"elementor-field-label elementor-screen-only\">\n\t\t\t\t\t\t\t\t\u017divotopis\/motiva\u010dn\u00ed dopis\t\t\t\t\t\t\t<\/label>\n\t\t\t\t\t\t\t\t<input type=\"file\" name=\"form_fields[field_23498f2]\" id=\"form-field-field_23498f2\" class=\"elementor-field elementor-size-sm  elementor-upload-field\">\n\n\t\t\t\t\t\t<\/div>\n\t\t\t\t\t\t\t\t<div class=\"elementor-field-type-textarea elementor-field-group elementor-column elementor-field-group-field_bf349e4 elementor-col-100\">\n\t\t\t\t\t<textarea class=\"elementor-field-textual elementor-field  elementor-size-sm\" name=\"form_fields[field_bf349e4]\" id=\"form-field-field_bf349e4\" rows=\"4\" placeholder=\"Va\u0161e zpr\u00e1va \"><\/textarea>\t\t\t\t<\/div>\n\t\t\t\t\t\t\t\t<div class=\"elementor-field-group elementor-column elementor-field-type-submit elementor-col-100 e-form__buttons\">\n\t\t\t\t\t<button class=\"elementor-button elementor-size-sm\" type=\"submit\">\n\t\t\t\t\t\t<span class=\"elementor-button-content-wrapper\">\n\t\t\t\t\t\t\t\t\t\t\t\t\t\t\t\t\t\t\t\t\t\t<span class=\"elementor-button-text\">Odeslat<\/span>\n\t\t\t\t\t\t\t\t\t\t\t\t\t<\/span>\n\t\t\t\t\t<\/button>\n\t\t\t\t<\/div>\n\t\t\t<\/div>\n\t\t<\/form>\n\t\t\t\t\t\t<\/div>\n\t\t\t\t<\/div>\n\t\t\t\t\t<\/div>\n\t\t<\/div>\n\t\t\t\t\t<\/div>\n\t\t<\/section>\n\t\t\t\t<section class=\"elementor-section elementor-top-section elementor-element elementor-element-5530939 elementor-section-boxed elementor-section-height-default elementor-section-height-default\" data-id=\"5530939\" data-element_type=\"section\" data-settings=\"{&quot;jet_parallax_layout_list&quot;:[]}\">\n\t\t\t\t\t\t<div class=\"elementor-container elementor-column-gap-default\">\n\t\t\t\t\t<div class=\"elementor-column elementor-col-100 elementor-top-column elementor-element elementor-element-0170d2c\" data-id=\"0170d2c\" data-element_type=\"column\">\n\t\t\t<div class=\"elementor-widget-wrap elementor-element-populated\">\n\t\t\t\t\t\t<div class=\"elementor-element elementor-element-daa32d0 elementor-widget-divider--view-line elementor-widget elementor-widget-divider\" data-id=\"daa32d0\" data-element_type=\"widget\" data-widget_type=\"divider.default\">\n\t\t\t\t<div class=\"elementor-widget-container\">\n\t\t\t\t\t\t\t<div class=\"elementor-divider\">\n\t\t\t<span class=\"elementor-divider-separator\">\n\t\t\t\t\t\t<\/span>\n\t\t<\/div>\n\t\t\t\t\t\t<\/div>\n\t\t\t\t<\/div>\n\t\t\t\t\t<\/div>\n\t\t<\/div>\n\t\t\t\t\t<\/div>\n\t\t<\/section>\n\t\t\t\t<\/div>\n\t\t","protected":false},"excerpt":{"rendered":"<p>Truhl\u00e1\u0159 Truhl\u00e1\u0159 M\u00edsto v\u00fdkonu pr\u00e1ce: KasejoviceN\u00e1stup: mo\u017en\u00fd ihnedTyp \u00favazku: hlavn\u00ed pracovn\u00ed pom\u011br Hled\u00e1me \u0161ikovn\u00e9ho a pe\u010dliv\u00e9ho kolegu, kter\u00fd m\u00e1 vztah k \u0159emeslu a r\u00e1d pracuje se d\u0159evem. Nab\u00edz\u00edme stabiln\u00ed z\u00e1zem\u00ed a dlouhodobou spolupr\u00e1ci p\u0159i v\u00fdrob\u011b kvalitn\u00edch zak\u00e1zkov\u00fdch interi\u00e9r\u016f. Co u n\u00e1s budete d\u011blat zak\u00e1zkovou v\u00fdrobu n\u00e1bytku a interi\u00e9rov\u00fdch prvk\u016f pr\u00e1ci podle v\u00fdkresov\u00e9 a technick\u00e9 dokumentace [&hellip;]<\/p>\n","protected":false},"author":3,"featured_media":10364,"parent":0,"menu_order":0,"comment_status":"closed","ping_status":"closed","template":"","meta":{"inline_featured_image":false,"footnotes":""},"class_list":["post-10398","page","type-page","status-publish","has-post-thumbnail","hentry"],"yoast_head":"<!-- This site is optimized with the Yoast SEO plugin v27.3 - https:\/\/yoast.com\/product\/yoast-seo-wordpress\/ -->\n<title>Truhl\u00e1\u0159 | Interiors MND<\/title>\n<meta name=\"robots\" content=\"index, follow, max-snippet:-1, max-image-preview:large, max-video-preview:-1\" \/>\n<link rel=\"canonical\" href=\"https:\/\/www.interiors-mnd.com\/cs\/en\/truhlar\/\" \/>\n<meta property=\"og:locale\" content=\"en_GB\" \/>\n<meta property=\"og:type\" content=\"article\" \/>\n<meta property=\"og:title\" content=\"Truhl\u00e1\u0159 | Interiors MND\" \/>\n<meta property=\"og:description\" content=\"Truhl\u00e1\u0159 Truhl\u00e1\u0159 M\u00edsto v\u00fdkonu pr\u00e1ce: KasejoviceN\u00e1stup: mo\u017en\u00fd ihnedTyp \u00favazku: hlavn\u00ed pracovn\u00ed pom\u011br Hled\u00e1me \u0161ikovn\u00e9ho a pe\u010dliv\u00e9ho kolegu, kter\u00fd m\u00e1 vztah k \u0159emeslu a r\u00e1d pracuje se d\u0159evem. Nab\u00edz\u00edme stabiln\u00ed z\u00e1zem\u00ed a dlouhodobou spolupr\u00e1ci p\u0159i v\u00fdrob\u011b kvalitn\u00edch zak\u00e1zkov\u00fdch interi\u00e9r\u016f. Co u n\u00e1s budete d\u011blat zak\u00e1zkovou v\u00fdrobu n\u00e1bytku a interi\u00e9rov\u00fdch prvk\u016f pr\u00e1ci podle v\u00fdkresov\u00e9 a technick\u00e9 dokumentace [&hellip;]\" \/>\n<meta property=\"og:url\" content=\"https:\/\/www.interiors-mnd.com\/cs\/en\/truhlar\/\" \/>\n<meta property=\"og:site_name\" content=\"Interiors MND\" \/>\n<meta property=\"article:modified_time\" content=\"2026-03-23T08:14:46+00:00\" \/>\n<meta property=\"og:image\" content=\"https:\/\/www.interiors-mnd.com\/wp-content\/uploads\/2026\/03\/Kopie-navrhu-Interiors-1-1024x683.png\" \/>\n\t<meta property=\"og:image:width\" content=\"1024\" \/>\n\t<meta property=\"og:image:height\" content=\"683\" \/>\n\t<meta property=\"og:image:type\" content=\"image\/png\" \/>\n<meta name=\"twitter:card\" content=\"summary_large_image\" \/>\n<meta name=\"twitter:label1\" content=\"Estimated reading time\" \/>\n\t<meta name=\"twitter:data1\" content=\"2 minutes\" \/>\n<script type=\"application\/ld+json\" class=\"yoast-schema-graph\">{\"@context\":\"https:\\\/\\\/schema.org\",\"@graph\":[{\"@type\":\"WebPage\",\"@id\":\"https:\\\/\\\/www.interiors-mnd.com\\\/cs\\\/truhlar\\\/\",\"url\":\"https:\\\/\\\/www.interiors-mnd.com\\\/cs\\\/truhlar\\\/\",\"name\":\"Truhl\u00e1\u0159 | Interiors MND\",\"isPartOf\":{\"@id\":\"https:\\\/\\\/www.interiors-mnd.com\\\/cs\\\/#website\"},\"primaryImageOfPage\":{\"@id\":\"https:\\\/\\\/www.interiors-mnd.com\\\/cs\\\/truhlar\\\/#primaryimage\"},\"image\":{\"@id\":\"https:\\\/\\\/www.interiors-mnd.com\\\/cs\\\/truhlar\\\/#primaryimage\"},\"thumbnailUrl\":\"https:\\\/\\\/www.interiors-mnd.com\\\/wp-content\\\/uploads\\\/2026\\\/03\\\/Kopie-navrhu-Interiors-1.png\",\"datePublished\":\"2026-03-23T07:56:14+00:00\",\"dateModified\":\"2026-03-23T08:14:46+00:00\",\"breadcrumb\":{\"@id\":\"https:\\\/\\\/www.interiors-mnd.com\\\/cs\\\/truhlar\\\/#breadcrumb\"},\"inLanguage\":\"en-GB\",\"potentialAction\":[{\"@type\":\"ReadAction\",\"target\":[\"https:\\\/\\\/www.interiors-mnd.com\\\/cs\\\/truhlar\\\/\"]}]},{\"@type\":\"ImageObject\",\"inLanguage\":\"en-GB\",\"@id\":\"https:\\\/\\\/www.interiors-mnd.com\\\/cs\\\/truhlar\\\/#primaryimage\",\"url\":\"https:\\\/\\\/www.interiors-mnd.com\\\/wp-content\\\/uploads\\\/2026\\\/03\\\/Kopie-navrhu-Interiors-1.png\",\"contentUrl\":\"https:\\\/\\\/www.interiors-mnd.com\\\/wp-content\\\/uploads\\\/2026\\\/03\\\/Kopie-navrhu-Interiors-1.png\",\"width\":1536,\"height\":1024},{\"@type\":\"BreadcrumbList\",\"@id\":\"https:\\\/\\\/www.interiors-mnd.com\\\/cs\\\/truhlar\\\/#breadcrumb\",\"itemListElement\":[{\"@type\":\"ListItem\",\"position\":1,\"name\":\"Dom\u016f\",\"item\":\"https:\\\/\\\/www.interiors-mnd.com\\\/cs\\\/\"},{\"@type\":\"ListItem\",\"position\":2,\"name\":\"Truhl\u00e1\u0159\"}]},{\"@type\":\"WebSite\",\"@id\":\"https:\\\/\\\/www.interiors-mnd.com\\\/cs\\\/#website\",\"url\":\"https:\\\/\\\/www.interiors-mnd.com\\\/cs\\\/\",\"name\":\"Interiors MND\",\"description\":\"Komplexn\u00ed \u0159e\u0161en\u00ed interi\u00e9r\u016f kdekoliv na sv\u011bt\u011b\",\"publisher\":{\"@id\":\"https:\\\/\\\/www.interiors-mnd.com\\\/cs\\\/#organization\"},\"potentialAction\":[{\"@type\":\"SearchAction\",\"target\":{\"@type\":\"EntryPoint\",\"urlTemplate\":\"https:\\\/\\\/www.interiors-mnd.com\\\/cs\\\/?s={search_term_string}\"},\"query-input\":{\"@type\":\"PropertyValueSpecification\",\"valueRequired\":true,\"valueName\":\"search_term_string\"}}],\"inLanguage\":\"en-GB\"},{\"@type\":\"Organization\",\"@id\":\"https:\\\/\\\/www.interiors-mnd.com\\\/cs\\\/#organization\",\"name\":\"Interiors MND\",\"url\":\"https:\\\/\\\/www.interiors-mnd.com\\\/cs\\\/\",\"logo\":{\"@type\":\"ImageObject\",\"inLanguage\":\"en-GB\",\"@id\":\"https:\\\/\\\/www.interiors-mnd.com\\\/cs\\\/#\\\/schema\\\/logo\\\/image\\\/\",\"url\":\"https:\\\/\\\/www.interiors-mnd.com\\\/wp-content\\\/uploads\\\/2023\\\/03\\\/logo.png\",\"contentUrl\":\"https:\\\/\\\/www.interiors-mnd.com\\\/wp-content\\\/uploads\\\/2023\\\/03\\\/logo.png\",\"width\":232,\"height\":65,\"caption\":\"Interiors MND\"},\"image\":{\"@id\":\"https:\\\/\\\/www.interiors-mnd.com\\\/cs\\\/#\\\/schema\\\/logo\\\/image\\\/\"}}]}<\/script>\n<!-- \/ Yoast SEO plugin. -->","yoast_head_json":{"title":"Truhl\u00e1\u0159 | Interiors MND","robots":{"index":"index","follow":"follow","max-snippet":"max-snippet:-1","max-image-preview":"max-image-preview:large","max-video-preview":"max-video-preview:-1"},"canonical":"https:\/\/www.interiors-mnd.com\/cs\/en\/truhlar\/","og_locale":"en_GB","og_type":"article","og_title":"Truhl\u00e1\u0159 | Interiors MND","og_description":"Truhl\u00e1\u0159 Truhl\u00e1\u0159 M\u00edsto v\u00fdkonu pr\u00e1ce: KasejoviceN\u00e1stup: mo\u017en\u00fd ihnedTyp \u00favazku: hlavn\u00ed pracovn\u00ed pom\u011br Hled\u00e1me \u0161ikovn\u00e9ho a pe\u010dliv\u00e9ho kolegu, kter\u00fd m\u00e1 vztah k \u0159emeslu a r\u00e1d pracuje se d\u0159evem. Nab\u00edz\u00edme stabiln\u00ed z\u00e1zem\u00ed a dlouhodobou spolupr\u00e1ci p\u0159i v\u00fdrob\u011b kvalitn\u00edch zak\u00e1zkov\u00fdch interi\u00e9r\u016f. Co u n\u00e1s budete d\u011blat zak\u00e1zkovou v\u00fdrobu n\u00e1bytku a interi\u00e9rov\u00fdch prvk\u016f pr\u00e1ci podle v\u00fdkresov\u00e9 a technick\u00e9 dokumentace [&hellip;]","og_url":"https:\/\/www.interiors-mnd.com\/cs\/en\/truhlar\/","og_site_name":"Interiors MND","article_modified_time":"2026-03-23T08:14:46+00:00","og_image":[{"width":1024,"height":683,"url":"https:\/\/www.interiors-mnd.com\/wp-content\/uploads\/2026\/03\/Kopie-navrhu-Interiors-1-1024x683.png","type":"image\/png"}],"twitter_card":"summary_large_image","twitter_misc":{"Estimated reading time":"2 minutes"},"schema":{"@context":"https:\/\/schema.org","@graph":[{"@type":"WebPage","@id":"https:\/\/www.interiors-mnd.com\/cs\/truhlar\/","url":"https:\/\/www.interiors-mnd.com\/cs\/truhlar\/","name":"Truhl\u00e1\u0159 | Interiors MND","isPartOf":{"@id":"https:\/\/www.interiors-mnd.com\/cs\/#website"},"primaryImageOfPage":{"@id":"https:\/\/www.interiors-mnd.com\/cs\/truhlar\/#primaryimage"},"image":{"@id":"https:\/\/www.interiors-mnd.com\/cs\/truhlar\/#primaryimage"},"thumbnailUrl":"https:\/\/www.interiors-mnd.com\/wp-content\/uploads\/2026\/03\/Kopie-navrhu-Interiors-1.png","datePublished":"2026-03-23T07:56:14+00:00","dateModified":"2026-03-23T08:14:46+00:00","breadcrumb":{"@id":"https:\/\/www.interiors-mnd.com\/cs\/truhlar\/#breadcrumb"},"inLanguage":"en-GB","potentialAction":[{"@type":"ReadAction","target":["https:\/\/www.interiors-mnd.com\/cs\/truhlar\/"]}]},{"@type":"ImageObject","inLanguage":"en-GB","@id":"https:\/\/www.interiors-mnd.com\/cs\/truhlar\/#primaryimage","url":"https:\/\/www.interiors-mnd.com\/wp-content\/uploads\/2026\/03\/Kopie-navrhu-Interiors-1.png","contentUrl":"https:\/\/www.interiors-mnd.com\/wp-content\/uploads\/2026\/03\/Kopie-navrhu-Interiors-1.png","width":1536,"height":1024},{"@type":"BreadcrumbList","@id":"https:\/\/www.interiors-mnd.com\/cs\/truhlar\/#breadcrumb","itemListElement":[{"@type":"ListItem","position":1,"name":"Dom\u016f","item":"https:\/\/www.interiors-mnd.com\/cs\/"},{"@type":"ListItem","position":2,"name":"Truhl\u00e1\u0159"}]},{"@type":"WebSite","@id":"https:\/\/www.interiors-mnd.com\/cs\/#website","url":"https:\/\/www.interiors-mnd.com\/cs\/","name":"Interiors MND","description":"Komplexn\u00ed \u0159e\u0161en\u00ed interi\u00e9r\u016f kdekoliv na sv\u011bt\u011b","publisher":{"@id":"https:\/\/www.interiors-mnd.com\/cs\/#organization"},"potentialAction":[{"@type":"SearchAction","target":{"@type":"EntryPoint","urlTemplate":"https:\/\/www.interiors-mnd.com\/cs\/?s={search_term_string}"},"query-input":{"@type":"PropertyValueSpecification","valueRequired":true,"valueName":"search_term_string"}}],"inLanguage":"en-GB"},{"@type":"Organization","@id":"https:\/\/www.interiors-mnd.com\/cs\/#organization","name":"Interiors MND","url":"https:\/\/www.interiors-mnd.com\/cs\/","logo":{"@type":"ImageObject","inLanguage":"en-GB","@id":"https:\/\/www.interiors-mnd.com\/cs\/#\/schema\/logo\/image\/","url":"https:\/\/www.interiors-mnd.com\/wp-content\/uploads\/2023\/03\/logo.png","contentUrl":"https:\/\/www.interiors-mnd.com\/wp-content\/uploads\/2023\/03\/logo.png","width":232,"height":65,"caption":"Interiors MND"},"image":{"@id":"https:\/\/www.interiors-mnd.com\/cs\/#\/schema\/logo\/image\/"}}]}},"_links":{"self":[{"href":"https:\/\/www.interiors-mnd.com\/cs\/en\/wp-json\/wp\/v2\/pages\/10398","targetHints":{"allow":["GET"]}}],"collection":[{"href":"https:\/\/www.interiors-mnd.com\/cs\/en\/wp-json\/wp\/v2\/pages"}],"about":[{"href":"https:\/\/www.interiors-mnd.com\/cs\/en\/wp-json\/wp\/v2\/types\/page"}],"author":[{"embeddable":true,"href":"https:\/\/www.interiors-mnd.com\/cs\/en\/wp-json\/wp\/v2\/users\/3"}],"replies":[{"embeddable":true,"href":"https:\/\/www.interiors-mnd.com\/cs\/en\/wp-json\/wp\/v2\/comments?post=10398"}],"version-history":[{"count":3,"href":"https:\/\/www.interiors-mnd.com\/cs\/en\/wp-json\/wp\/v2\/pages\/10398\/revisions"}],"predecessor-version":[{"id":10402,"href":"https:\/\/www.interiors-mnd.com\/cs\/en\/wp-json\/wp\/v2\/pages\/10398\/revisions\/10402"}],"wp:featuredmedia":[{"embeddable":true,"href":"https:\/\/www.interiors-mnd.com\/cs\/en\/wp-json\/wp\/v2\/media\/10364"}],"wp:attachment":[{"href":"https:\/\/www.interiors-mnd.com\/cs\/en\/wp-json\/wp\/v2\/media?parent=10398"}],"curies":[{"name":"wp","href":"https:\/\/api.w.org\/{rel}","templated":true}]}}