{"id":10359,"date":"2026-03-20T22:48:15","date_gmt":"2026-03-20T22:48:15","guid":{"rendered":"https:\/\/www.interiors-mnd.com\/cs\/?page_id=10359"},"modified":"2026-03-23T08:24:38","modified_gmt":"2026-03-23T08:24:38","slug":"konstrukter","status":"publish","type":"page","link":"https:\/\/www.interiors-mnd.com\/cs\/en\/konstrukter\/","title":{"rendered":"Konstrukt\u00e9r"},"content":{"rendered":"\t\t<div data-elementor-type=\"wp-page\" data-elementor-id=\"10359\" class=\"elementor elementor-10359\" data-elementor-post-type=\"page\">\n\t\t\t\t\t\t<section class=\"elementor-section elementor-top-section elementor-element elementor-element-b4a1b83 elementor-section-boxed elementor-section-height-default elementor-section-height-default\" data-id=\"b4a1b83\" data-element_type=\"section\" data-settings=\"{&quot;jet_parallax_layout_list&quot;:[]}\">\n\t\t\t\t\t\t<div class=\"elementor-container elementor-column-gap-default\">\n\t\t\t\t\t<div class=\"elementor-column elementor-col-100 elementor-top-column elementor-element elementor-element-90f6a77\" data-id=\"90f6a77\" data-element_type=\"column\">\n\t\t\t<div class=\"elementor-widget-wrap elementor-element-populated\">\n\t\t\t\t\t\t<section class=\"elementor-section elementor-inner-section elementor-element elementor-element-178d0ca elementor-section-boxed elementor-section-height-default elementor-section-height-default\" data-id=\"178d0ca\" data-element_type=\"section\" data-settings=\"{&quot;jet_parallax_layout_list&quot;:[]}\">\n\t\t\t\t\t\t<div class=\"elementor-container elementor-column-gap-default\">\n\t\t\t\t\t<div class=\"elementor-column elementor-col-50 elementor-inner-column elementor-element elementor-element-742c4ee\" data-id=\"742c4ee\" data-element_type=\"column\">\n\t\t\t<div class=\"elementor-widget-wrap elementor-element-populated\">\n\t\t\t\t\t\t<div class=\"elementor-element elementor-element-248dce9 elementor-widget elementor-widget-heading\" data-id=\"248dce9\" data-element_type=\"widget\" data-widget_type=\"heading.default\">\n\t\t\t\t<div class=\"elementor-widget-container\">\n\t\t\t\t\t<h2 class=\"elementor-heading-title elementor-size-default\">Konstrukt\u00e9r<\/h2>\t\t\t\t<\/div>\n\t\t\t\t<\/div>\n\t\t\t\t<div class=\"elementor-element elementor-element-6de72ca elementor-widget-divider--view-line elementor-widget elementor-widget-divider\" data-id=\"6de72ca\" data-element_type=\"widget\" data-widget_type=\"divider.default\">\n\t\t\t\t<div class=\"elementor-widget-container\">\n\t\t\t\t\t\t\t<div class=\"elementor-divider\">\n\t\t\t<span class=\"elementor-divider-separator\">\n\t\t\t\t\t\t<\/span>\n\t\t<\/div>\n\t\t\t\t\t\t<\/div>\n\t\t\t\t<\/div>\n\t\t\t\t\t<\/div>\n\t\t<\/div>\n\t\t\t\t<div class=\"elementor-column elementor-col-50 elementor-inner-column elementor-element elementor-element-1a5d912\" data-id=\"1a5d912\" data-element_type=\"column\">\n\t\t\t<div class=\"elementor-widget-wrap elementor-element-populated\">\n\t\t\t\t\t\t<div class=\"elementor-element elementor-element-1a32ee0 elementor-widget elementor-widget-image\" data-id=\"1a32ee0\" data-element_type=\"widget\" data-widget_type=\"image.default\">\n\t\t\t\t<div class=\"elementor-widget-container\">\n\t\t\t\t\t\t\t\t\t\t\t\t\t\t\t<img fetchpriority=\"high\" decoding=\"async\" width=\"800\" height=\"534\" src=\"https:\/\/www.interiors-mnd.com\/wp-content\/uploads\/2026\/03\/Konstrukter-1-1024x683.png\" class=\"attachment-large size-large wp-image-10370\" alt=\"\" srcset=\"https:\/\/www.interiors-mnd.com\/wp-content\/uploads\/2026\/03\/Konstrukter-1-1024x683.png 1024w, https:\/\/www.interiors-mnd.com\/wp-content\/uploads\/2026\/03\/Konstrukter-1-300x200.png 300w, https:\/\/www.interiors-mnd.com\/wp-content\/uploads\/2026\/03\/Konstrukter-1-768x512.png 768w, https:\/\/www.interiors-mnd.com\/wp-content\/uploads\/2026\/03\/Konstrukter-1-18x12.png 18w, https:\/\/www.interiors-mnd.com\/wp-content\/uploads\/2026\/03\/Konstrukter-1.png 1536w\" sizes=\"(max-width: 800px) 100vw, 800px\" \/>\t\t\t\t\t\t\t\t\t\t\t\t\t\t\t<\/div>\n\t\t\t\t<\/div>\n\t\t\t\t\t<\/div>\n\t\t<\/div>\n\t\t\t\t\t<\/div>\n\t\t<\/section>\n\t\t\t\t\t<\/div>\n\t\t<\/div>\n\t\t\t\t\t<\/div>\n\t\t<\/section>\n\t\t\t\t<section class=\"elementor-section elementor-top-section elementor-element elementor-element-499f005 elementor-section-boxed elementor-section-height-default elementor-section-height-default\" data-id=\"499f005\" data-element_type=\"section\" data-settings=\"{&quot;jet_parallax_layout_list&quot;:[]}\">\n\t\t\t\t\t\t<div class=\"elementor-container elementor-column-gap-default\">\n\t\t\t\t\t<div class=\"elementor-column elementor-col-100 elementor-top-column elementor-element elementor-element-38e05ea\" data-id=\"38e05ea\" data-element_type=\"column\">\n\t\t\t<div class=\"elementor-widget-wrap elementor-element-populated\">\n\t\t\t\t\t\t<div class=\"elementor-element elementor-element-07a44b8 elementor-widget elementor-widget-heading\" data-id=\"07a44b8\" data-element_type=\"widget\" data-widget_type=\"heading.default\">\n\t\t\t\t<div class=\"elementor-widget-container\">\n\t\t\t\t\t<h2 class=\"elementor-heading-title elementor-size-default\">Konstrukt\u00e9r<\/h2>\t\t\t\t<\/div>\n\t\t\t\t<\/div>\n\t\t\t\t\t<\/div>\n\t\t<\/div>\n\t\t\t\t\t<\/div>\n\t\t<\/section>\n\t\t\t\t<section class=\"elementor-section elementor-top-section elementor-element elementor-element-e2e056e elementor-section-boxed elementor-section-height-default elementor-section-height-default\" data-id=\"e2e056e\" data-element_type=\"section\" data-settings=\"{&quot;jet_parallax_layout_list&quot;:[]}\">\n\t\t\t\t\t\t<div class=\"elementor-container elementor-column-gap-default\">\n\t\t\t\t\t<div class=\"elementor-column elementor-col-100 elementor-top-column elementor-element elementor-element-7f15ef4\" data-id=\"7f15ef4\" data-element_type=\"column\">\n\t\t\t<div class=\"elementor-widget-wrap elementor-element-populated\">\n\t\t\t\t\t\t<div class=\"elementor-element elementor-element-192a062 elementor-widget elementor-widget-text-editor\" data-id=\"192a062\" data-element_type=\"widget\" data-widget_type=\"text-editor.default\">\n\t\t\t\t<div class=\"elementor-widget-container\">\n\t\t\t\t\t\t\t\t\t<p><strong>M\u00edsto v\u00fdkonu pr\u00e1ce:<\/strong> Kasejovice<br \/><strong>N\u00e1stup:<\/strong> mo\u017en\u00fd ihned<br \/><strong>Typ \u00favazku:<\/strong> hlavn\u00ed pracovn\u00ed pom\u011br<\/p><p>Do na\u0161eho t\u00fdmu hled\u00e1me \u0161ikovn\u00e9ho kolegu, kter\u00fd bude p\u0159ipravovat modely a v\u00fdkresy pro v\u00fdrobu zak\u00e1zkov\u00fdch interi\u00e9r\u016f a spolupracovat s t\u00fdmem v\u00fdroby na realizaci projekt\u016f.<\/p><p><strong>Co u n\u00e1s budete d\u011blat<\/strong><\/p><ul><li>p\u0159\u00edprava v\u00fdroby a kompletace konstruk\u010dn\u00edch d\u00edl\u016f podle zad\u00e1n\u00ed projektov\u00e9ho managera a z\u00e1kazn\u00edka, p\u0159\u00edpadn\u011b architekta<\/li><li>spolupr\u00e1ce p\u0159i kontrole hotov\u00fdch d\u00edl\u016f<\/li><li>spolupr\u00e1ce s v\u00fdrobn\u00edm t\u00fdmem p\u0159i p\u0159\u00edprav\u011b mont\u00e1\u017ee<br \/><br \/><\/li><\/ul><p><strong>Co od v\u00e1s o\u010dek\u00e1v\u00e1me<\/strong><\/p><ul><li>vyu\u010den\u00ed v technick\u00e9m oboru nebo praxe v oblasti v\u00fdroby konstrukc\u00ed<\/li><li>orientace v modelov\u00e1n\u00ed ve 3D CAD softwarech<\/li><li>pe\u010dlivost<\/li><li>samostatnost, spolehlivost a zodpov\u011bdn\u00fd p\u0159\u00edstup<\/li><li>schopnost pr\u00e1ce v t\u00fdmu<br \/><br \/><\/li><\/ul><p><strong>Co nab\u00edz\u00edme \/ Benefity<\/strong><\/p><ul><li>stabiln\u00ed zam\u011bstn\u00e1n\u00ed na hlavn\u00ed pracovn\u00ed pom\u011br<\/li><li>motivuj\u00edc\u00ed finan\u010dn\u00ed ohodnocen\u00ed<\/li><li>z\u00e1vodn\u00ed stravov\u00e1n\u00ed<\/li><li>mo\u017enost zaji\u0161t\u011bn\u00ed ubytov\u00e1n\u00ed<\/li><li>dlouhodobou spolupr\u00e1ci a p\u0159\u00e1telsk\u00e9 pracovn\u00ed prost\u0159ed\u00ed<\/li><li>firemn\u00ed akce a \u0161kolen\u00ed<br \/><br \/><\/li><\/ul><p>V p\u0159\u00edpad\u011b z\u00e1jmu za\u0161lete sv\u016fj \u017eivotopis na:<strong>\u00a0<\/strong><a href=\"mailto:info@interiors-mnd.com\"><strong>info@interiors-mnd.com<\/strong><\/a><\/p>\t\t\t\t\t\t\t\t<\/div>\n\t\t\t\t<\/div>\n\t\t\t\t\t<\/div>\n\t\t<\/div>\n\t\t\t\t\t<\/div>\n\t\t<\/section>\n\t\t\t\t<section class=\"elementor-section elementor-top-section elementor-element elementor-element-9784d38 elementor-section-boxed elementor-section-height-default elementor-section-height-default\" data-id=\"9784d38\" data-element_type=\"section\" data-settings=\"{&quot;jet_parallax_layout_list&quot;:[]}\">\n\t\t\t\t\t\t<div class=\"elementor-container elementor-column-gap-default\">\n\t\t\t\t\t<div class=\"elementor-column elementor-col-100 elementor-top-column elementor-element elementor-element-bb9f266\" data-id=\"bb9f266\" data-element_type=\"column\">\n\t\t\t<div class=\"elementor-widget-wrap\">\n\t\t\t\t\t\t\t<\/div>\n\t\t<\/div>\n\t\t\t\t\t<\/div>\n\t\t<\/section>\n\t\t\t\t<section class=\"elementor-section elementor-top-section elementor-element elementor-element-9a4b2dd elementor-section-boxed elementor-section-height-default elementor-section-height-default\" data-id=\"9a4b2dd\" data-element_type=\"section\" data-settings=\"{&quot;jet_parallax_layout_list&quot;:[]}\">\n\t\t\t\t\t\t<div class=\"elementor-container elementor-column-gap-default\">\n\t\t\t\t\t<div class=\"elementor-column elementor-col-100 elementor-top-column elementor-element elementor-element-9806a37\" data-id=\"9806a37\" data-element_type=\"column\">\n\t\t\t<div class=\"elementor-widget-wrap elementor-element-populated\">\n\t\t\t\t\t\t<div class=\"elementor-element elementor-element-e5cd917 elementor-widget elementor-widget-heading\" data-id=\"e5cd917\" data-element_type=\"widget\" data-widget_type=\"heading.default\">\n\t\t\t\t<div class=\"elementor-widget-container\">\n\t\t\t\t\t<h2 class=\"elementor-heading-title elementor-size-default\">Napi\u0161te n\u00e1m<\/h2>\t\t\t\t<\/div>\n\t\t\t\t<\/div>\n\t\t\t\t\t<\/div>\n\t\t<\/div>\n\t\t\t\t\t<\/div>\n\t\t<\/section>\n\t\t\t\t<section class=\"elementor-section elementor-top-section elementor-element elementor-element-cb135a5 elementor-section-boxed elementor-section-height-default elementor-section-height-default\" data-id=\"cb135a5\" data-element_type=\"section\" data-settings=\"{&quot;jet_parallax_layout_list&quot;:[]}\">\n\t\t\t\t\t\t<div class=\"elementor-container elementor-column-gap-default\">\n\t\t\t\t\t<div class=\"elementor-column elementor-col-100 elementor-top-column elementor-element elementor-element-f129fa2\" data-id=\"f129fa2\" data-element_type=\"column\" data-settings=\"{&quot;background_background&quot;:&quot;gradient&quot;}\">\n\t\t\t<div class=\"elementor-widget-wrap elementor-element-populated\">\n\t\t\t\t\t\t<div class=\"elementor-element elementor-element-3c339ff elementor-button-align-center elementor-widget elementor-widget-form\" data-id=\"3c339ff\" data-element_type=\"widget\" data-settings=\"{&quot;step_next_label&quot;:&quot;Next&quot;,&quot;step_previous_label&quot;:&quot;Previous&quot;,&quot;button_width&quot;:&quot;100&quot;,&quot;step_type&quot;:&quot;number_text&quot;,&quot;step_icon_shape&quot;:&quot;circle&quot;}\" data-widget_type=\"form.default\">\n\t\t\t\t<div class=\"elementor-widget-container\">\n\t\t\t\t\t\t\t<form class=\"elementor-form\" method=\"post\" name=\"New Form\">\n\t\t\t<input type=\"hidden\" name=\"post_id\" value=\"10359\"\/>\n\t\t\t<input type=\"hidden\" name=\"form_id\" value=\"3c339ff\"\/>\n\t\t\t<input type=\"hidden\" name=\"referer_title\" value=\"Interiors MND\" \/>\n\n\t\t\t\n\t\t\t<div class=\"elementor-form-fields-wrapper elementor-labels-\">\n\t\t\t\t\t\t\t\t<div class=\"elementor-field-type-text elementor-field-group elementor-column elementor-field-group-name elementor-col-50\">\n\t\t\t\t\t\t\t\t\t\t\t\t\t<input size=\"1\" type=\"text\" name=\"form_fields[name]\" id=\"form-field-name\" class=\"elementor-field elementor-size-sm  elementor-field-textual\" placeholder=\"Jm\u00e9no a p\u0159\u00edjmen\u00ed \">\n\t\t\t\t\t\t\t\t\t\t\t<\/div>\n\t\t\t\t\t\t\t\t<div class=\"elementor-field-type-number elementor-field-group elementor-column elementor-field-group-email elementor-col-50 elementor-field-required\">\n\t\t\t\t\t\t\t\t<input type=\"number\" name=\"form_fields[email]\" id=\"form-field-email\" class=\"elementor-field elementor-size-sm  elementor-field-textual\" placeholder=\"Telefon\" required=\"required\" min=\"\" max=\"\" >\n\t\t\t\t\t\t<\/div>\n\t\t\t\t\t\t\t\t<div class=\"elementor-field-type-email elementor-field-group elementor-column elementor-field-group-message elementor-col-50 elementor-field-required\">\n\t\t\t\t\t\t\t\t\t\t\t\t\t<input size=\"1\" type=\"email\" name=\"form_fields[message]\" id=\"form-field-message\" class=\"elementor-field elementor-size-sm  elementor-field-textual\" placeholder=\"Email\" required=\"required\">\n\t\t\t\t\t\t\t\t\t\t\t<\/div>\n\t\t\t\t\t\t\t\t<div class=\"elementor-field-type-upload elementor-field-group elementor-column elementor-field-group-field_0969621 elementor-col-50\">\n\t\t\t\t\t\t\t\t\t\t\t\t<label for=\"form-field-field_0969621\" class=\"elementor-field-label elementor-screen-only\">\n\t\t\t\t\t\t\t\t\u017divotopis\/motiva\u010dn\u00ed dopis\t\t\t\t\t\t\t<\/label>\n\t\t\t\t\t\t\t\t<input type=\"file\" name=\"form_fields[field_0969621]\" id=\"form-field-field_0969621\" class=\"elementor-field elementor-size-sm  elementor-upload-field\">\n\n\t\t\t\t\t\t<\/div>\n\t\t\t\t\t\t\t\t<div class=\"elementor-field-type-textarea elementor-field-group elementor-column elementor-field-group-field_34f1930 elementor-col-100\">\n\t\t\t\t\t<textarea class=\"elementor-field-textual elementor-field  elementor-size-sm\" name=\"form_fields[field_34f1930]\" id=\"form-field-field_34f1930\" rows=\"4\" placeholder=\"Va\u0161e zpr\u00e1va \"><\/textarea>\t\t\t\t<\/div>\n\t\t\t\t\t\t\t\t<div class=\"elementor-field-group elementor-column elementor-field-type-submit elementor-col-100 e-form__buttons\">\n\t\t\t\t\t<button class=\"elementor-button elementor-size-sm\" type=\"submit\">\n\t\t\t\t\t\t<span class=\"elementor-button-content-wrapper\">\n\t\t\t\t\t\t\t\t\t\t\t\t\t\t\t\t\t\t\t\t\t\t<span class=\"elementor-button-text\">Odeslat<\/span>\n\t\t\t\t\t\t\t\t\t\t\t\t\t<\/span>\n\t\t\t\t\t<\/button>\n\t\t\t\t<\/div>\n\t\t\t<\/div>\n\t\t<\/form>\n\t\t\t\t\t\t<\/div>\n\t\t\t\t<\/div>\n\t\t\t\t\t<\/div>\n\t\t<\/div>\n\t\t\t\t\t<\/div>\n\t\t<\/section>\n\t\t\t\t<section class=\"elementor-section elementor-top-section elementor-element elementor-element-b406821 elementor-section-boxed elementor-section-height-default elementor-section-height-default\" data-id=\"b406821\" data-element_type=\"section\" data-settings=\"{&quot;jet_parallax_layout_list&quot;:[]}\">\n\t\t\t\t\t\t<div class=\"elementor-container elementor-column-gap-default\">\n\t\t\t\t\t<div class=\"elementor-column elementor-col-100 elementor-top-column elementor-element elementor-element-7b6dcc1\" data-id=\"7b6dcc1\" data-element_type=\"column\">\n\t\t\t<div class=\"elementor-widget-wrap elementor-element-populated\">\n\t\t\t\t\t\t<div class=\"elementor-element elementor-element-0c6aeb4 elementor-widget-divider--view-line elementor-widget elementor-widget-divider\" data-id=\"0c6aeb4\" data-element_type=\"widget\" data-widget_type=\"divider.default\">\n\t\t\t\t<div class=\"elementor-widget-container\">\n\t\t\t\t\t\t\t<div class=\"elementor-divider\">\n\t\t\t<span class=\"elementor-divider-separator\">\n\t\t\t\t\t\t<\/span>\n\t\t<\/div>\n\t\t\t\t\t\t<\/div>\n\t\t\t\t<\/div>\n\t\t\t\t\t<\/div>\n\t\t<\/div>\n\t\t\t\t\t<\/div>\n\t\t<\/section>\n\t\t\t\t<\/div>\n\t\t","protected":false},"excerpt":{"rendered":"<p>Konstrukt\u00e9r Konstrukt\u00e9r M\u00edsto v\u00fdkonu pr\u00e1ce: KasejoviceN\u00e1stup: mo\u017en\u00fd ihnedTyp \u00favazku: hlavn\u00ed pracovn\u00ed pom\u011br Do na\u0161eho t\u00fdmu hled\u00e1me \u0161ikovn\u00e9ho kolegu, kter\u00fd bude p\u0159ipravovat modely a v\u00fdkresy pro v\u00fdrobu zak\u00e1zkov\u00fdch interi\u00e9r\u016f a spolupracovat s t\u00fdmem v\u00fdroby na realizaci projekt\u016f. Co u n\u00e1s budete d\u011blat p\u0159\u00edprava v\u00fdroby a kompletace konstruk\u010dn\u00edch d\u00edl\u016f podle zad\u00e1n\u00ed projektov\u00e9ho managera a z\u00e1kazn\u00edka, p\u0159\u00edpadn\u011b architekta [&hellip;]<\/p>\n","protected":false},"author":3,"featured_media":0,"parent":0,"menu_order":0,"comment_status":"closed","ping_status":"closed","template":"","meta":{"inline_featured_image":false,"footnotes":""},"class_list":["post-10359","page","type-page","status-publish","hentry"],"yoast_head":"<!-- This site is optimized with the Yoast SEO plugin v27.3 - https:\/\/yoast.com\/product\/yoast-seo-wordpress\/ -->\n<title>Konstrukt\u00e9r | Interiors MND<\/title>\n<meta name=\"robots\" content=\"index, follow, max-snippet:-1, max-image-preview:large, max-video-preview:-1\" \/>\n<link rel=\"canonical\" href=\"https:\/\/www.interiors-mnd.com\/cs\/en\/konstrukter\/\" \/>\n<meta property=\"og:locale\" content=\"en_GB\" \/>\n<meta property=\"og:type\" content=\"article\" \/>\n<meta property=\"og:title\" content=\"Konstrukt\u00e9r | Interiors MND\" \/>\n<meta property=\"og:description\" content=\"Konstrukt\u00e9r Konstrukt\u00e9r M\u00edsto v\u00fdkonu pr\u00e1ce: KasejoviceN\u00e1stup: mo\u017en\u00fd ihnedTyp \u00favazku: hlavn\u00ed pracovn\u00ed pom\u011br Do na\u0161eho t\u00fdmu hled\u00e1me \u0161ikovn\u00e9ho kolegu, kter\u00fd bude p\u0159ipravovat modely a v\u00fdkresy pro v\u00fdrobu zak\u00e1zkov\u00fdch interi\u00e9r\u016f a spolupracovat s t\u00fdmem v\u00fdroby na realizaci projekt\u016f. Co u n\u00e1s budete d\u011blat p\u0159\u00edprava v\u00fdroby a kompletace konstruk\u010dn\u00edch d\u00edl\u016f podle zad\u00e1n\u00ed projektov\u00e9ho managera a z\u00e1kazn\u00edka, p\u0159\u00edpadn\u011b architekta [&hellip;]\" \/>\n<meta property=\"og:url\" content=\"https:\/\/www.interiors-mnd.com\/cs\/en\/konstrukter\/\" \/>\n<meta property=\"og:site_name\" content=\"Interiors MND\" \/>\n<meta property=\"article:modified_time\" content=\"2026-03-23T08:24:38+00:00\" \/>\n<meta property=\"og:image\" content=\"https:\/\/www.interiors-mnd.com\/wp-content\/uploads\/2026\/03\/Konstrukter-1-1024x683.png\" \/>\n\t<meta property=\"og:image:width\" content=\"1024\" \/>\n\t<meta property=\"og:image:height\" content=\"683\" \/>\n\t<meta property=\"og:image:type\" content=\"image\/png\" \/>\n<meta name=\"twitter:card\" content=\"summary_large_image\" \/>\n<meta name=\"twitter:label1\" content=\"Estimated reading time\" \/>\n\t<meta name=\"twitter:data1\" content=\"1 minute\" \/>\n<script type=\"application\/ld+json\" class=\"yoast-schema-graph\">{\"@context\":\"https:\\\/\\\/schema.org\",\"@graph\":[{\"@type\":\"WebPage\",\"@id\":\"https:\\\/\\\/www.interiors-mnd.com\\\/cs\\\/konstrukter\\\/\",\"url\":\"https:\\\/\\\/www.interiors-mnd.com\\\/cs\\\/konstrukter\\\/\",\"name\":\"Konstrukt\u00e9r | Interiors MND\",\"isPartOf\":{\"@id\":\"https:\\\/\\\/www.interiors-mnd.com\\\/cs\\\/#website\"},\"primaryImageOfPage\":{\"@id\":\"https:\\\/\\\/www.interiors-mnd.com\\\/cs\\\/konstrukter\\\/#primaryimage\"},\"image\":{\"@id\":\"https:\\\/\\\/www.interiors-mnd.com\\\/cs\\\/konstrukter\\\/#primaryimage\"},\"thumbnailUrl\":\"https:\\\/\\\/www.interiors-mnd.com\\\/wp-content\\\/uploads\\\/2026\\\/03\\\/Konstrukter-1-1024x683.png\",\"datePublished\":\"2026-03-20T22:48:15+00:00\",\"dateModified\":\"2026-03-23T08:24:38+00:00\",\"breadcrumb\":{\"@id\":\"https:\\\/\\\/www.interiors-mnd.com\\\/cs\\\/konstrukter\\\/#breadcrumb\"},\"inLanguage\":\"en-GB\",\"potentialAction\":[{\"@type\":\"ReadAction\",\"target\":[\"https:\\\/\\\/www.interiors-mnd.com\\\/cs\\\/konstrukter\\\/\"]}]},{\"@type\":\"ImageObject\",\"inLanguage\":\"en-GB\",\"@id\":\"https:\\\/\\\/www.interiors-mnd.com\\\/cs\\\/konstrukter\\\/#primaryimage\",\"url\":\"https:\\\/\\\/www.interiors-mnd.com\\\/wp-content\\\/uploads\\\/2026\\\/03\\\/Konstrukter-1-1024x683.png\",\"contentUrl\":\"https:\\\/\\\/www.interiors-mnd.com\\\/wp-content\\\/uploads\\\/2026\\\/03\\\/Konstrukter-1-1024x683.png\"},{\"@type\":\"BreadcrumbList\",\"@id\":\"https:\\\/\\\/www.interiors-mnd.com\\\/cs\\\/konstrukter\\\/#breadcrumb\",\"itemListElement\":[{\"@type\":\"ListItem\",\"position\":1,\"name\":\"Dom\u016f\",\"item\":\"https:\\\/\\\/www.interiors-mnd.com\\\/cs\\\/\"},{\"@type\":\"ListItem\",\"position\":2,\"name\":\"Konstrukt\u00e9r\"}]},{\"@type\":\"WebSite\",\"@id\":\"https:\\\/\\\/www.interiors-mnd.com\\\/cs\\\/#website\",\"url\":\"https:\\\/\\\/www.interiors-mnd.com\\\/cs\\\/\",\"name\":\"Interiors MND\",\"description\":\"Komplexn\u00ed \u0159e\u0161en\u00ed interi\u00e9r\u016f kdekoliv na sv\u011bt\u011b\",\"publisher\":{\"@id\":\"https:\\\/\\\/www.interiors-mnd.com\\\/cs\\\/#organization\"},\"potentialAction\":[{\"@type\":\"SearchAction\",\"target\":{\"@type\":\"EntryPoint\",\"urlTemplate\":\"https:\\\/\\\/www.interiors-mnd.com\\\/cs\\\/?s={search_term_string}\"},\"query-input\":{\"@type\":\"PropertyValueSpecification\",\"valueRequired\":true,\"valueName\":\"search_term_string\"}}],\"inLanguage\":\"en-GB\"},{\"@type\":\"Organization\",\"@id\":\"https:\\\/\\\/www.interiors-mnd.com\\\/cs\\\/#organization\",\"name\":\"Interiors MND\",\"url\":\"https:\\\/\\\/www.interiors-mnd.com\\\/cs\\\/\",\"logo\":{\"@type\":\"ImageObject\",\"inLanguage\":\"en-GB\",\"@id\":\"https:\\\/\\\/www.interiors-mnd.com\\\/cs\\\/#\\\/schema\\\/logo\\\/image\\\/\",\"url\":\"https:\\\/\\\/www.interiors-mnd.com\\\/wp-content\\\/uploads\\\/2023\\\/03\\\/logo.png\",\"contentUrl\":\"https:\\\/\\\/www.interiors-mnd.com\\\/wp-content\\\/uploads\\\/2023\\\/03\\\/logo.png\",\"width\":232,\"height\":65,\"caption\":\"Interiors MND\"},\"image\":{\"@id\":\"https:\\\/\\\/www.interiors-mnd.com\\\/cs\\\/#\\\/schema\\\/logo\\\/image\\\/\"}}]}<\/script>\n<!-- \/ Yoast SEO plugin. -->","yoast_head_json":{"title":"Konstrukt\u00e9r | Interiors MND","robots":{"index":"index","follow":"follow","max-snippet":"max-snippet:-1","max-image-preview":"max-image-preview:large","max-video-preview":"max-video-preview:-1"},"canonical":"https:\/\/www.interiors-mnd.com\/cs\/en\/konstrukter\/","og_locale":"en_GB","og_type":"article","og_title":"Konstrukt\u00e9r | Interiors MND","og_description":"Konstrukt\u00e9r Konstrukt\u00e9r M\u00edsto v\u00fdkonu pr\u00e1ce: KasejoviceN\u00e1stup: mo\u017en\u00fd ihnedTyp \u00favazku: hlavn\u00ed pracovn\u00ed pom\u011br Do na\u0161eho t\u00fdmu hled\u00e1me \u0161ikovn\u00e9ho kolegu, kter\u00fd bude p\u0159ipravovat modely a v\u00fdkresy pro v\u00fdrobu zak\u00e1zkov\u00fdch interi\u00e9r\u016f a spolupracovat s t\u00fdmem v\u00fdroby na realizaci projekt\u016f. Co u n\u00e1s budete d\u011blat p\u0159\u00edprava v\u00fdroby a kompletace konstruk\u010dn\u00edch d\u00edl\u016f podle zad\u00e1n\u00ed projektov\u00e9ho managera a z\u00e1kazn\u00edka, p\u0159\u00edpadn\u011b architekta [&hellip;]","og_url":"https:\/\/www.interiors-mnd.com\/cs\/en\/konstrukter\/","og_site_name":"Interiors MND","article_modified_time":"2026-03-23T08:24:38+00:00","og_image":[{"width":1024,"height":683,"url":"https:\/\/www.interiors-mnd.com\/wp-content\/uploads\/2026\/03\/Konstrukter-1-1024x683.png","type":"image\/png"}],"twitter_card":"summary_large_image","twitter_misc":{"Estimated reading time":"1 minute"},"schema":{"@context":"https:\/\/schema.org","@graph":[{"@type":"WebPage","@id":"https:\/\/www.interiors-mnd.com\/cs\/konstrukter\/","url":"https:\/\/www.interiors-mnd.com\/cs\/konstrukter\/","name":"Konstrukt\u00e9r | Interiors MND","isPartOf":{"@id":"https:\/\/www.interiors-mnd.com\/cs\/#website"},"primaryImageOfPage":{"@id":"https:\/\/www.interiors-mnd.com\/cs\/konstrukter\/#primaryimage"},"image":{"@id":"https:\/\/www.interiors-mnd.com\/cs\/konstrukter\/#primaryimage"},"thumbnailUrl":"https:\/\/www.interiors-mnd.com\/wp-content\/uploads\/2026\/03\/Konstrukter-1-1024x683.png","datePublished":"2026-03-20T22:48:15+00:00","dateModified":"2026-03-23T08:24:38+00:00","breadcrumb":{"@id":"https:\/\/www.interiors-mnd.com\/cs\/konstrukter\/#breadcrumb"},"inLanguage":"en-GB","potentialAction":[{"@type":"ReadAction","target":["https:\/\/www.interiors-mnd.com\/cs\/konstrukter\/"]}]},{"@type":"ImageObject","inLanguage":"en-GB","@id":"https:\/\/www.interiors-mnd.com\/cs\/konstrukter\/#primaryimage","url":"https:\/\/www.interiors-mnd.com\/wp-content\/uploads\/2026\/03\/Konstrukter-1-1024x683.png","contentUrl":"https:\/\/www.interiors-mnd.com\/wp-content\/uploads\/2026\/03\/Konstrukter-1-1024x683.png"},{"@type":"BreadcrumbList","@id":"https:\/\/www.interiors-mnd.com\/cs\/konstrukter\/#breadcrumb","itemListElement":[{"@type":"ListItem","position":1,"name":"Dom\u016f","item":"https:\/\/www.interiors-mnd.com\/cs\/"},{"@type":"ListItem","position":2,"name":"Konstrukt\u00e9r"}]},{"@type":"WebSite","@id":"https:\/\/www.interiors-mnd.com\/cs\/#website","url":"https:\/\/www.interiors-mnd.com\/cs\/","name":"Interiors MND","description":"Komplexn\u00ed \u0159e\u0161en\u00ed interi\u00e9r\u016f kdekoliv na sv\u011bt\u011b","publisher":{"@id":"https:\/\/www.interiors-mnd.com\/cs\/#organization"},"potentialAction":[{"@type":"SearchAction","target":{"@type":"EntryPoint","urlTemplate":"https:\/\/www.interiors-mnd.com\/cs\/?s={search_term_string}"},"query-input":{"@type":"PropertyValueSpecification","valueRequired":true,"valueName":"search_term_string"}}],"inLanguage":"en-GB"},{"@type":"Organization","@id":"https:\/\/www.interiors-mnd.com\/cs\/#organization","name":"Interiors MND","url":"https:\/\/www.interiors-mnd.com\/cs\/","logo":{"@type":"ImageObject","inLanguage":"en-GB","@id":"https:\/\/www.interiors-mnd.com\/cs\/#\/schema\/logo\/image\/","url":"https:\/\/www.interiors-mnd.com\/wp-content\/uploads\/2023\/03\/logo.png","contentUrl":"https:\/\/www.interiors-mnd.com\/wp-content\/uploads\/2023\/03\/logo.png","width":232,"height":65,"caption":"Interiors MND"},"image":{"@id":"https:\/\/www.interiors-mnd.com\/cs\/#\/schema\/logo\/image\/"}}]}},"_links":{"self":[{"href":"https:\/\/www.interiors-mnd.com\/cs\/en\/wp-json\/wp\/v2\/pages\/10359","targetHints":{"allow":["GET"]}}],"collection":[{"href":"https:\/\/www.interiors-mnd.com\/cs\/en\/wp-json\/wp\/v2\/pages"}],"about":[{"href":"https:\/\/www.interiors-mnd.com\/cs\/en\/wp-json\/wp\/v2\/types\/page"}],"author":[{"embeddable":true,"href":"https:\/\/www.interiors-mnd.com\/cs\/en\/wp-json\/wp\/v2\/users\/3"}],"replies":[{"embeddable":true,"href":"https:\/\/www.interiors-mnd.com\/cs\/en\/wp-json\/wp\/v2\/comments?post=10359"}],"version-history":[{"count":12,"href":"https:\/\/www.interiors-mnd.com\/cs\/en\/wp-json\/wp\/v2\/pages\/10359\/revisions"}],"predecessor-version":[{"id":10410,"href":"https:\/\/www.interiors-mnd.com\/cs\/en\/wp-json\/wp\/v2\/pages\/10359\/revisions\/10410"}],"wp:attachment":[{"href":"https:\/\/www.interiors-mnd.com\/cs\/en\/wp-json\/wp\/v2\/media?parent=10359"}],"curies":[{"name":"wp","href":"https:\/\/api.w.org\/{rel}","templated":true}]}}