{"id":9087,"date":"2024-10-22T18:03:06","date_gmt":"2024-10-22T18:03:06","guid":{"rendered":"https:\/\/www.interiors-mnd.com\/cs\/?page_id=9087"},"modified":"2025-09-26T09:23:55","modified_gmt":"2025-09-26T09:23:55","slug":"dotace","status":"publish","type":"page","link":"https:\/\/www.interiors-mnd.com\/cs\/de\/dotace\/","title":{"rendered":"F\u00f6rdermittel"},"content":{"rendered":"<div data-elementor-type=\"wp-page\" data-elementor-id=\"9087\" class=\"elementor elementor-9087\" data-elementor-post-type=\"page\">\n\t\t\t\t\t\t<section class=\"elementor-section elementor-top-section elementor-element elementor-element-783093a9 elementor-section-boxed elementor-section-height-default elementor-section-height-default\" data-id=\"783093a9\" data-element_type=\"section\" data-settings=\"{&quot;background_background&quot;:&quot;classic&quot;,&quot;jet_parallax_layout_list&quot;:[]}\">\n\t\t\t\t\t\t<div class=\"elementor-container elementor-column-gap-default\">\n\t\t\t\t\t<div class=\"elementor-column elementor-col-100 elementor-top-column elementor-element elementor-element-1f4f1e7a\" data-id=\"1f4f1e7a\" data-element_type=\"column\">\n\t\t\t<div class=\"elementor-widget-wrap elementor-element-populated\">\n\t\t\t\t\t\t<div class=\"elementor-element elementor-element-65db1db1 elementor-widget elementor-widget-heading\" data-id=\"65db1db1\" data-element_type=\"widget\" data-widget_type=\"heading.default\">\n\t\t\t\t<div class=\"elementor-widget-container\">\n\t\t\t\t\t<h1 class=\"elementor-heading-title elementor-size-default\">F\u00f6rdermittel<\/h1>\t\t\t\t<\/div>\n\t\t\t\t<\/div>\n\t\t\t\t<div class=\"elementor-element elementor-element-49e4ada5 elementor-widget-divider--view-line elementor-widget elementor-widget-divider\" data-id=\"49e4ada5\" data-element_type=\"widget\" data-widget_type=\"divider.default\">\n\t\t\t\t<div class=\"elementor-widget-container\">\n\t\t\t\t\t\t\t<div class=\"elementor-divider\">\n\t\t\t<span class=\"elementor-divider-separator\">\n\t\t\t\t\t\t<\/span>\n\t\t<\/div>\n\t\t\t\t\t\t<\/div>\n\t\t\t\t<\/div>\n\t\t\t\t\t<\/div>\n\t\t<\/div>\n\t\t\t\t\t<\/div>\n\t\t<\/section>\n\t\t\t\t<section class=\"elementor-section elementor-top-section elementor-element elementor-element-9097979 elementor-section-boxed elementor-section-height-default elementor-section-height-default\" data-id=\"9097979\" data-element_type=\"section\" data-settings=\"{&quot;jet_parallax_layout_list&quot;:[]}\">\n\t\t\t\t\t\t<div class=\"elementor-container elementor-column-gap-default\">\n\t\t\t\t\t<div class=\"elementor-column elementor-col-100 elementor-top-column elementor-element elementor-element-6c8c7197\" data-id=\"6c8c7197\" data-element_type=\"column\">\n\t\t\t<div class=\"elementor-widget-wrap elementor-element-populated\">\n\t\t\t\t\t\t<div class=\"elementor-element elementor-element-f1ddad9 elementor-widget elementor-widget-image\" data-id=\"f1ddad9\" data-element_type=\"widget\" data-widget_type=\"image.default\">\n\t\t\t\t<div class=\"elementor-widget-container\">\n\t\t\t\t\t\t\t\t\t\t\t\t\t\t\t<img fetchpriority=\"high\" decoding=\"async\" width=\"2114\" height=\"1316\" src=\"https:\/\/www.interiors-mnd.com\/wp-content\/uploads\/2024\/10\/Snimek-obrazovky-2024-10-22-v-20.06.33.png\" class=\"attachment-full size-full wp-image-9090\" alt=\"\" srcset=\"https:\/\/www.interiors-mnd.com\/wp-content\/uploads\/2024\/10\/Snimek-obrazovky-2024-10-22-v-20.06.33.png 2114w, https:\/\/www.interiors-mnd.com\/wp-content\/uploads\/2024\/10\/Snimek-obrazovky-2024-10-22-v-20.06.33-300x187.png 300w, https:\/\/www.interiors-mnd.com\/wp-content\/uploads\/2024\/10\/Snimek-obrazovky-2024-10-22-v-20.06.33-1024x637.png 1024w, https:\/\/www.interiors-mnd.com\/wp-content\/uploads\/2024\/10\/Snimek-obrazovky-2024-10-22-v-20.06.33-768x478.png 768w, https:\/\/www.interiors-mnd.com\/wp-content\/uploads\/2024\/10\/Snimek-obrazovky-2024-10-22-v-20.06.33-1536x956.png 1536w, https:\/\/www.interiors-mnd.com\/wp-content\/uploads\/2024\/10\/Snimek-obrazovky-2024-10-22-v-20.06.33-2048x1275.png 2048w, https:\/\/www.interiors-mnd.com\/wp-content\/uploads\/2024\/10\/Snimek-obrazovky-2024-10-22-v-20.06.33-18x12.png 18w\" sizes=\"(max-width: 2114px) 100vw, 2114px\" \/>\t\t\t\t\t\t\t\t\t\t\t\t\t\t\t<\/div>\n\t\t\t\t<\/div>\n\t\t\t\t<div class=\"elementor-element elementor-element-7c491a7 elementor-widget elementor-widget-image\" data-id=\"7c491a7\" data-element_type=\"widget\" data-widget_type=\"image.default\">\n\t\t\t\t<div class=\"elementor-widget-container\">\n\t\t\t\t\t\t\t\t\t\t\t\t\t\t\t<img decoding=\"async\" width=\"2560\" height=\"1579\" src=\"https:\/\/www.interiors-mnd.com\/wp-content\/uploads\/2025\/02\/Plakat_publicity-scaled.jpg\" class=\"attachment-full size-full wp-image-9214\" alt=\"\" srcset=\"https:\/\/www.interiors-mnd.com\/wp-content\/uploads\/2025\/02\/Plakat_publicity-scaled.jpg 2560w, https:\/\/www.interiors-mnd.com\/wp-content\/uploads\/2025\/02\/Plakat_publicity-300x185.jpg 300w, https:\/\/www.interiors-mnd.com\/wp-content\/uploads\/2025\/02\/Plakat_publicity-1024x631.jpg 1024w, https:\/\/www.interiors-mnd.com\/wp-content\/uploads\/2025\/02\/Plakat_publicity-768x474.jpg 768w, https:\/\/www.interiors-mnd.com\/wp-content\/uploads\/2025\/02\/Plakat_publicity-1536x947.jpg 1536w, https:\/\/www.interiors-mnd.com\/wp-content\/uploads\/2025\/02\/Plakat_publicity-2048x1263.jpg 2048w, https:\/\/www.interiors-mnd.com\/wp-content\/uploads\/2025\/02\/Plakat_publicity-18x12.jpg 18w\" sizes=\"(max-width: 2560px) 100vw, 2560px\" \/>\t\t\t\t\t\t\t\t\t\t\t\t\t\t\t<\/div>\n\t\t\t\t<\/div>\n\t\t\t\t<div class=\"elementor-element elementor-element-8676f27 elementor-widget elementor-widget-image\" data-id=\"8676f27\" data-element_type=\"widget\" data-widget_type=\"image.default\">\n\t\t\t\t<div class=\"elementor-widget-container\">\n\t\t\t\t\t\t\t\t\t\t\t\t\t\t\t<img decoding=\"async\" width=\"2110\" height=\"1490\" src=\"https:\/\/www.interiors-mnd.com\/wp-content\/uploads\/2025\/06\/Snimek-obrazovky-2025-06-18-v-8.58.22.png\" class=\"attachment-full size-full wp-image-9848\" alt=\"\" srcset=\"https:\/\/www.interiors-mnd.com\/wp-content\/uploads\/2025\/06\/Snimek-obrazovky-2025-06-18-v-8.58.22.png 2110w, https:\/\/www.interiors-mnd.com\/wp-content\/uploads\/2025\/06\/Snimek-obrazovky-2025-06-18-v-8.58.22-300x212.png 300w, https:\/\/www.interiors-mnd.com\/wp-content\/uploads\/2025\/06\/Snimek-obrazovky-2025-06-18-v-8.58.22-1024x723.png 1024w, https:\/\/www.interiors-mnd.com\/wp-content\/uploads\/2025\/06\/Snimek-obrazovky-2025-06-18-v-8.58.22-768x542.png 768w, https:\/\/www.interiors-mnd.com\/wp-content\/uploads\/2025\/06\/Snimek-obrazovky-2025-06-18-v-8.58.22-1536x1085.png 1536w, https:\/\/www.interiors-mnd.com\/wp-content\/uploads\/2025\/06\/Snimek-obrazovky-2025-06-18-v-8.58.22-2048x1446.png 2048w, https:\/\/www.interiors-mnd.com\/wp-content\/uploads\/2025\/06\/Snimek-obrazovky-2025-06-18-v-8.58.22-18x12.png 18w\" sizes=\"(max-width: 2110px) 100vw, 2110px\" \/>\t\t\t\t\t\t\t\t\t\t\t\t\t\t\t<\/div>\n\t\t\t\t<\/div>\n\t\t\t\t<div class=\"elementor-element elementor-element-6bf2caa elementor-widget elementor-widget-image\" data-id=\"6bf2caa\" data-element_type=\"widget\" data-widget_type=\"image.default\">\n\t\t\t\t<div class=\"elementor-widget-container\">\n\t\t\t\t\t\t\t\t\t\t\t\t\t\t\t<img loading=\"lazy\" decoding=\"async\" width=\"2358\" height=\"1574\" src=\"https:\/\/www.interiors-mnd.com\/wp-content\/uploads\/2025\/09\/Snimek-obrazovky-2025-09-26-v-11.21.51.png\" class=\"attachment-full size-full wp-image-10048\" alt=\"\" srcset=\"https:\/\/www.interiors-mnd.com\/wp-content\/uploads\/2025\/09\/Snimek-obrazovky-2025-09-26-v-11.21.51.png 2358w, https:\/\/www.interiors-mnd.com\/wp-content\/uploads\/2025\/09\/Snimek-obrazovky-2025-09-26-v-11.21.51-300x200.png 300w, https:\/\/www.interiors-mnd.com\/wp-content\/uploads\/2025\/09\/Snimek-obrazovky-2025-09-26-v-11.21.51-1024x684.png 1024w, https:\/\/www.interiors-mnd.com\/wp-content\/uploads\/2025\/09\/Snimek-obrazovky-2025-09-26-v-11.21.51-768x513.png 768w, https:\/\/www.interiors-mnd.com\/wp-content\/uploads\/2025\/09\/Snimek-obrazovky-2025-09-26-v-11.21.51-1536x1025.png 1536w, https:\/\/www.interiors-mnd.com\/wp-content\/uploads\/2025\/09\/Snimek-obrazovky-2025-09-26-v-11.21.51-2048x1367.png 2048w, https:\/\/www.interiors-mnd.com\/wp-content\/uploads\/2025\/09\/Snimek-obrazovky-2025-09-26-v-11.21.51-18x12.png 18w\" sizes=\"(max-width: 2358px) 100vw, 2358px\" \/>\t\t\t\t\t\t\t\t\t\t\t\t\t\t\t<\/div>\n\t\t\t\t<\/div>\n\t\t\t\t\t<\/div>\n\t\t<\/div>\n\t\t\t\t\t<\/div>\n\t\t<\/section>\n\t\t\t\t<\/div>","protected":false},"excerpt":{"rendered":"<p>F\u00f6rdermittel<\/p>","protected":false},"author":1,"featured_media":0,"parent":0,"menu_order":0,"comment_status":"closed","ping_status":"closed","template":"","meta":{"inline_featured_image":false,"footnotes":""},"class_list":["post-9087","page","type-page","status-publish","hentry"],"yoast_head":"<!-- This site is optimized with the Yoast SEO plugin v27.3 - https:\/\/yoast.com\/product\/yoast-seo-wordpress\/ -->\n<title>Dotace | Interiors MND<\/title>\n<meta name=\"robots\" content=\"index, follow, max-snippet:-1, max-image-preview:large, max-video-preview:-1\" \/>\n<link rel=\"canonical\" href=\"https:\/\/www.interiors-mnd.com\/cs\/de\/dotace\/\" \/>\n<meta property=\"og:locale\" content=\"de_DE\" \/>\n<meta property=\"og:type\" content=\"article\" \/>\n<meta property=\"og:title\" content=\"Dotace | Interiors MND\" \/>\n<meta property=\"og:description\" content=\"Dotace\" \/>\n<meta property=\"og:url\" content=\"https:\/\/www.interiors-mnd.com\/cs\/de\/dotace\/\" \/>\n<meta property=\"og:site_name\" content=\"Interiors MND\" \/>\n<meta property=\"article:modified_time\" content=\"2025-09-26T09:23:55+00:00\" \/>\n<meta property=\"og:image\" content=\"https:\/\/www.interiors-mnd.com\/wp-content\/uploads\/2024\/10\/Snimek-obrazovky-2024-10-22-v-20.06.33.png\" \/>\n\t<meta property=\"og:image:width\" content=\"2114\" \/>\n\t<meta property=\"og:image:height\" content=\"1316\" \/>\n\t<meta property=\"og:image:type\" content=\"image\/png\" \/>\n<meta name=\"twitter:card\" content=\"summary_large_image\" \/>\n<meta name=\"twitter:label1\" content=\"Gesch\u00e4tzte Lesezeit\" \/>\n\t<meta name=\"twitter:data1\" content=\"1\u00a0Minute\" \/>\n<script type=\"application\/ld+json\" class=\"yoast-schema-graph\">{\"@context\":\"https:\\\/\\\/schema.org\",\"@graph\":[{\"@type\":\"WebPage\",\"@id\":\"https:\\\/\\\/www.interiors-mnd.com\\\/cs\\\/dotace\\\/\",\"url\":\"https:\\\/\\\/www.interiors-mnd.com\\\/cs\\\/dotace\\\/\",\"name\":\"Dotace | Interiors MND\",\"isPartOf\":{\"@id\":\"https:\\\/\\\/www.interiors-mnd.com\\\/cs\\\/#website\"},\"primaryImageOfPage\":{\"@id\":\"https:\\\/\\\/www.interiors-mnd.com\\\/cs\\\/dotace\\\/#primaryimage\"},\"image\":{\"@id\":\"https:\\\/\\\/www.interiors-mnd.com\\\/cs\\\/dotace\\\/#primaryimage\"},\"thumbnailUrl\":\"https:\\\/\\\/www.interiors-mnd.com\\\/wp-content\\\/uploads\\\/2024\\\/10\\\/Snimek-obrazovky-2024-10-22-v-20.06.33.png\",\"datePublished\":\"2024-10-22T18:03:06+00:00\",\"dateModified\":\"2025-09-26T09:23:55+00:00\",\"breadcrumb\":{\"@id\":\"https:\\\/\\\/www.interiors-mnd.com\\\/cs\\\/dotace\\\/#breadcrumb\"},\"inLanguage\":\"de\",\"potentialAction\":[{\"@type\":\"ReadAction\",\"target\":[\"https:\\\/\\\/www.interiors-mnd.com\\\/cs\\\/dotace\\\/\"]}]},{\"@type\":\"ImageObject\",\"inLanguage\":\"de\",\"@id\":\"https:\\\/\\\/www.interiors-mnd.com\\\/cs\\\/dotace\\\/#primaryimage\",\"url\":\"https:\\\/\\\/www.interiors-mnd.com\\\/wp-content\\\/uploads\\\/2024\\\/10\\\/Snimek-obrazovky-2024-10-22-v-20.06.33.png\",\"contentUrl\":\"https:\\\/\\\/www.interiors-mnd.com\\\/wp-content\\\/uploads\\\/2024\\\/10\\\/Snimek-obrazovky-2024-10-22-v-20.06.33.png\"},{\"@type\":\"BreadcrumbList\",\"@id\":\"https:\\\/\\\/www.interiors-mnd.com\\\/cs\\\/dotace\\\/#breadcrumb\",\"itemListElement\":[{\"@type\":\"ListItem\",\"position\":1,\"name\":\"Dom\u016f\",\"item\":\"https:\\\/\\\/www.interiors-mnd.com\\\/cs\\\/\"},{\"@type\":\"ListItem\",\"position\":2,\"name\":\"Dotace\"}]},{\"@type\":\"WebSite\",\"@id\":\"https:\\\/\\\/www.interiors-mnd.com\\\/cs\\\/#website\",\"url\":\"https:\\\/\\\/www.interiors-mnd.com\\\/cs\\\/\",\"name\":\"Interiors MND\",\"description\":\"Komplexn\u00ed \u0159e\u0161en\u00ed interi\u00e9r\u016f kdekoliv na sv\u011bt\u011b\",\"publisher\":{\"@id\":\"https:\\\/\\\/www.interiors-mnd.com\\\/cs\\\/#organization\"},\"potentialAction\":[{\"@type\":\"SearchAction\",\"target\":{\"@type\":\"EntryPoint\",\"urlTemplate\":\"https:\\\/\\\/www.interiors-mnd.com\\\/cs\\\/?s={search_term_string}\"},\"query-input\":{\"@type\":\"PropertyValueSpecification\",\"valueRequired\":true,\"valueName\":\"search_term_string\"}}],\"inLanguage\":\"de\"},{\"@type\":\"Organization\",\"@id\":\"https:\\\/\\\/www.interiors-mnd.com\\\/cs\\\/#organization\",\"name\":\"Interiors MND\",\"url\":\"https:\\\/\\\/www.interiors-mnd.com\\\/cs\\\/\",\"logo\":{\"@type\":\"ImageObject\",\"inLanguage\":\"de\",\"@id\":\"https:\\\/\\\/www.interiors-mnd.com\\\/cs\\\/#\\\/schema\\\/logo\\\/image\\\/\",\"url\":\"https:\\\/\\\/www.interiors-mnd.com\\\/wp-content\\\/uploads\\\/2023\\\/03\\\/logo.png\",\"contentUrl\":\"https:\\\/\\\/www.interiors-mnd.com\\\/wp-content\\\/uploads\\\/2023\\\/03\\\/logo.png\",\"width\":232,\"height\":65,\"caption\":\"Interiors MND\"},\"image\":{\"@id\":\"https:\\\/\\\/www.interiors-mnd.com\\\/cs\\\/#\\\/schema\\\/logo\\\/image\\\/\"}}]}<\/script>\n<!-- \/ Yoast SEO plugin. -->","yoast_head_json":{"title":"Dotace | Interiors MND","robots":{"index":"index","follow":"follow","max-snippet":"max-snippet:-1","max-image-preview":"max-image-preview:large","max-video-preview":"max-video-preview:-1"},"canonical":"https:\/\/www.interiors-mnd.com\/cs\/de\/dotace\/","og_locale":"de_DE","og_type":"article","og_title":"Dotace | Interiors MND","og_description":"Dotace","og_url":"https:\/\/www.interiors-mnd.com\/cs\/de\/dotace\/","og_site_name":"Interiors MND","article_modified_time":"2025-09-26T09:23:55+00:00","og_image":[{"width":2114,"height":1316,"url":"https:\/\/www.interiors-mnd.com\/wp-content\/uploads\/2024\/10\/Snimek-obrazovky-2024-10-22-v-20.06.33.png","type":"image\/png"}],"twitter_card":"summary_large_image","twitter_misc":{"Gesch\u00e4tzte Lesezeit":"1\u00a0Minute"},"schema":{"@context":"https:\/\/schema.org","@graph":[{"@type":"WebPage","@id":"https:\/\/www.interiors-mnd.com\/cs\/dotace\/","url":"https:\/\/www.interiors-mnd.com\/cs\/dotace\/","name":"Dotace | Interiors MND","isPartOf":{"@id":"https:\/\/www.interiors-mnd.com\/cs\/#website"},"primaryImageOfPage":{"@id":"https:\/\/www.interiors-mnd.com\/cs\/dotace\/#primaryimage"},"image":{"@id":"https:\/\/www.interiors-mnd.com\/cs\/dotace\/#primaryimage"},"thumbnailUrl":"https:\/\/www.interiors-mnd.com\/wp-content\/uploads\/2024\/10\/Snimek-obrazovky-2024-10-22-v-20.06.33.png","datePublished":"2024-10-22T18:03:06+00:00","dateModified":"2025-09-26T09:23:55+00:00","breadcrumb":{"@id":"https:\/\/www.interiors-mnd.com\/cs\/dotace\/#breadcrumb"},"inLanguage":"de","potentialAction":[{"@type":"ReadAction","target":["https:\/\/www.interiors-mnd.com\/cs\/dotace\/"]}]},{"@type":"ImageObject","inLanguage":"de","@id":"https:\/\/www.interiors-mnd.com\/cs\/dotace\/#primaryimage","url":"https:\/\/www.interiors-mnd.com\/wp-content\/uploads\/2024\/10\/Snimek-obrazovky-2024-10-22-v-20.06.33.png","contentUrl":"https:\/\/www.interiors-mnd.com\/wp-content\/uploads\/2024\/10\/Snimek-obrazovky-2024-10-22-v-20.06.33.png"},{"@type":"BreadcrumbList","@id":"https:\/\/www.interiors-mnd.com\/cs\/dotace\/#breadcrumb","itemListElement":[{"@type":"ListItem","position":1,"name":"Dom\u016f","item":"https:\/\/www.interiors-mnd.com\/cs\/"},{"@type":"ListItem","position":2,"name":"Dotace"}]},{"@type":"WebSite","@id":"https:\/\/www.interiors-mnd.com\/cs\/#website","url":"https:\/\/www.interiors-mnd.com\/cs\/","name":"Interiors MND","description":"Ganzheitliche L\u00f6sungen f\u00fcr Innenausbau weltweit","publisher":{"@id":"https:\/\/www.interiors-mnd.com\/cs\/#organization"},"potentialAction":[{"@type":"SearchAction","target":{"@type":"EntryPoint","urlTemplate":"https:\/\/www.interiors-mnd.com\/cs\/?s={search_term_string}"},"query-input":{"@type":"PropertyValueSpecification","valueRequired":true,"valueName":"search_term_string"}}],"inLanguage":"de"},{"@type":"Organization","@id":"https:\/\/www.interiors-mnd.com\/cs\/#organization","name":"Interiors MND","url":"https:\/\/www.interiors-mnd.com\/cs\/","logo":{"@type":"ImageObject","inLanguage":"de","@id":"https:\/\/www.interiors-mnd.com\/cs\/#\/schema\/logo\/image\/","url":"https:\/\/www.interiors-mnd.com\/wp-content\/uploads\/2023\/03\/logo.png","contentUrl":"https:\/\/www.interiors-mnd.com\/wp-content\/uploads\/2023\/03\/logo.png","width":232,"height":65,"caption":"Interiors MND"},"image":{"@id":"https:\/\/www.interiors-mnd.com\/cs\/#\/schema\/logo\/image\/"}}]}},"_links":{"self":[{"href":"https:\/\/www.interiors-mnd.com\/cs\/de\/wp-json\/wp\/v2\/pages\/9087","targetHints":{"allow":["GET"]}}],"collection":[{"href":"https:\/\/www.interiors-mnd.com\/cs\/de\/wp-json\/wp\/v2\/pages"}],"about":[{"href":"https:\/\/www.interiors-mnd.com\/cs\/de\/wp-json\/wp\/v2\/types\/page"}],"author":[{"embeddable":true,"href":"https:\/\/www.interiors-mnd.com\/cs\/de\/wp-json\/wp\/v2\/users\/1"}],"replies":[{"embeddable":true,"href":"https:\/\/www.interiors-mnd.com\/cs\/de\/wp-json\/wp\/v2\/comments?post=9087"}],"version-history":[{"count":25,"href":"https:\/\/www.interiors-mnd.com\/cs\/de\/wp-json\/wp\/v2\/pages\/9087\/revisions"}],"predecessor-version":[{"id":10051,"href":"https:\/\/www.interiors-mnd.com\/cs\/de\/wp-json\/wp\/v2\/pages\/9087\/revisions\/10051"}],"wp:attachment":[{"href":"https:\/\/www.interiors-mnd.com\/cs\/de\/wp-json\/wp\/v2\/media?parent=9087"}],"curies":[{"name":"wp","href":"https:\/\/api.w.org\/{rel}","templated":true}]}}