{"id":7708,"date":"2023-10-18T07:47:51","date_gmt":"2023-10-18T07:47:51","guid":{"rendered":"https:\/\/www.interiors-mnd.com\/cs\/?page_id=7708"},"modified":"2023-12-12T08:23:49","modified_gmt":"2023-12-12T08:23:49","slug":"impresum","status":"publish","type":"page","link":"https:\/\/www.interiors-mnd.com\/cs\/de\/impresum\/","title":{"rendered":"Impresum"},"content":{"rendered":"<div data-elementor-type=\"wp-page\" data-elementor-id=\"7708\" class=\"elementor elementor-7708\" data-elementor-post-type=\"page\">\n\t\t\t\t\t\t<section class=\"elementor-section elementor-top-section elementor-element elementor-element-d335cc1 elementor-section-boxed elementor-section-height-default elementor-section-height-default\" data-id=\"d335cc1\" data-element_type=\"section\" data-settings=\"{&quot;background_background&quot;:&quot;classic&quot;,&quot;jet_parallax_layout_list&quot;:[]}\">\n\t\t\t\t\t\t<div class=\"elementor-container elementor-column-gap-default\">\n\t\t\t\t\t<div class=\"elementor-column elementor-col-100 elementor-top-column elementor-element elementor-element-ea1146e\" data-id=\"ea1146e\" data-element_type=\"column\">\n\t\t\t<div class=\"elementor-widget-wrap elementor-element-populated\">\n\t\t\t\t\t\t<div class=\"elementor-element elementor-element-85f0e37 elementor-widget elementor-widget-heading\" data-id=\"85f0e37\" data-element_type=\"widget\" data-widget_type=\"heading.default\">\n\t\t\t\t<div class=\"elementor-widget-container\">\n\t\t\t\t\t<h1 class=\"elementor-heading-title elementor-size-default\">Abdruck<\/h1>\t\t\t\t<\/div>\n\t\t\t\t<\/div>\n\t\t\t\t<div class=\"elementor-element elementor-element-b26fa13 elementor-widget-divider--view-line elementor-widget elementor-widget-divider\" data-id=\"b26fa13\" data-element_type=\"widget\" data-widget_type=\"divider.default\">\n\t\t\t\t<div class=\"elementor-widget-container\">\n\t\t\t\t\t\t\t<div class=\"elementor-divider\">\n\t\t\t<span class=\"elementor-divider-separator\">\n\t\t\t\t\t\t<\/span>\n\t\t<\/div>\n\t\t\t\t\t\t<\/div>\n\t\t\t\t<\/div>\n\t\t\t\t\t<\/div>\n\t\t<\/div>\n\t\t\t\t\t<\/div>\n\t\t<\/section>\n\t\t\t\t<section class=\"elementor-section elementor-top-section elementor-element elementor-element-c402906 elementor-section-boxed elementor-section-height-default elementor-section-height-default\" data-id=\"c402906\" data-element_type=\"section\" data-settings=\"{&quot;jet_parallax_layout_list&quot;:[]}\">\n\t\t\t\t\t\t<div class=\"elementor-container elementor-column-gap-default\">\n\t\t\t\t\t<div class=\"elementor-column elementor-col-100 elementor-top-column elementor-element elementor-element-b9dc9bb\" data-id=\"b9dc9bb\" data-element_type=\"column\">\n\t\t\t<div class=\"elementor-widget-wrap elementor-element-populated\">\n\t\t\t\t\t\t<div class=\"elementor-element elementor-element-e0eb825 elementor-widget elementor-widget-text-editor\" data-id=\"e0eb825\" data-element_type=\"widget\" data-widget_type=\"text-editor.default\">\n\t\t\t\t<div class=\"elementor-widget-container\">\n\t\t\t\t\t\t\t\t\t<h4><strong>INTERIORS manufacture&amp;design a.s.<\/strong><\/h4><p><span style=\"font-weight: 400;\">Kasejovice 337,<br \/><\/span><span style=\"font-weight: 400;\">335 44 Kasejovice<\/span><\/p><p><span style=\"font-weight: 400;\">\u00a0<\/span><\/p><p><span style=\"font-weight: 400;\">Telefon: <span style=\"text-decoration: underline;\"><a href=\"tel:420371595985\">+420 371 595 985<\/a><\/span><\/span><\/p><p><span style=\"font-weight: 400;\">E-Mail-Adresse: <span style=\"text-decoration: underline;\"><a href=\"mailto:info@interiors-mnd.com\">info@interiors-mnd.com<\/a><\/span><\/span><\/p><p><span style=\"font-weight: 400;\"><br \/>Rechtsform: Aktiengesellschaft<\/span><\/p><p><span style=\"font-weight: 400;\"><br \/>Eingetragen im Handelsregister des Landgerichts Pilsen, Abschnitt B, Insert 2094<\/span><\/p><p><span style=\"font-weight: 400;\">KENNNUMMER: 290 96 227<\/span><\/p><p><span style=\"font-weight: 400;\">MWST.-NR.: CZ290 96 227<\/span><\/p><p><span style=\"font-weight: 400;\">\u00a0<\/span><\/p><p><span style=\"font-weight: 400;\">Jahresabschluss: <\/span><span style=\"text-decoration: underline;\"><a href=\"https:\/\/or.justice.cz\/ias\/ui\/vypis-sl-firma?subjektId=160229\"><span style=\"font-weight: 400;\">https:\/\/or.justice.cz\/ias\/ui\/vypis-sl-firma?subjektId=160229<\/span><\/a><\/span><\/p><p><span style=\"font-weight: 400;\">Jahresbericht: <\/span><span style=\"text-decoration: underline;\"><a href=\"https:\/\/or.justice.cz\/ias\/ui\/vypis-sl-firma?subjektId=160229\"><span style=\"font-weight: 400;\">https:\/\/or.justice.cz\/ias\/ui\/vypis-sl-firma?subjektId=160229<\/span><\/a><\/span><\/p><p><span style=\"font-weight: 400;\">Bericht \u00fcber die finanzielle Unterst\u00fctzung gem\u00e4\u00df \u00a7 311 Ziff. d) ZOK: <\/span><span style=\"text-decoration: underline;\"><a href=\"https:\/\/or.justice.cz\/ias\/ui\/vypis-sl-firma?subjektId=160229\"><span style=\"font-weight: 400;\">https:\/\/or.justice.cz\/ias\/ui\/vypis-sl-firma?subjektId=160229<\/span><\/a><\/span><\/p><p><span style=\"font-weight: 400;\">\u00a0<\/span><\/p><p><span style=\"font-weight: 400;\">Vertretungsberechtigte Gesch\u00e4ftsf\u00fchrer:<\/span><\/p><p><span style=\"font-weight: 400;\">Tobias Bleifu\u00df<\/span><\/p><p><span style=\"font-weight: 400;\">Nikola Fiala<\/span><\/p><h4><strong><br \/>INTERIORS manufacture&amp;design GmbH<\/strong><\/h4><p>Ernst-Abbe-Str. 14<br \/>D-97877 Wertheim<\/p><p><span style=\"font-weight: 400;\">\u00a0<br \/><\/span><span style=\"font-weight: 400;\">Telefon: <span style=\"text-decoration: underline;\"><a href=\"tel:491752701500\">+49 175 2701500<\/a><\/span><\/span><\/p><p><span style=\"font-weight: 400;\">E-Mail-Adresse: <\/span><span style=\"text-decoration: underline;\"><a href=\"mailto:info@interiors-mnd.com\"><span style=\"font-weight: 400;\">info@interiors-mnd.com<\/span><\/a><\/span><\/p><p><span style=\"font-weight: 400;\">\u00a0<br \/><\/span><span style=\"font-weight: 400;\">Rechtsform: Gesellschaft mit beschr\u00e4nkter Haftung<\/span><\/p><p><span style=\"font-weight: 400;\">\u00a0<br \/><\/span><span style=\"font-weight: 400;\">Registergericht: Amtsgericht Mannheim<\/span><\/p><p><span style=\"font-weight: 400;\">Registernr.: HRB 747377<\/span><\/p><p><span style=\"font-weight: 400;\">UST-IDNR.: DE 318 067 031<\/span><\/p><p><span style=\"font-weight: 400;\"><br \/>Vertretungsberechtigte Gesch\u00e4ftsf\u00fchrer:<\/span><\/p><p><span style=\"font-weight: 400;\">Tobias Bleifu\u00df<\/span><\/p><p><span style=\"font-weight: 400;\">Nikola Fiala<\/span><\/p>\t\t\t\t\t\t\t\t<\/div>\n\t\t\t\t<\/div>\n\t\t\t\t\t<\/div>\n\t\t<\/div>\n\t\t\t\t\t<\/div>\n\t\t<\/section>\n\t\t\t\t<\/div>","protected":false},"excerpt":{"rendered":"<p>Abdruck INTERIORS Manufacture&amp;Design a.s. Kasejovice 337,335 44 Kasejovice \u00a0 Telefon: +420 371 595 985 E-Mail-Adresse: info@interiors-mnd.com Rechtsform: Aktiengesellschaft Eingetragen im Handelsregister des Landgerichts Pilsen, Abschnitt B, Insert 2094 KENNNUMMER: 290 96 227 MWST.-NR.: CZ290 96 227 \u00a0 Jahresabschluss: https:\/\/or.justice.cz\/ias\/ui\/vypis-sl-firma?subjektId=160229 Jahresbericht: https:\/\/or.justice.cz\/ias\/ui\/vypis-sl-firma?subjektId=160229 Bericht \u00fcber die finanzielle Unterst\u00fctzung gem\u00e4\u00df \u00a7 311 Ziff. d) ZOK: https:\/\/or.justice.cz\/ias\/ui\/vypis-sl-firma?subjektId=160229 \u00a0 Vertretungsberechtigte [&hellip;]<\/p>\n","protected":false},"author":1,"featured_media":0,"parent":0,"menu_order":0,"comment_status":"closed","ping_status":"closed","template":"","meta":{"inline_featured_image":false,"footnotes":""},"class_list":["post-7708","page","type-page","status-publish","hentry"],"yoast_head":"<!-- This site is optimized with the Yoast SEO plugin v27.3 - https:\/\/yoast.com\/product\/yoast-seo-wordpress\/ -->\n<title>Impresum | Interiors MND<\/title>\n<meta name=\"robots\" content=\"index, follow, max-snippet:-1, max-image-preview:large, max-video-preview:-1\" \/>\n<link rel=\"canonical\" href=\"https:\/\/www.interiors-mnd.com\/cs\/de\/impresum\/\" \/>\n<meta property=\"og:locale\" content=\"de_DE\" \/>\n<meta property=\"og:type\" content=\"article\" \/>\n<meta property=\"og:title\" content=\"Impresum | Interiors MND\" \/>\n<meta property=\"og:description\" content=\"Abdruck INTERIORS Manufacture&amp;Design a.s. Kasejovice 337,335 44 Kasejovice \u00a0 Telefon: +420 371 595 985 E-Mail-Adresse: info@interiors-mnd.com Rechtsform: Aktiengesellschaft Eingetragen im Handelsregister des Landgerichts Pilsen, Abschnitt B, Insert 2094 KENNNUMMER: 290 96 227 MWST.-NR.: CZ290 96 227 \u00a0 Jahresabschluss: https:\/\/or.justice.cz\/ias\/ui\/vypis-sl-firma?subjektId=160229 Jahresbericht: https:\/\/or.justice.cz\/ias\/ui\/vypis-sl-firma?subjektId=160229 Bericht \u00fcber die finanzielle Unterst\u00fctzung gem\u00e4\u00df \u00a7 311 Ziff. d) ZOK: https:\/\/or.justice.cz\/ias\/ui\/vypis-sl-firma?subjektId=160229 \u00a0 Vertretungsberechtigte [&hellip;]\" \/>\n<meta property=\"og:url\" content=\"https:\/\/www.interiors-mnd.com\/cs\/de\/impresum\/\" \/>\n<meta property=\"og:site_name\" content=\"Interiors MND\" \/>\n<meta property=\"article:modified_time\" content=\"2023-12-12T08:23:49+00:00\" \/>\n<meta name=\"twitter:card\" content=\"summary_large_image\" \/>\n<meta name=\"twitter:label1\" content=\"Gesch\u00e4tzte Lesezeit\" \/>\n\t<meta name=\"twitter:data1\" content=\"1\u00a0Minute\" \/>\n<script type=\"application\/ld+json\" class=\"yoast-schema-graph\">{\"@context\":\"https:\\\/\\\/schema.org\",\"@graph\":[{\"@type\":\"WebPage\",\"@id\":\"https:\\\/\\\/www.interiors-mnd.com\\\/cs\\\/impresum\\\/\",\"url\":\"https:\\\/\\\/www.interiors-mnd.com\\\/cs\\\/impresum\\\/\",\"name\":\"Impresum | Interiors MND\",\"isPartOf\":{\"@id\":\"https:\\\/\\\/www.interiors-mnd.com\\\/cs\\\/#website\"},\"datePublished\":\"2023-10-18T07:47:51+00:00\",\"dateModified\":\"2023-12-12T08:23:49+00:00\",\"breadcrumb\":{\"@id\":\"https:\\\/\\\/www.interiors-mnd.com\\\/cs\\\/impresum\\\/#breadcrumb\"},\"inLanguage\":\"de\",\"potentialAction\":[{\"@type\":\"ReadAction\",\"target\":[\"https:\\\/\\\/www.interiors-mnd.com\\\/cs\\\/impresum\\\/\"]}]},{\"@type\":\"BreadcrumbList\",\"@id\":\"https:\\\/\\\/www.interiors-mnd.com\\\/cs\\\/impresum\\\/#breadcrumb\",\"itemListElement\":[{\"@type\":\"ListItem\",\"position\":1,\"name\":\"Dom\u016f\",\"item\":\"https:\\\/\\\/www.interiors-mnd.com\\\/cs\\\/\"},{\"@type\":\"ListItem\",\"position\":2,\"name\":\"Impresum\"}]},{\"@type\":\"WebSite\",\"@id\":\"https:\\\/\\\/www.interiors-mnd.com\\\/cs\\\/#website\",\"url\":\"https:\\\/\\\/www.interiors-mnd.com\\\/cs\\\/\",\"name\":\"Interiors MND\",\"description\":\"Komplexn\u00ed \u0159e\u0161en\u00ed interi\u00e9r\u016f kdekoliv na sv\u011bt\u011b\",\"publisher\":{\"@id\":\"https:\\\/\\\/www.interiors-mnd.com\\\/cs\\\/#organization\"},\"potentialAction\":[{\"@type\":\"SearchAction\",\"target\":{\"@type\":\"EntryPoint\",\"urlTemplate\":\"https:\\\/\\\/www.interiors-mnd.com\\\/cs\\\/?s={search_term_string}\"},\"query-input\":{\"@type\":\"PropertyValueSpecification\",\"valueRequired\":true,\"valueName\":\"search_term_string\"}}],\"inLanguage\":\"de\"},{\"@type\":\"Organization\",\"@id\":\"https:\\\/\\\/www.interiors-mnd.com\\\/cs\\\/#organization\",\"name\":\"Interiors MND\",\"url\":\"https:\\\/\\\/www.interiors-mnd.com\\\/cs\\\/\",\"logo\":{\"@type\":\"ImageObject\",\"inLanguage\":\"de\",\"@id\":\"https:\\\/\\\/www.interiors-mnd.com\\\/cs\\\/#\\\/schema\\\/logo\\\/image\\\/\",\"url\":\"https:\\\/\\\/www.interiors-mnd.com\\\/wp-content\\\/uploads\\\/2023\\\/03\\\/logo.png\",\"contentUrl\":\"https:\\\/\\\/www.interiors-mnd.com\\\/wp-content\\\/uploads\\\/2023\\\/03\\\/logo.png\",\"width\":232,\"height\":65,\"caption\":\"Interiors MND\"},\"image\":{\"@id\":\"https:\\\/\\\/www.interiors-mnd.com\\\/cs\\\/#\\\/schema\\\/logo\\\/image\\\/\"}}]}<\/script>\n<!-- \/ Yoast SEO plugin. -->","yoast_head_json":{"title":"Impresum | Interiors MND","robots":{"index":"index","follow":"follow","max-snippet":"max-snippet:-1","max-image-preview":"max-image-preview:large","max-video-preview":"max-video-preview:-1"},"canonical":"https:\/\/www.interiors-mnd.com\/cs\/de\/impresum\/","og_locale":"de_DE","og_type":"article","og_title":"Impresum | Interiors MND","og_description":"Abdruck INTERIORS Manufacture&amp;Design a.s. Kasejovice 337,335 44 Kasejovice \u00a0 Telefon: +420 371 595 985 E-Mail-Adresse: info@interiors-mnd.com Rechtsform: Aktiengesellschaft Eingetragen im Handelsregister des Landgerichts Pilsen, Abschnitt B, Insert 2094 KENNNUMMER: 290 96 227 MWST.-NR.: CZ290 96 227 \u00a0 Jahresabschluss: https:\/\/or.justice.cz\/ias\/ui\/vypis-sl-firma?subjektId=160229 Jahresbericht: https:\/\/or.justice.cz\/ias\/ui\/vypis-sl-firma?subjektId=160229 Bericht \u00fcber die finanzielle Unterst\u00fctzung gem\u00e4\u00df \u00a7 311 Ziff. d) ZOK: https:\/\/or.justice.cz\/ias\/ui\/vypis-sl-firma?subjektId=160229 \u00a0 Vertretungsberechtigte [&hellip;]","og_url":"https:\/\/www.interiors-mnd.com\/cs\/de\/impresum\/","og_site_name":"Interiors MND","article_modified_time":"2023-12-12T08:23:49+00:00","twitter_card":"summary_large_image","twitter_misc":{"Gesch\u00e4tzte Lesezeit":"1\u00a0Minute"},"schema":{"@context":"https:\/\/schema.org","@graph":[{"@type":"WebPage","@id":"https:\/\/www.interiors-mnd.com\/cs\/impresum\/","url":"https:\/\/www.interiors-mnd.com\/cs\/impresum\/","name":"Impresum | Interiors MND","isPartOf":{"@id":"https:\/\/www.interiors-mnd.com\/cs\/#website"},"datePublished":"2023-10-18T07:47:51+00:00","dateModified":"2023-12-12T08:23:49+00:00","breadcrumb":{"@id":"https:\/\/www.interiors-mnd.com\/cs\/impresum\/#breadcrumb"},"inLanguage":"de","potentialAction":[{"@type":"ReadAction","target":["https:\/\/www.interiors-mnd.com\/cs\/impresum\/"]}]},{"@type":"BreadcrumbList","@id":"https:\/\/www.interiors-mnd.com\/cs\/impresum\/#breadcrumb","itemListElement":[{"@type":"ListItem","position":1,"name":"Dom\u016f","item":"https:\/\/www.interiors-mnd.com\/cs\/"},{"@type":"ListItem","position":2,"name":"Impresum"}]},{"@type":"WebSite","@id":"https:\/\/www.interiors-mnd.com\/cs\/#website","url":"https:\/\/www.interiors-mnd.com\/cs\/","name":"Interiors MND","description":"Ganzheitliche L\u00f6sungen f\u00fcr Innenausbau weltweit","publisher":{"@id":"https:\/\/www.interiors-mnd.com\/cs\/#organization"},"potentialAction":[{"@type":"SearchAction","target":{"@type":"EntryPoint","urlTemplate":"https:\/\/www.interiors-mnd.com\/cs\/?s={search_term_string}"},"query-input":{"@type":"PropertyValueSpecification","valueRequired":true,"valueName":"search_term_string"}}],"inLanguage":"de"},{"@type":"Organization","@id":"https:\/\/www.interiors-mnd.com\/cs\/#organization","name":"Interiors MND","url":"https:\/\/www.interiors-mnd.com\/cs\/","logo":{"@type":"ImageObject","inLanguage":"de","@id":"https:\/\/www.interiors-mnd.com\/cs\/#\/schema\/logo\/image\/","url":"https:\/\/www.interiors-mnd.com\/wp-content\/uploads\/2023\/03\/logo.png","contentUrl":"https:\/\/www.interiors-mnd.com\/wp-content\/uploads\/2023\/03\/logo.png","width":232,"height":65,"caption":"Interiors MND"},"image":{"@id":"https:\/\/www.interiors-mnd.com\/cs\/#\/schema\/logo\/image\/"}}]}},"_links":{"self":[{"href":"https:\/\/www.interiors-mnd.com\/cs\/de\/wp-json\/wp\/v2\/pages\/7708","targetHints":{"allow":["GET"]}}],"collection":[{"href":"https:\/\/www.interiors-mnd.com\/cs\/de\/wp-json\/wp\/v2\/pages"}],"about":[{"href":"https:\/\/www.interiors-mnd.com\/cs\/de\/wp-json\/wp\/v2\/types\/page"}],"author":[{"embeddable":true,"href":"https:\/\/www.interiors-mnd.com\/cs\/de\/wp-json\/wp\/v2\/users\/1"}],"replies":[{"embeddable":true,"href":"https:\/\/www.interiors-mnd.com\/cs\/de\/wp-json\/wp\/v2\/comments?post=7708"}],"version-history":[{"count":10,"href":"https:\/\/www.interiors-mnd.com\/cs\/de\/wp-json\/wp\/v2\/pages\/7708\/revisions"}],"predecessor-version":[{"id":8650,"href":"https:\/\/www.interiors-mnd.com\/cs\/de\/wp-json\/wp\/v2\/pages\/7708\/revisions\/8650"}],"wp:attachment":[{"href":"https:\/\/www.interiors-mnd.com\/cs\/de\/wp-json\/wp\/v2\/media?parent=7708"}],"curies":[{"name":"wp","href":"https:\/\/api.w.org\/{rel}","templated":true}]}}