{"id":645,"date":"2023-04-20T11:40:39","date_gmt":"2023-04-20T11:40:39","guid":{"rendered":"http:\/\/interiorsmnd.digitaldepo.cz.server.digitaldepo.cz\/?page_id=645"},"modified":"2024-04-26T12:07:50","modified_gmt":"2024-04-26T12:07:50","slug":"montaze","status":"publish","type":"page","link":"https:\/\/www.interiors-mnd.com\/cs\/de\/montaze\/","title":{"rendered":"Montage"},"content":{"rendered":"<div data-elementor-type=\"wp-page\" data-elementor-id=\"645\" class=\"elementor elementor-645\" data-elementor-post-type=\"page\">\n\t\t\t\t\t\t<section class=\"elementor-section elementor-top-section elementor-element elementor-element-a2ca54d elementor-section-height-min-height elementor-section-items-top elementor-section-boxed elementor-section-height-default\" data-id=\"a2ca54d\" data-element_type=\"section\" data-settings=\"{&quot;background_background&quot;:&quot;classic&quot;,&quot;jet_parallax_layout_list&quot;:[]}\">\n\t\t\t\t\t\t<div class=\"elementor-container elementor-column-gap-default\">\n\t\t\t\t\t<div class=\"elementor-column elementor-col-50 elementor-top-column elementor-element elementor-element-ed8c6d0\" data-id=\"ed8c6d0\" data-element_type=\"column\">\n\t\t\t<div class=\"elementor-widget-wrap elementor-element-populated\">\n\t\t\t\t\t\t<div class=\"elementor-element elementor-element-4836e80 elementor-widget elementor-widget-heading\" data-id=\"4836e80\" data-element_type=\"widget\" data-widget_type=\"heading.default\">\n\t\t\t\t<div class=\"elementor-widget-container\">\n\t\t\t\t\t<h1 class=\"elementor-heading-title elementor-size-default\">Montage<\/h1>\t\t\t\t<\/div>\n\t\t\t\t<\/div>\n\t\t\t\t<div class=\"elementor-element elementor-element-561d15e elementor-widget-divider--view-line elementor-widget elementor-widget-divider\" data-id=\"561d15e\" data-element_type=\"widget\" data-widget_type=\"divider.default\">\n\t\t\t\t<div class=\"elementor-widget-container\">\n\t\t\t\t\t\t\t<div class=\"elementor-divider\">\n\t\t\t<span class=\"elementor-divider-separator\">\n\t\t\t\t\t\t<\/span>\n\t\t<\/div>\n\t\t\t\t\t\t<\/div>\n\t\t\t\t<\/div>\n\t\t\t\t\t<\/div>\n\t\t<\/div>\n\t\t\t\t<div class=\"elementor-column elementor-col-50 elementor-top-column elementor-element elementor-element-c016aee\" data-id=\"c016aee\" data-element_type=\"column\" data-settings=\"{&quot;background_background&quot;:&quot;classic&quot;}\">\n\t\t\t<div class=\"elementor-widget-wrap elementor-element-populated\">\n\t\t\t\t\t\t<div class=\"elementor-element elementor-element-8c97e98 elementor-widget__width-inherit elementor-hidden-tablet elementor-hidden-mobile elementor-widget elementor-widget-video\" data-id=\"8c97e98\" data-element_type=\"widget\" data-settings=\"{&quot;video_type&quot;:&quot;hosted&quot;,&quot;autoplay&quot;:&quot;yes&quot;,&quot;loop&quot;:&quot;yes&quot;,&quot;mute&quot;:&quot;yes&quot;}\" data-widget_type=\"video.default\">\n\t\t\t\t<div class=\"elementor-widget-container\">\n\t\t\t\t\t\t\t<div class=\"e-hosted-video elementor-wrapper elementor-open-inline\">\n\t\t\t\t\t<video class=\"elementor-video\" src=\"https:\/\/www.interiors-mnd.com\/wp-content\/uploads\/2023\/09\/video-3.mp4\" autoplay=\"\" loop=\"\" muted=\"muted\"><\/video>\n\t\t\t\t<\/div>\n\t\t\t\t\t\t<\/div>\n\t\t\t\t<\/div>\n\t\t\t\t\t<\/div>\n\t\t<\/div>\n\t\t\t\t\t<\/div>\n\t\t<\/section>\n\t\t\t\t<section class=\"elementor-section elementor-top-section elementor-element elementor-element-778fe1a elementor-section-boxed elementor-section-height-default elementor-section-height-default\" data-id=\"778fe1a\" data-element_type=\"section\" data-settings=\"{&quot;jet_parallax_layout_list&quot;:[]}\">\n\t\t\t\t\t\t<div class=\"elementor-container elementor-column-gap-default\">\n\t\t\t\t\t<div class=\"elementor-column elementor-col-50 elementor-top-column elementor-element elementor-element-7405dee\" data-id=\"7405dee\" data-element_type=\"column\">\n\t\t\t<div class=\"elementor-widget-wrap elementor-element-populated\">\n\t\t\t\t\t\t<div class=\"elementor-element elementor-element-e382e7c elementor-cta--valign-middle elementor-cta--layout-image-above elementor-widget-tablet__width-initial elementor-cta--skin-classic elementor-bg-transform elementor-bg-transform-zoom-in elementor-widget elementor-widget-call-to-action\" data-id=\"e382e7c\" data-element_type=\"widget\" data-widget_type=\"call-to-action.default\">\n\t\t\t\t<div class=\"elementor-widget-container\">\n\t\t\t\t\t\t\t<a class=\"elementor-cta\" href=\"https:\/\/www.interiors-mnd.com\/cs\/de\/sluzby\/design-konstrukcni-reseni\/\">\n\t\t\t\t\t<div class=\"elementor-cta__bg-wrapper\">\n\t\t\t\t<div class=\"elementor-cta__bg elementor-bg\" style=\"background-image: url(https:\/\/www.interiors-mnd.com\/wp-content\/uploads\/2023\/05\/IMG_7164-1024x683-2.jpg);\" role=\"img\" aria-label=\"IMG_7164-1024x683\"><\/div>\n\t\t\t\t<div class=\"elementor-cta__bg-overlay\"><\/div>\n\t\t\t<\/div>\n\t\t\t\t\t\t\t\t<\/a>\n\t\t\t\t\t\t<\/div>\n\t\t\t\t<\/div>\n\t\t\t\t<div class=\"elementor-element elementor-element-9d67e8d elementor-view-default elementor-widget elementor-widget-icon\" data-id=\"9d67e8d\" data-element_type=\"widget\" data-widget_type=\"icon.default\">\n\t\t\t\t<div class=\"elementor-widget-container\">\n\t\t\t\t\t\t\t<div class=\"elementor-icon-wrapper\">\n\t\t\t<a class=\"elementor-icon\" href=\"#elementor-action%3Aaction%3Dlightbox%26settings%3DeyJ0eXBlIjoidmlkZW8iLCJ2aWRlb1R5cGUiOiJ5b3V0dWJlIiwidXJsIjoiaHR0cHM6XC9cL3d3dy55b3V0dWJlLmNvbVwvZW1iZWRcLzJJbk5hNXZaZFFjP2ZlYXR1cmU9b2VtYmVkIn0%3D\">\n\t\t\t<i aria-hidden=\"true\" class=\"far fa-play-circle\"><\/i>\t\t\t<\/a>\n\t\t<\/div>\n\t\t\t\t\t\t<\/div>\n\t\t\t\t<\/div>\n\t\t\t\t\t<\/div>\n\t\t<\/div>\n\t\t\t\t<div class=\"elementor-column elementor-col-50 elementor-top-column elementor-element elementor-element-3442234\" data-id=\"3442234\" data-element_type=\"column\">\n\t\t\t<div class=\"elementor-widget-wrap elementor-element-populated\">\n\t\t\t\t\t\t<div class=\"elementor-element elementor-element-6f08b97 elementor-widget elementor-widget-heading\" data-id=\"6f08b97\" data-element_type=\"widget\" data-widget_type=\"heading.default\">\n\t\t\t\t<div class=\"elementor-widget-container\">\n\t\t\t\t\t<h3 class=\"elementor-heading-title elementor-size-default\">Montage von M\u00f6beln<\/h3>\t\t\t\t<\/div>\n\t\t\t\t<\/div>\n\t\t\t\t<div class=\"elementor-element elementor-element-dd97850 elementor-widget elementor-widget-text-editor\" data-id=\"dd97850\" data-element_type=\"widget\" data-widget_type=\"text-editor.default\">\n\t\t\t\t<div class=\"elementor-widget-container\">\n\t\t\t\t\t\t\t\t\t<p>Wir montieren nicht nur unsere eigenen M\u00f6bel, sondern die Monteure fahren schon seit mehreren Jahren in unterschiedliche L\u00e4nder, um die Regalsysteme unserer Partnerfirmen zu montieren.<\/p><p>Der Ablauf der Montage im Ausland wird immer von einem Teamleiter begleitet, der entweder <strong>Deutsch <\/strong>oder <strong>Englisch spricht<\/strong>.<\/p><p>Unsere Kollegen aus der Montageabteilung werden <strong>nicht nur regelm\u00e4\u00dfig in den neuesten Entwicklungen<\/strong> im Bereich der Befestigungstechnik und den Trends in neuen Werkzeugen geschult, sondern sind auch intern darauf geschult, Ihnen vor Ort fachkundige Hilfe anzubieten.<\/p>\t\t\t\t\t\t\t\t<\/div>\n\t\t\t\t<\/div>\n\t\t\t\t\t<\/div>\n\t\t<\/div>\n\t\t\t\t\t<\/div>\n\t\t<\/section>\n\t\t\t\t<section class=\"elementor-section elementor-top-section elementor-element elementor-element-f50cc17 elementor-section-boxed elementor-section-height-default elementor-section-height-default\" data-id=\"f50cc17\" data-element_type=\"section\" data-settings=\"{&quot;jet_parallax_layout_list&quot;:[]}\">\n\t\t\t\t\t\t<div class=\"elementor-container elementor-column-gap-default\">\n\t\t\t\t\t<div class=\"elementor-column elementor-col-50 elementor-top-column elementor-element elementor-element-be86d7b\" data-id=\"be86d7b\" data-element_type=\"column\">\n\t\t\t<div class=\"elementor-widget-wrap elementor-element-populated\">\n\t\t\t\t\t\t<div class=\"elementor-element elementor-element-0e0fbc1 elementor-widget elementor-widget-video\" data-id=\"0e0fbc1\" data-element_type=\"widget\" data-settings=\"{&quot;youtube_url&quot;:&quot;https:\\\/\\\/www.youtube.com\\\/watch?v=SSUo1HPlvJ0&quot;,&quot;start&quot;:1,&quot;mute&quot;:&quot;yes&quot;,&quot;loop&quot;:&quot;yes&quot;,&quot;video_type&quot;:&quot;youtube&quot;}\" data-widget_type=\"video.default\">\n\t\t\t\t<div class=\"elementor-widget-container\">\n\t\t\t\t\t\t\t<div class=\"elementor-wrapper elementor-open-inline\">\n\t\t\t<div class=\"elementor-video\"><\/div>\t\t<\/div>\n\t\t\t\t\t\t<\/div>\n\t\t\t\t<\/div>\n\t\t\t\t<div class=\"elementor-element elementor-element-e5d1998 elementor-view-default elementor-widget elementor-widget-icon\" data-id=\"e5d1998\" data-element_type=\"widget\" data-widget_type=\"icon.default\">\n\t\t\t\t<div class=\"elementor-widget-container\">\n\t\t\t\t\t\t\t<div class=\"elementor-icon-wrapper\">\n\t\t\t<a class=\"elementor-icon\" href=\"#elementor-action%3Aaction%3Dlightbox%26settings%3DeyJ0eXBlIjoidmlkZW8iLCJ2aWRlb1R5cGUiOiJ5b3V0dWJlIiwidXJsIjoiaHR0cHM6XC9cL3d3dy55b3V0dWJlLmNvbVwvZW1iZWRcL1NTVW8xSFBsdkowP2ZlYXR1cmU9b2VtYmVkIn0%3D\">\n\t\t\t<i aria-hidden=\"true\" class=\"far fa-play-circle\"><\/i>\t\t\t<\/a>\n\t\t<\/div>\n\t\t\t\t\t\t<\/div>\n\t\t\t\t<\/div>\n\t\t\t\t<section class=\"elementor-section elementor-inner-section elementor-element elementor-element-58e343d elementor-section-boxed elementor-section-height-default elementor-section-height-default\" data-id=\"58e343d\" data-element_type=\"section\" data-settings=\"{&quot;jet_parallax_layout_list&quot;:[]}\">\n\t\t\t\t\t\t<div class=\"elementor-container elementor-column-gap-default\">\n\t\t\t\t\t<div class=\"elementor-column elementor-col-100 elementor-inner-column elementor-element elementor-element-22f2b4e\" data-id=\"22f2b4e\" data-element_type=\"column\">\n\t\t\t<div class=\"elementor-widget-wrap\">\n\t\t\t\t\t\t\t<\/div>\n\t\t<\/div>\n\t\t\t\t\t<\/div>\n\t\t<\/section>\n\t\t\t\t\t<\/div>\n\t\t<\/div>\n\t\t\t\t<div class=\"elementor-column elementor-col-50 elementor-top-column elementor-element elementor-element-1763b26\" data-id=\"1763b26\" data-element_type=\"column\">\n\t\t\t<div class=\"elementor-widget-wrap elementor-element-populated\">\n\t\t\t\t\t\t<div class=\"elementor-element elementor-element-4d986eb elementor-widget elementor-widget-video\" data-id=\"4d986eb\" data-element_type=\"widget\" data-settings=\"{&quot;youtube_url&quot;:&quot;https:\\\/\\\/www.youtube.com\\\/watch?v=dUGhMcGq6e4&amp;t=7s&quot;,&quot;start&quot;:1,&quot;mute&quot;:&quot;yes&quot;,&quot;video_type&quot;:&quot;youtube&quot;}\" data-widget_type=\"video.default\">\n\t\t\t\t<div class=\"elementor-widget-container\">\n\t\t\t\t\t\t\t<div class=\"elementor-wrapper elementor-open-inline\">\n\t\t\t<div class=\"elementor-video\"><\/div>\t\t<\/div>\n\t\t\t\t\t\t<\/div>\n\t\t\t\t<\/div>\n\t\t\t\t<div class=\"elementor-element elementor-element-4dfa27f elementor-view-default elementor-widget elementor-widget-icon\" data-id=\"4dfa27f\" data-element_type=\"widget\" data-widget_type=\"icon.default\">\n\t\t\t\t<div class=\"elementor-widget-container\">\n\t\t\t\t\t\t\t<div class=\"elementor-icon-wrapper\">\n\t\t\t<a class=\"elementor-icon\" href=\"#elementor-action%3Aaction%3Dlightbox%26settings%3DeyJ0eXBlIjoidmlkZW8iLCJ2aWRlb1R5cGUiOiJ5b3V0dWJlIiwidXJsIjoiaHR0cHM6XC9cL3d3dy55b3V0dWJlLmNvbVwvZW1iZWRcL2RVR2hNY0dxNmU0P2ZlYXR1cmU9b2VtYmVkIn0%3D\">\n\t\t\t<i aria-hidden=\"true\" class=\"far fa-play-circle\"><\/i>\t\t\t<\/a>\n\t\t<\/div>\n\t\t\t\t\t\t<\/div>\n\t\t\t\t<\/div>\n\t\t\t\t<section class=\"elementor-section elementor-inner-section elementor-element elementor-element-2d0110e elementor-section-boxed elementor-section-height-default elementor-section-height-default\" data-id=\"2d0110e\" data-element_type=\"section\" data-settings=\"{&quot;jet_parallax_layout_list&quot;:[]}\">\n\t\t\t\t\t\t<div class=\"elementor-container elementor-column-gap-default\">\n\t\t\t\t\t<div class=\"elementor-column elementor-col-100 elementor-inner-column elementor-element elementor-element-bc969fb\" data-id=\"bc969fb\" data-element_type=\"column\">\n\t\t\t<div class=\"elementor-widget-wrap\">\n\t\t\t\t\t\t\t<\/div>\n\t\t<\/div>\n\t\t\t\t\t<\/div>\n\t\t<\/section>\n\t\t\t\t\t<\/div>\n\t\t<\/div>\n\t\t\t\t\t<\/div>\n\t\t<\/section>\n\t\t\t\t<\/div>","protected":false},"excerpt":{"rendered":"<p>Mont\u00e1\u017ee Mont\u00e1\u017ee jsou vizitkou na\u0161\u00ed spole\u010dnosti a posledn\u00edm krokem, kde bojujeme o Va\u0161i p\u0159\u00edze\u0148. Zam\u011b\u0159ujeme se na komer\u010dn\u00ed prost\u0159ed\u00ed st\u0159edn\u00edch a v\u011bt\u0161\u00edch projekt\u016f, kde je z\u00e1kladem min. 5-\u010dlenn\u00fd t\u00fdm a dle velikosti projektu jej vede jeden nebo i n\u011bkolik pro\u0161kolen\u00fdch koordin\u00e1tor\u016f. Spektrum mont\u00e1\u017e\u00ed za\u010d\u00edn\u00e1 v retailu, kde m\u00e1me letit\u00e9 zku\u0161enosti s obchody s m\u00f3dou, parfumeri\u00ed, [&hellip;]<\/p>","protected":false},"author":1,"featured_media":0,"parent":0,"menu_order":0,"comment_status":"closed","ping_status":"closed","template":"","meta":{"inline_featured_image":false,"footnotes":""},"class_list":["post-645","page","type-page","status-publish","hentry"],"yoast_head":"<!-- This site is optimized with the Yoast SEO plugin v26.3 - https:\/\/yoast.com\/wordpress\/plugins\/seo\/ -->\n<title>Mont\u00e1\u017ee | Interiors MND<\/title>\n<meta name=\"robots\" content=\"index, follow, max-snippet:-1, max-image-preview:large, max-video-preview:-1\" \/>\n<link rel=\"canonical\" href=\"https:\/\/www.interiors-mnd.com\/cs\/de\/montaze\/\" \/>\n<meta property=\"og:locale\" content=\"de_DE\" \/>\n<meta property=\"og:type\" content=\"article\" \/>\n<meta property=\"og:title\" content=\"Mont\u00e1\u017ee | Interiors MND\" \/>\n<meta property=\"og:description\" content=\"Mont\u00e1\u017ee Mont\u00e1\u017ee jsou vizitkou na\u0161\u00ed spole\u010dnosti a posledn\u00edm krokem, kde bojujeme o Va\u0161i p\u0159\u00edze\u0148. Zam\u011b\u0159ujeme se na komer\u010dn\u00ed prost\u0159ed\u00ed st\u0159edn\u00edch a v\u011bt\u0161\u00edch projekt\u016f, kde je z\u00e1kladem min. 5-\u010dlenn\u00fd t\u00fdm a dle velikosti projektu jej vede jeden nebo i n\u011bkolik pro\u0161kolen\u00fdch koordin\u00e1tor\u016f. Spektrum mont\u00e1\u017e\u00ed za\u010d\u00edn\u00e1 v retailu, kde m\u00e1me letit\u00e9 zku\u0161enosti s obchody s m\u00f3dou, parfumeri\u00ed, [&hellip;]\" \/>\n<meta property=\"og:url\" content=\"https:\/\/www.interiors-mnd.com\/cs\/de\/montaze\/\" \/>\n<meta property=\"og:site_name\" content=\"Interiors MND\" \/>\n<meta property=\"article:modified_time\" content=\"2024-04-26T12:07:50+00:00\" \/>\n<meta name=\"twitter:card\" content=\"summary_large_image\" \/>\n<meta name=\"twitter:label1\" content=\"Gesch\u00e4tzte Lesezeit\" \/>\n\t<meta name=\"twitter:data1\" content=\"2\u00a0Minuten\" \/>\n<script type=\"application\/ld+json\" class=\"yoast-schema-graph\">{\"@context\":\"https:\/\/schema.org\",\"@graph\":[{\"@type\":\"WebPage\",\"@id\":\"https:\/\/www.interiors-mnd.com\/cs\/montaze\/\",\"url\":\"https:\/\/www.interiors-mnd.com\/cs\/montaze\/\",\"name\":\"Mont\u00e1\u017ee | Interiors MND\",\"isPartOf\":{\"@id\":\"https:\/\/www.interiors-mnd.com\/cs\/#website\"},\"datePublished\":\"2023-04-20T11:40:39+00:00\",\"dateModified\":\"2024-04-26T12:07:50+00:00\",\"breadcrumb\":{\"@id\":\"https:\/\/www.interiors-mnd.com\/cs\/montaze\/#breadcrumb\"},\"inLanguage\":\"de\",\"potentialAction\":[{\"@type\":\"ReadAction\",\"target\":[\"https:\/\/www.interiors-mnd.com\/cs\/montaze\/\"]}]},{\"@type\":\"BreadcrumbList\",\"@id\":\"https:\/\/www.interiors-mnd.com\/cs\/montaze\/#breadcrumb\",\"itemListElement\":[{\"@type\":\"ListItem\",\"position\":1,\"name\":\"Dom\u016f\",\"item\":\"https:\/\/www.interiors-mnd.com\/cs\/\"},{\"@type\":\"ListItem\",\"position\":2,\"name\":\"Mont\u00e1\u017ee\"}]},{\"@type\":\"WebSite\",\"@id\":\"https:\/\/www.interiors-mnd.com\/cs\/#website\",\"url\":\"https:\/\/www.interiors-mnd.com\/cs\/\",\"name\":\"Interiors MND\",\"description\":\"Komplexn\u00ed \u0159e\u0161en\u00ed interi\u00e9r\u016f kdekoliv na sv\u011bt\u011b\",\"publisher\":{\"@id\":\"https:\/\/www.interiors-mnd.com\/cs\/#organization\"},\"potentialAction\":[{\"@type\":\"SearchAction\",\"target\":{\"@type\":\"EntryPoint\",\"urlTemplate\":\"https:\/\/www.interiors-mnd.com\/cs\/?s={search_term_string}\"},\"query-input\":{\"@type\":\"PropertyValueSpecification\",\"valueRequired\":true,\"valueName\":\"search_term_string\"}}],\"inLanguage\":\"de\"},{\"@type\":\"Organization\",\"@id\":\"https:\/\/www.interiors-mnd.com\/cs\/#organization\",\"name\":\"Interiors MND\",\"url\":\"https:\/\/www.interiors-mnd.com\/cs\/\",\"logo\":{\"@type\":\"ImageObject\",\"inLanguage\":\"de\",\"@id\":\"https:\/\/www.interiors-mnd.com\/cs\/#\/schema\/logo\/image\/\",\"url\":\"https:\/\/www.interiors-mnd.com\/wp-content\/uploads\/2023\/03\/logo.png\",\"contentUrl\":\"https:\/\/www.interiors-mnd.com\/wp-content\/uploads\/2023\/03\/logo.png\",\"width\":232,\"height\":65,\"caption\":\"Interiors MND\"},\"image\":{\"@id\":\"https:\/\/www.interiors-mnd.com\/cs\/#\/schema\/logo\/image\/\"}}]}<\/script>\n<!-- \/ Yoast SEO plugin. -->","yoast_head_json":{"title":"Mont\u00e1\u017ee | Interiors MND","robots":{"index":"index","follow":"follow","max-snippet":"max-snippet:-1","max-image-preview":"max-image-preview:large","max-video-preview":"max-video-preview:-1"},"canonical":"https:\/\/www.interiors-mnd.com\/cs\/de\/montaze\/","og_locale":"de_DE","og_type":"article","og_title":"Mont\u00e1\u017ee | Interiors MND","og_description":"Mont\u00e1\u017ee Mont\u00e1\u017ee jsou vizitkou na\u0161\u00ed spole\u010dnosti a posledn\u00edm krokem, kde bojujeme o Va\u0161i p\u0159\u00edze\u0148. Zam\u011b\u0159ujeme se na komer\u010dn\u00ed prost\u0159ed\u00ed st\u0159edn\u00edch a v\u011bt\u0161\u00edch projekt\u016f, kde je z\u00e1kladem min. 5-\u010dlenn\u00fd t\u00fdm a dle velikosti projektu jej vede jeden nebo i n\u011bkolik pro\u0161kolen\u00fdch koordin\u00e1tor\u016f. Spektrum mont\u00e1\u017e\u00ed za\u010d\u00edn\u00e1 v retailu, kde m\u00e1me letit\u00e9 zku\u0161enosti s obchody s m\u00f3dou, parfumeri\u00ed, [&hellip;]","og_url":"https:\/\/www.interiors-mnd.com\/cs\/de\/montaze\/","og_site_name":"Interiors MND","article_modified_time":"2024-04-26T12:07:50+00:00","twitter_card":"summary_large_image","twitter_misc":{"Gesch\u00e4tzte Lesezeit":"2\u00a0Minuten"},"schema":{"@context":"https:\/\/schema.org","@graph":[{"@type":"WebPage","@id":"https:\/\/www.interiors-mnd.com\/cs\/montaze\/","url":"https:\/\/www.interiors-mnd.com\/cs\/montaze\/","name":"Mont\u00e1\u017ee | Interiors MND","isPartOf":{"@id":"https:\/\/www.interiors-mnd.com\/cs\/#website"},"datePublished":"2023-04-20T11:40:39+00:00","dateModified":"2024-04-26T12:07:50+00:00","breadcrumb":{"@id":"https:\/\/www.interiors-mnd.com\/cs\/montaze\/#breadcrumb"},"inLanguage":"de","potentialAction":[{"@type":"ReadAction","target":["https:\/\/www.interiors-mnd.com\/cs\/montaze\/"]}]},{"@type":"BreadcrumbList","@id":"https:\/\/www.interiors-mnd.com\/cs\/montaze\/#breadcrumb","itemListElement":[{"@type":"ListItem","position":1,"name":"Dom\u016f","item":"https:\/\/www.interiors-mnd.com\/cs\/"},{"@type":"ListItem","position":2,"name":"Mont\u00e1\u017ee"}]},{"@type":"WebSite","@id":"https:\/\/www.interiors-mnd.com\/cs\/#website","url":"https:\/\/www.interiors-mnd.com\/cs\/","name":"Interiors MND","description":"Ganzheitliche L\u00f6sungen f\u00fcr Innenausbau weltweit","publisher":{"@id":"https:\/\/www.interiors-mnd.com\/cs\/#organization"},"potentialAction":[{"@type":"SearchAction","target":{"@type":"EntryPoint","urlTemplate":"https:\/\/www.interiors-mnd.com\/cs\/?s={search_term_string}"},"query-input":{"@type":"PropertyValueSpecification","valueRequired":true,"valueName":"search_term_string"}}],"inLanguage":"de"},{"@type":"Organization","@id":"https:\/\/www.interiors-mnd.com\/cs\/#organization","name":"Interiors MND","url":"https:\/\/www.interiors-mnd.com\/cs\/","logo":{"@type":"ImageObject","inLanguage":"de","@id":"https:\/\/www.interiors-mnd.com\/cs\/#\/schema\/logo\/image\/","url":"https:\/\/www.interiors-mnd.com\/wp-content\/uploads\/2023\/03\/logo.png","contentUrl":"https:\/\/www.interiors-mnd.com\/wp-content\/uploads\/2023\/03\/logo.png","width":232,"height":65,"caption":"Interiors MND"},"image":{"@id":"https:\/\/www.interiors-mnd.com\/cs\/#\/schema\/logo\/image\/"}}]}},"_links":{"self":[{"href":"https:\/\/www.interiors-mnd.com\/cs\/de\/wp-json\/wp\/v2\/pages\/645","targetHints":{"allow":["GET"]}}],"collection":[{"href":"https:\/\/www.interiors-mnd.com\/cs\/de\/wp-json\/wp\/v2\/pages"}],"about":[{"href":"https:\/\/www.interiors-mnd.com\/cs\/de\/wp-json\/wp\/v2\/types\/page"}],"author":[{"embeddable":true,"href":"https:\/\/www.interiors-mnd.com\/cs\/de\/wp-json\/wp\/v2\/users\/1"}],"replies":[{"embeddable":true,"href":"https:\/\/www.interiors-mnd.com\/cs\/de\/wp-json\/wp\/v2\/comments?post=645"}],"version-history":[{"count":265,"href":"https:\/\/www.interiors-mnd.com\/cs\/de\/wp-json\/wp\/v2\/pages\/645\/revisions"}],"predecessor-version":[{"id":8837,"href":"https:\/\/www.interiors-mnd.com\/cs\/de\/wp-json\/wp\/v2\/pages\/645\/revisions\/8837"}],"wp:attachment":[{"href":"https:\/\/www.interiors-mnd.com\/cs\/de\/wp-json\/wp\/v2\/media?parent=645"}],"curies":[{"name":"wp","href":"https:\/\/api.w.org\/{rel}","templated":true}]}}