{"id":639,"date":"2023-04-20T11:39:55","date_gmt":"2023-04-20T11:39:55","guid":{"rendered":"http:\/\/interiorsmnd.digitaldepo.cz.server.digitaldepo.cz\/?page_id=639"},"modified":"2023-11-20T09:17:28","modified_gmt":"2023-11-20T09:17:28","slug":"podlahy","status":"publish","type":"page","link":"https:\/\/www.interiors-mnd.com\/cs\/de\/podlahy\/","title":{"rendered":"B\u00f6den"},"content":{"rendered":"<div data-elementor-type=\"wp-page\" data-elementor-id=\"639\" class=\"elementor elementor-639\" data-elementor-post-type=\"page\">\n\t\t\t\t\t\t<section class=\"elementor-section elementor-top-section elementor-element elementor-element-9c85cb9 elementor-section-height-min-height elementor-section-items-top elementor-section-boxed elementor-section-height-default\" data-id=\"9c85cb9\" data-element_type=\"section\" data-settings=\"{&quot;background_background&quot;:&quot;classic&quot;,&quot;jet_parallax_layout_list&quot;:[]}\">\n\t\t\t\t\t\t<div class=\"elementor-container elementor-column-gap-default\">\n\t\t\t\t\t<div class=\"elementor-column elementor-col-50 elementor-top-column elementor-element elementor-element-e13b5fa\" data-id=\"e13b5fa\" data-element_type=\"column\">\n\t\t\t<div class=\"elementor-widget-wrap elementor-element-populated\">\n\t\t\t\t\t\t<div class=\"elementor-element elementor-element-99d1e3c elementor-widget elementor-widget-heading\" data-id=\"99d1e3c\" data-element_type=\"widget\" data-widget_type=\"heading.default\">\n\t\t\t\t<div class=\"elementor-widget-container\">\n\t\t\t\t\t<h1 class=\"elementor-heading-title elementor-size-default\">B\u00f6den<\/h1>\t\t\t\t<\/div>\n\t\t\t\t<\/div>\n\t\t\t\t<div class=\"elementor-element elementor-element-05a7b2f elementor-widget-divider--view-line elementor-widget elementor-widget-divider\" data-id=\"05a7b2f\" data-element_type=\"widget\" data-widget_type=\"divider.default\">\n\t\t\t\t<div class=\"elementor-widget-container\">\n\t\t\t\t\t\t\t<div class=\"elementor-divider\">\n\t\t\t<span class=\"elementor-divider-separator\">\n\t\t\t\t\t\t<\/span>\n\t\t<\/div>\n\t\t\t\t\t\t<\/div>\n\t\t\t\t<\/div>\n\t\t\t\t<div class=\"elementor-element elementor-element-dd45108 elementor-widget__width-initial elementor-widget elementor-widget-text-editor\" data-id=\"dd45108\" data-element_type=\"widget\" data-widget_type=\"text-editor.default\">\n\t\t\t\t<div class=\"elementor-widget-container\">\n\t\t\t\t\t\t\t\t\t<p>F\u00fcr eine ordnungsgem\u00e4\u00dfe Verlegung Ihres Bodenbelags ist es notwendig, nicht nur das Design des Materials auszuw\u00e4hlen, sondern auch die Qualit\u00e4t des Untergrunds zu ber\u00fccksichtigen, auf den der zuk\u00fcnftige Boden installiert werden soll. Es ist wichtig, zuk\u00fcnftigen unerw\u00fcnschten Aspekten wie Schimmel, Staub, L\u00e4rm, Knarren oder st\u00e4ndiger Feuchtigkeit unter dem Boden vorzubeugen.<\/p>\t\t\t\t\t\t\t\t<\/div>\n\t\t\t\t<\/div>\n\t\t\t\t\t<\/div>\n\t\t<\/div>\n\t\t\t\t<div class=\"elementor-column elementor-col-50 elementor-top-column elementor-element elementor-element-b081ded elementor-hidden-mobile\" data-id=\"b081ded\" data-element_type=\"column\" data-settings=\"{&quot;background_background&quot;:&quot;classic&quot;}\">\n\t\t\t<div class=\"elementor-widget-wrap elementor-element-populated\">\n\t\t\t\t\t\t<div class=\"elementor-element elementor-element-e3123b1 elementor-widget__width-initial elementor-widget elementor-widget-image\" data-id=\"e3123b1\" data-element_type=\"widget\" data-widget_type=\"image.default\">\n\t\t\t\t<div class=\"elementor-widget-container\">\n\t\t\t\t\t\t\t\t\t\t\t\t\t\t\t<img fetchpriority=\"high\" decoding=\"async\" width=\"1280\" height=\"720\" src=\"https:\/\/www.interiors-mnd.com\/wp-content\/uploads\/2023\/05\/maxresdefault-16.jpeg\" class=\"attachment-full size-full wp-image-1033\" alt=\"\" srcset=\"https:\/\/www.interiors-mnd.com\/wp-content\/uploads\/2023\/05\/maxresdefault-16.jpeg 1280w, https:\/\/www.interiors-mnd.com\/wp-content\/uploads\/2023\/05\/maxresdefault-16-300x169.jpeg 300w, https:\/\/www.interiors-mnd.com\/wp-content\/uploads\/2023\/05\/maxresdefault-16-1024x576.jpeg 1024w, https:\/\/www.interiors-mnd.com\/wp-content\/uploads\/2023\/05\/maxresdefault-16-768x432.jpeg 768w\" sizes=\"(max-width: 1280px) 100vw, 1280px\" \/>\t\t\t\t\t\t\t\t\t\t\t\t\t\t\t<\/div>\n\t\t\t\t<\/div>\n\t\t\t\t\t<\/div>\n\t\t<\/div>\n\t\t\t\t\t<\/div>\n\t\t<\/section>\n\t\t\t\t<section class=\"elementor-section elementor-top-section elementor-element elementor-element-bca26a9 elementor-section-boxed elementor-section-height-default elementor-section-height-default\" data-id=\"bca26a9\" data-element_type=\"section\" data-settings=\"{&quot;jet_parallax_layout_list&quot;:[]}\">\n\t\t\t\t\t\t<div class=\"elementor-container elementor-column-gap-default\">\n\t\t\t\t\t<div class=\"elementor-column elementor-col-50 elementor-top-column elementor-element elementor-element-b5004ce\" data-id=\"b5004ce\" data-element_type=\"column\">\n\t\t\t<div class=\"elementor-widget-wrap elementor-element-populated\">\n\t\t\t\t\t\t<div class=\"elementor-element elementor-element-bf2b176 elementor-cta--valign-middle elementor-cta--layout-image-above elementor-widget-tablet__width-initial elementor-cta--skin-classic elementor-bg-transform elementor-bg-transform-zoom-in elementor-widget elementor-widget-call-to-action\" data-id=\"bf2b176\" data-element_type=\"widget\" data-widget_type=\"call-to-action.default\">\n\t\t\t\t<div class=\"elementor-widget-container\">\n\t\t\t\t\t\t\t<div class=\"elementor-cta\">\n\t\t\t\t\t<div class=\"elementor-cta__bg-wrapper\">\n\t\t\t\t<div class=\"elementor-cta__bg elementor-bg\" style=\"background-image: url(https:\/\/www.interiors-mnd.com\/wp-content\/uploads\/2023\/05\/plovouci\u0301.jpeg);\" role=\"img\" aria-label=\"plovouci\u0301\"><\/div>\n\t\t\t\t<div class=\"elementor-cta__bg-overlay\"><\/div>\n\t\t\t<\/div>\n\t\t\t\t\t\t\t\t<\/div>\n\t\t\t\t\t\t<\/div>\n\t\t\t\t<\/div>\n\t\t\t\t\t<\/div>\n\t\t<\/div>\n\t\t\t\t<div class=\"elementor-column elementor-col-50 elementor-top-column elementor-element elementor-element-6f8a62c\" data-id=\"6f8a62c\" data-element_type=\"column\">\n\t\t\t<div class=\"elementor-widget-wrap elementor-element-populated\">\n\t\t\t\t\t\t<div class=\"elementor-element elementor-element-6413236 elementor-widget elementor-widget-heading\" data-id=\"6413236\" data-element_type=\"widget\" data-widget_type=\"heading.default\">\n\t\t\t\t<div class=\"elementor-widget-container\">\n\t\t\t\t\t<h2 class=\"elementor-heading-title elementor-size-default\">Schwimmende B\u00f6den<\/h2>\t\t\t\t<\/div>\n\t\t\t\t<\/div>\n\t\t\t\t<div class=\"elementor-element elementor-element-8891bf0 elementor-widget elementor-widget-text-editor\" data-id=\"8891bf0\" data-element_type=\"widget\" data-widget_type=\"text-editor.default\">\n\t\t\t\t<div class=\"elementor-widget-container\">\n\t\t\t\t\t\t\t\t\t<p>Ein schwimmender Boden ist ein Typ von Fertigboden, der eine Schalld\u00e4mmungsschicht enth\u00e4lt. Er eignet sich besonders gut f\u00fcr Wohnungen oder verschiedene Arten von B\u00fcros. Es kann sich um schwimmende B\u00f6den wie Laminat, Holz, Furnier, Kork oder Linoleum handeln. Die leichte Variante wird auf einem Holzuntergrund verlegt, die schwere auf einem Betonuntergrund.<br \/>Ein gro\u00dfer Vorteil schwimmender B\u00f6den ist die Schalld\u00e4mmung und die schnelle und saubere Verlegung. Sie ist auch gesundheitlich unbedenklich, leicht zu pflegen und der Preis ist g\u00fcnstig. Es eignet sich jedoch nicht f\u00fcr feuchte R\u00e4ume oder Bereiche mit h\u00e4ufigen Temperaturschwankungen.<\/p>\t\t\t\t\t\t\t\t<\/div>\n\t\t\t\t<\/div>\n\t\t\t\t\t<\/div>\n\t\t<\/div>\n\t\t\t\t\t<\/div>\n\t\t<\/section>\n\t\t\t\t<section class=\"elementor-section elementor-top-section elementor-element elementor-element-b45d17a elementor-section-boxed elementor-section-height-default elementor-section-height-default\" data-id=\"b45d17a\" data-element_type=\"section\" data-settings=\"{&quot;jet_parallax_layout_list&quot;:[]}\">\n\t\t\t\t\t\t<div class=\"elementor-container elementor-column-gap-default\">\n\t\t\t\t\t<div class=\"elementor-column elementor-col-50 elementor-top-column elementor-element elementor-element-ae6a563\" data-id=\"ae6a563\" data-element_type=\"column\">\n\t\t\t<div class=\"elementor-widget-wrap elementor-element-populated\">\n\t\t\t\t\t\t<div class=\"elementor-element elementor-element-22b50a7 elementor-cta--valign-middle elementor-cta--layout-image-above elementor-widget-tablet__width-initial elementor-cta--skin-classic elementor-bg-transform elementor-bg-transform-zoom-in elementor-widget elementor-widget-call-to-action\" data-id=\"22b50a7\" data-element_type=\"widget\" data-widget_type=\"call-to-action.default\">\n\t\t\t\t<div class=\"elementor-widget-container\">\n\t\t\t\t\t\t\t<div class=\"elementor-cta\">\n\t\t\t\t\t<div class=\"elementor-cta__bg-wrapper\">\n\t\t\t\t<div class=\"elementor-cta__bg elementor-bg\" style=\"background-image: url(https:\/\/www.interiors-mnd.com\/wp-content\/uploads\/2023\/05\/vinyl.jpeg);\" role=\"img\" aria-label=\"vinyl\"><\/div>\n\t\t\t\t<div class=\"elementor-cta__bg-overlay\"><\/div>\n\t\t\t<\/div>\n\t\t\t\t\t\t\t\t<\/div>\n\t\t\t\t\t\t<\/div>\n\t\t\t\t<\/div>\n\t\t\t\t\t<\/div>\n\t\t<\/div>\n\t\t\t\t<div class=\"elementor-column elementor-col-50 elementor-top-column elementor-element elementor-element-3eeb9d6\" data-id=\"3eeb9d6\" data-element_type=\"column\">\n\t\t\t<div class=\"elementor-widget-wrap elementor-element-populated\">\n\t\t\t\t\t\t<div class=\"elementor-element elementor-element-2d02a66 elementor-widget elementor-widget-heading\" data-id=\"2d02a66\" data-element_type=\"widget\" data-widget_type=\"heading.default\">\n\t\t\t\t<div class=\"elementor-widget-container\">\n\t\t\t\t\t<h2 class=\"elementor-heading-title elementor-size-default\">Vinylb\u00f6den<\/h2>\t\t\t\t<\/div>\n\t\t\t\t<\/div>\n\t\t\t\t<div class=\"elementor-element elementor-element-2714606 elementor-widget elementor-widget-text-editor\" data-id=\"2714606\" data-element_type=\"widget\" data-widget_type=\"text-editor.default\">\n\t\t\t\t<div class=\"elementor-widget-container\">\n\t\t\t\t\t\t\t\t\t<p>Vinyl ist ein praktisches Material, das in vielen F\u00e4llen eine sehr genaue Imitation von Holz oder Stein bietet. Dieser muss erst ber\u00fchrt werden, um zu erkennen, dass es sich um einen Vinylboden handelt. Aufgrund seiner Widerstandsf\u00e4higkeit, seines Aussehens und des g\u00fcnstigen Preises, geh\u00f6rt dieser aktuell zu den beliebtesten Bodenbel\u00e4gen. Auf Vinylb\u00f6den kann eine Polyurethan-basierte Schutzschicht aufgetragen werden, die die Widerstandsf\u00e4higkeit erh\u00f6ht und vor Kratzern sch\u00fctzt. Vinyl kann problemlos im Badezimmer, in der K\u00fcche oder im Flur verwendet werden. Im Allgemeinen ist ein Vinylboden f\u00fcr Benutzer gedacht, die minimalen Aufwand f\u00fcr die Bodenpflege betreiben m\u00f6chten.<\/p>\t\t\t\t\t\t\t\t<\/div>\n\t\t\t\t<\/div>\n\t\t\t\t\t<\/div>\n\t\t<\/div>\n\t\t\t\t\t<\/div>\n\t\t<\/section>\n\t\t\t\t<section class=\"elementor-section elementor-top-section elementor-element elementor-element-c430027 elementor-section-boxed elementor-section-height-default elementor-section-height-default\" data-id=\"c430027\" data-element_type=\"section\" data-settings=\"{&quot;jet_parallax_layout_list&quot;:[]}\">\n\t\t\t\t\t\t<div class=\"elementor-container elementor-column-gap-default\">\n\t\t\t\t\t<div class=\"elementor-column elementor-col-50 elementor-top-column elementor-element elementor-element-cdae6d4\" data-id=\"cdae6d4\" data-element_type=\"column\">\n\t\t\t<div class=\"elementor-widget-wrap elementor-element-populated\">\n\t\t\t\t\t\t<div class=\"elementor-element elementor-element-23a2d05 elementor-cta--valign-middle elementor-cta--layout-image-above elementor-widget-tablet__width-initial elementor-cta--skin-classic elementor-bg-transform elementor-bg-transform-zoom-in elementor-widget elementor-widget-call-to-action\" data-id=\"23a2d05\" data-element_type=\"widget\" data-widget_type=\"call-to-action.default\">\n\t\t\t\t<div class=\"elementor-widget-container\">\n\t\t\t\t\t\t\t<div class=\"elementor-cta\">\n\t\t\t\t\t<div class=\"elementor-cta__bg-wrapper\">\n\t\t\t\t<div class=\"elementor-cta__bg elementor-bg\" style=\"background-image: url(https:\/\/www.interiors-mnd.com\/wp-content\/uploads\/2023\/05\/dr\u030ceve\u030cna\u0301.jpeg);\" role=\"img\" aria-label=\"dr\u030ceve\u030cna\u0301\"><\/div>\n\t\t\t\t<div class=\"elementor-cta__bg-overlay\"><\/div>\n\t\t\t<\/div>\n\t\t\t\t\t\t\t\t<\/div>\n\t\t\t\t\t\t<\/div>\n\t\t\t\t<\/div>\n\t\t\t\t\t<\/div>\n\t\t<\/div>\n\t\t\t\t<div class=\"elementor-column elementor-col-50 elementor-top-column elementor-element elementor-element-4676895\" data-id=\"4676895\" data-element_type=\"column\">\n\t\t\t<div class=\"elementor-widget-wrap elementor-element-populated\">\n\t\t\t\t\t\t<div class=\"elementor-element elementor-element-86513dc elementor-widget elementor-widget-heading\" data-id=\"86513dc\" data-element_type=\"widget\" data-widget_type=\"heading.default\">\n\t\t\t\t<div class=\"elementor-widget-container\">\n\t\t\t\t\t<h2 class=\"elementor-heading-title elementor-size-default\">Holzb\u00f6den\n<\/h2>\t\t\t\t<\/div>\n\t\t\t\t<\/div>\n\t\t\t\t<div class=\"elementor-element elementor-element-41cc8f0 elementor-widget elementor-widget-text-editor\" data-id=\"41cc8f0\" data-element_type=\"widget\" data-widget_type=\"text-editor.default\">\n\t\t\t\t<div class=\"elementor-widget-container\">\n\t\t\t\t\t\t\t\t\t<p>Hervorragende mechanische und isolierende Eigenschaften, aber vor allem die F\u00e4higkeit zur wiederholten Renovierung, machen Holzb\u00f6den zu einer wirtschaftlichen vorteilhaften L\u00f6sung, f\u00fcr alle die einen Boden nicht nur als kurzfristige Modeerscheinung f\u00fcr einige Jahre betrachten, sondern sich ein Leben lang daran erfreuen m\u00f6chten und ihn in perfektem Zustand an nachfolgende Generationen weitergeben m\u00f6chten.<\/p>\t\t\t\t\t\t\t\t<\/div>\n\t\t\t\t<\/div>\n\t\t\t\t\t<\/div>\n\t\t<\/div>\n\t\t\t\t\t<\/div>\n\t\t<\/section>\n\t\t\t\t<section class=\"elementor-section elementor-top-section elementor-element elementor-element-1b1c1ac elementor-section-boxed elementor-section-height-default elementor-section-height-default\" data-id=\"1b1c1ac\" data-element_type=\"section\" data-settings=\"{&quot;jet_parallax_layout_list&quot;:[]}\">\n\t\t\t\t\t\t<div class=\"elementor-container elementor-column-gap-default\">\n\t\t\t\t\t<div class=\"elementor-column elementor-col-50 elementor-top-column elementor-element elementor-element-d28dc51\" data-id=\"d28dc51\" data-element_type=\"column\">\n\t\t\t<div class=\"elementor-widget-wrap elementor-element-populated\">\n\t\t\t\t\t\t<div class=\"elementor-element elementor-element-9e2d96a elementor-cta--valign-middle elementor-cta--layout-image-above elementor-widget-tablet__width-initial elementor-cta--skin-classic elementor-bg-transform elementor-bg-transform-zoom-in elementor-widget elementor-widget-call-to-action\" data-id=\"9e2d96a\" data-element_type=\"widget\" data-widget_type=\"call-to-action.default\">\n\t\t\t\t<div class=\"elementor-widget-container\">\n\t\t\t\t\t\t\t<div class=\"elementor-cta\">\n\t\t\t\t\t<div class=\"elementor-cta__bg-wrapper\">\n\t\t\t\t<div class=\"elementor-cta__bg elementor-bg\" style=\"background-image: url(https:\/\/www.interiors-mnd.com\/wp-content\/uploads\/2023\/05\/a2794fe8-5cbb-4875-9d6e-59d83b9420ee-1.jpg);\" role=\"img\" aria-label=\"a2794fe8-5cbb-4875-9d6e-59d83b9420ee\"><\/div>\n\t\t\t\t<div class=\"elementor-cta__bg-overlay\"><\/div>\n\t\t\t<\/div>\n\t\t\t\t\t\t\t\t<\/div>\n\t\t\t\t\t\t<\/div>\n\t\t\t\t<\/div>\n\t\t\t\t\t<\/div>\n\t\t<\/div>\n\t\t\t\t<div class=\"elementor-column elementor-col-50 elementor-top-column elementor-element elementor-element-6f8d1e4\" data-id=\"6f8d1e4\" data-element_type=\"column\">\n\t\t\t<div class=\"elementor-widget-wrap elementor-element-populated\">\n\t\t\t\t\t\t<div class=\"elementor-element elementor-element-57c5dd4 elementor-widget elementor-widget-heading\" data-id=\"57c5dd4\" data-element_type=\"widget\" data-widget_type=\"heading.default\">\n\t\t\t\t<div class=\"elementor-widget-container\">\n\t\t\t\t\t<h2 class=\"elementor-heading-title elementor-size-default\">Teppiche<\/h2>\t\t\t\t<\/div>\n\t\t\t\t<\/div>\n\t\t\t\t<div class=\"elementor-element elementor-element-65d6ecb elementor-widget elementor-widget-text-editor\" data-id=\"65d6ecb\" data-element_type=\"widget\" data-widget_type=\"text-editor.default\">\n\t\t\t\t<div class=\"elementor-widget-container\">\n\t\t\t\t\t\t\t\t\t<p>Teppich ist ein traditioneller Bodenbelag, der die Vorstellungen von komfortablem Wohnen mit relativ geringen Kosten und schneller Verlegung gerecht wird.<\/p><p>Teppich kann als durchg\u00e4ngiger Bodenbelag oder als dekoratives und funktionales Zubeh\u00f6r f\u00fcr herk\u00f6mmliche B\u00f6den erworben werden.<\/p><p><strong>Wohnzimmer-Teppiche\u00a0<\/strong>- f\u00fcr Wohnr\u00e4ume mit geringer Belastung.<\/p><p><strong>Belastbare Teppiche<\/strong>\u00a0- f\u00fcr den intensiven Gebrauch - B\u00fcros, Unternehmen, Hotels, Restaurants usw.<\/p>\t\t\t\t\t\t\t\t<\/div>\n\t\t\t\t<\/div>\n\t\t\t\t\t<\/div>\n\t\t<\/div>\n\t\t\t\t\t<\/div>\n\t\t<\/section>\n\t\t\t\t<\/div>","protected":false},"excerpt":{"rendered":"<p>Podlahy Pro spr\u00e1vnou pokl\u00e1dku Va\u0161\u00ed podlahov\u00e9 krytiny je nutn\u00e9 vybrat nejen design materi\u00e1lu, ale je pot\u0159eba vid\u011bt i kvalitu podkladu, na kter\u00fd m\u00e1 b\u00fdt budouc\u00ed podlaha nainstalov\u00e1na. D\u016fle\u017eit\u00e9 je zabr\u00e1nit budouc\u00edm ne\u017e\u00e1douc\u00edm aspekt\u016fm, jako jsou pl\u00edsn\u011b, pra\u0161nost, hlu\u010dnost, vrz\u00e1n\u00ed \u010di neust\u00e1l\u00e1 vlhkost pod podlahou. Plovouc\u00ed podlahy Plovouc\u00ed podlaha je typ skl\u00e1dan\u00e9 podlahy, kter\u00e1 v sob\u011b [&hellip;]<\/p>\n","protected":false},"author":1,"featured_media":0,"parent":0,"menu_order":0,"comment_status":"closed","ping_status":"closed","template":"","meta":{"inline_featured_image":false,"footnotes":""},"class_list":["post-639","page","type-page","status-publish","hentry"],"yoast_head":"<!-- This site is optimized with the Yoast SEO plugin v27.3 - https:\/\/yoast.com\/product\/yoast-seo-wordpress\/ -->\n<title>Podlahy | Interiors MND<\/title>\n<meta name=\"robots\" content=\"index, follow, max-snippet:-1, max-image-preview:large, max-video-preview:-1\" \/>\n<link rel=\"canonical\" href=\"https:\/\/www.interiors-mnd.com\/cs\/de\/podlahy\/\" \/>\n<meta property=\"og:locale\" content=\"de_DE\" \/>\n<meta property=\"og:type\" content=\"article\" \/>\n<meta property=\"og:title\" content=\"Podlahy | Interiors MND\" \/>\n<meta property=\"og:description\" content=\"Podlahy Pro spr\u00e1vnou pokl\u00e1dku Va\u0161\u00ed podlahov\u00e9 krytiny je nutn\u00e9 vybrat nejen design materi\u00e1lu, ale je pot\u0159eba vid\u011bt i kvalitu podkladu, na kter\u00fd m\u00e1 b\u00fdt budouc\u00ed podlaha nainstalov\u00e1na. D\u016fle\u017eit\u00e9 je zabr\u00e1nit budouc\u00edm ne\u017e\u00e1douc\u00edm aspekt\u016fm, jako jsou pl\u00edsn\u011b, pra\u0161nost, hlu\u010dnost, vrz\u00e1n\u00ed \u010di neust\u00e1l\u00e1 vlhkost pod podlahou. Plovouc\u00ed podlahy Plovouc\u00ed podlaha je typ skl\u00e1dan\u00e9 podlahy, kter\u00e1 v sob\u011b [&hellip;]\" \/>\n<meta property=\"og:url\" content=\"https:\/\/www.interiors-mnd.com\/cs\/de\/podlahy\/\" \/>\n<meta property=\"og:site_name\" content=\"Interiors MND\" \/>\n<meta property=\"article:modified_time\" content=\"2023-11-20T09:17:28+00:00\" \/>\n<meta property=\"og:image\" content=\"https:\/\/www.interiors-mnd.com\/wp-content\/uploads\/2023\/05\/maxresdefault-16.jpeg\" \/>\n<meta name=\"twitter:card\" content=\"summary_large_image\" \/>\n<meta name=\"twitter:label1\" content=\"Gesch\u00e4tzte Lesezeit\" \/>\n\t<meta name=\"twitter:data1\" content=\"2\u00a0Minuten\" \/>\n<script type=\"application\/ld+json\" class=\"yoast-schema-graph\">{\"@context\":\"https:\\\/\\\/schema.org\",\"@graph\":[{\"@type\":\"WebPage\",\"@id\":\"https:\\\/\\\/www.interiors-mnd.com\\\/cs\\\/podlahy\\\/\",\"url\":\"https:\\\/\\\/www.interiors-mnd.com\\\/cs\\\/podlahy\\\/\",\"name\":\"Podlahy | Interiors MND\",\"isPartOf\":{\"@id\":\"https:\\\/\\\/www.interiors-mnd.com\\\/cs\\\/#website\"},\"primaryImageOfPage\":{\"@id\":\"https:\\\/\\\/www.interiors-mnd.com\\\/cs\\\/podlahy\\\/#primaryimage\"},\"image\":{\"@id\":\"https:\\\/\\\/www.interiors-mnd.com\\\/cs\\\/podlahy\\\/#primaryimage\"},\"thumbnailUrl\":\"https:\\\/\\\/www.interiors-mnd.com\\\/wp-content\\\/uploads\\\/2023\\\/05\\\/maxresdefault-16.jpeg\",\"datePublished\":\"2023-04-20T11:39:55+00:00\",\"dateModified\":\"2023-11-20T09:17:28+00:00\",\"breadcrumb\":{\"@id\":\"https:\\\/\\\/www.interiors-mnd.com\\\/cs\\\/podlahy\\\/#breadcrumb\"},\"inLanguage\":\"de\",\"potentialAction\":[{\"@type\":\"ReadAction\",\"target\":[\"https:\\\/\\\/www.interiors-mnd.com\\\/cs\\\/podlahy\\\/\"]}]},{\"@type\":\"ImageObject\",\"inLanguage\":\"de\",\"@id\":\"https:\\\/\\\/www.interiors-mnd.com\\\/cs\\\/podlahy\\\/#primaryimage\",\"url\":\"https:\\\/\\\/www.interiors-mnd.com\\\/wp-content\\\/uploads\\\/2023\\\/05\\\/maxresdefault-16.jpeg\",\"contentUrl\":\"https:\\\/\\\/www.interiors-mnd.com\\\/wp-content\\\/uploads\\\/2023\\\/05\\\/maxresdefault-16.jpeg\"},{\"@type\":\"BreadcrumbList\",\"@id\":\"https:\\\/\\\/www.interiors-mnd.com\\\/cs\\\/podlahy\\\/#breadcrumb\",\"itemListElement\":[{\"@type\":\"ListItem\",\"position\":1,\"name\":\"Dom\u016f\",\"item\":\"https:\\\/\\\/www.interiors-mnd.com\\\/cs\\\/\"},{\"@type\":\"ListItem\",\"position\":2,\"name\":\"Podlahy\"}]},{\"@type\":\"WebSite\",\"@id\":\"https:\\\/\\\/www.interiors-mnd.com\\\/cs\\\/#website\",\"url\":\"https:\\\/\\\/www.interiors-mnd.com\\\/cs\\\/\",\"name\":\"Interiors MND\",\"description\":\"Komplexn\u00ed \u0159e\u0161en\u00ed interi\u00e9r\u016f kdekoliv na sv\u011bt\u011b\",\"publisher\":{\"@id\":\"https:\\\/\\\/www.interiors-mnd.com\\\/cs\\\/#organization\"},\"potentialAction\":[{\"@type\":\"SearchAction\",\"target\":{\"@type\":\"EntryPoint\",\"urlTemplate\":\"https:\\\/\\\/www.interiors-mnd.com\\\/cs\\\/?s={search_term_string}\"},\"query-input\":{\"@type\":\"PropertyValueSpecification\",\"valueRequired\":true,\"valueName\":\"search_term_string\"}}],\"inLanguage\":\"de\"},{\"@type\":\"Organization\",\"@id\":\"https:\\\/\\\/www.interiors-mnd.com\\\/cs\\\/#organization\",\"name\":\"Interiors MND\",\"url\":\"https:\\\/\\\/www.interiors-mnd.com\\\/cs\\\/\",\"logo\":{\"@type\":\"ImageObject\",\"inLanguage\":\"de\",\"@id\":\"https:\\\/\\\/www.interiors-mnd.com\\\/cs\\\/#\\\/schema\\\/logo\\\/image\\\/\",\"url\":\"https:\\\/\\\/www.interiors-mnd.com\\\/wp-content\\\/uploads\\\/2023\\\/03\\\/logo.png\",\"contentUrl\":\"https:\\\/\\\/www.interiors-mnd.com\\\/wp-content\\\/uploads\\\/2023\\\/03\\\/logo.png\",\"width\":232,\"height\":65,\"caption\":\"Interiors MND\"},\"image\":{\"@id\":\"https:\\\/\\\/www.interiors-mnd.com\\\/cs\\\/#\\\/schema\\\/logo\\\/image\\\/\"}}]}<\/script>\n<!-- \/ Yoast SEO plugin. -->","yoast_head_json":{"title":"Podlahy | Interiors MND","robots":{"index":"index","follow":"follow","max-snippet":"max-snippet:-1","max-image-preview":"max-image-preview:large","max-video-preview":"max-video-preview:-1"},"canonical":"https:\/\/www.interiors-mnd.com\/cs\/de\/podlahy\/","og_locale":"de_DE","og_type":"article","og_title":"Podlahy | Interiors MND","og_description":"Podlahy Pro spr\u00e1vnou pokl\u00e1dku Va\u0161\u00ed podlahov\u00e9 krytiny je nutn\u00e9 vybrat nejen design materi\u00e1lu, ale je pot\u0159eba vid\u011bt i kvalitu podkladu, na kter\u00fd m\u00e1 b\u00fdt budouc\u00ed podlaha nainstalov\u00e1na. D\u016fle\u017eit\u00e9 je zabr\u00e1nit budouc\u00edm ne\u017e\u00e1douc\u00edm aspekt\u016fm, jako jsou pl\u00edsn\u011b, pra\u0161nost, hlu\u010dnost, vrz\u00e1n\u00ed \u010di neust\u00e1l\u00e1 vlhkost pod podlahou. Plovouc\u00ed podlahy Plovouc\u00ed podlaha je typ skl\u00e1dan\u00e9 podlahy, kter\u00e1 v sob\u011b [&hellip;]","og_url":"https:\/\/www.interiors-mnd.com\/cs\/de\/podlahy\/","og_site_name":"Interiors MND","article_modified_time":"2023-11-20T09:17:28+00:00","og_image":[{"url":"https:\/\/www.interiors-mnd.com\/wp-content\/uploads\/2023\/05\/maxresdefault-16.jpeg","type":"","width":"","height":""}],"twitter_card":"summary_large_image","twitter_misc":{"Gesch\u00e4tzte Lesezeit":"2\u00a0Minuten"},"schema":{"@context":"https:\/\/schema.org","@graph":[{"@type":"WebPage","@id":"https:\/\/www.interiors-mnd.com\/cs\/podlahy\/","url":"https:\/\/www.interiors-mnd.com\/cs\/podlahy\/","name":"Podlahy | Interiors MND","isPartOf":{"@id":"https:\/\/www.interiors-mnd.com\/cs\/#website"},"primaryImageOfPage":{"@id":"https:\/\/www.interiors-mnd.com\/cs\/podlahy\/#primaryimage"},"image":{"@id":"https:\/\/www.interiors-mnd.com\/cs\/podlahy\/#primaryimage"},"thumbnailUrl":"https:\/\/www.interiors-mnd.com\/wp-content\/uploads\/2023\/05\/maxresdefault-16.jpeg","datePublished":"2023-04-20T11:39:55+00:00","dateModified":"2023-11-20T09:17:28+00:00","breadcrumb":{"@id":"https:\/\/www.interiors-mnd.com\/cs\/podlahy\/#breadcrumb"},"inLanguage":"de","potentialAction":[{"@type":"ReadAction","target":["https:\/\/www.interiors-mnd.com\/cs\/podlahy\/"]}]},{"@type":"ImageObject","inLanguage":"de","@id":"https:\/\/www.interiors-mnd.com\/cs\/podlahy\/#primaryimage","url":"https:\/\/www.interiors-mnd.com\/wp-content\/uploads\/2023\/05\/maxresdefault-16.jpeg","contentUrl":"https:\/\/www.interiors-mnd.com\/wp-content\/uploads\/2023\/05\/maxresdefault-16.jpeg"},{"@type":"BreadcrumbList","@id":"https:\/\/www.interiors-mnd.com\/cs\/podlahy\/#breadcrumb","itemListElement":[{"@type":"ListItem","position":1,"name":"Dom\u016f","item":"https:\/\/www.interiors-mnd.com\/cs\/"},{"@type":"ListItem","position":2,"name":"Podlahy"}]},{"@type":"WebSite","@id":"https:\/\/www.interiors-mnd.com\/cs\/#website","url":"https:\/\/www.interiors-mnd.com\/cs\/","name":"Interiors MND","description":"Ganzheitliche L\u00f6sungen f\u00fcr Innenausbau weltweit","publisher":{"@id":"https:\/\/www.interiors-mnd.com\/cs\/#organization"},"potentialAction":[{"@type":"SearchAction","target":{"@type":"EntryPoint","urlTemplate":"https:\/\/www.interiors-mnd.com\/cs\/?s={search_term_string}"},"query-input":{"@type":"PropertyValueSpecification","valueRequired":true,"valueName":"search_term_string"}}],"inLanguage":"de"},{"@type":"Organization","@id":"https:\/\/www.interiors-mnd.com\/cs\/#organization","name":"Interiors MND","url":"https:\/\/www.interiors-mnd.com\/cs\/","logo":{"@type":"ImageObject","inLanguage":"de","@id":"https:\/\/www.interiors-mnd.com\/cs\/#\/schema\/logo\/image\/","url":"https:\/\/www.interiors-mnd.com\/wp-content\/uploads\/2023\/03\/logo.png","contentUrl":"https:\/\/www.interiors-mnd.com\/wp-content\/uploads\/2023\/03\/logo.png","width":232,"height":65,"caption":"Interiors MND"},"image":{"@id":"https:\/\/www.interiors-mnd.com\/cs\/#\/schema\/logo\/image\/"}}]}},"_links":{"self":[{"href":"https:\/\/www.interiors-mnd.com\/cs\/de\/wp-json\/wp\/v2\/pages\/639","targetHints":{"allow":["GET"]}}],"collection":[{"href":"https:\/\/www.interiors-mnd.com\/cs\/de\/wp-json\/wp\/v2\/pages"}],"about":[{"href":"https:\/\/www.interiors-mnd.com\/cs\/de\/wp-json\/wp\/v2\/types\/page"}],"author":[{"embeddable":true,"href":"https:\/\/www.interiors-mnd.com\/cs\/de\/wp-json\/wp\/v2\/users\/1"}],"replies":[{"embeddable":true,"href":"https:\/\/www.interiors-mnd.com\/cs\/de\/wp-json\/wp\/v2\/comments?post=639"}],"version-history":[{"count":100,"href":"https:\/\/www.interiors-mnd.com\/cs\/de\/wp-json\/wp\/v2\/pages\/639\/revisions"}],"predecessor-version":[{"id":8307,"href":"https:\/\/www.interiors-mnd.com\/cs\/de\/wp-json\/wp\/v2\/pages\/639\/revisions\/8307"}],"wp:attachment":[{"href":"https:\/\/www.interiors-mnd.com\/cs\/de\/wp-json\/wp\/v2\/media?parent=639"}],"curies":[{"name":"wp","href":"https:\/\/api.w.org\/{rel}","templated":true}]}}